{"id":11,"date":"2025-01-12T21:28:39","date_gmt":"2025-01-12T20:28:39","guid":{"rendered":"https:\/\/www.tvorrukama.cz\/?page_id=11"},"modified":"2025-04-12T21:48:11","modified_gmt":"2025-04-12T19:48:11","slug":"o-nas","status":"publish","type":"page","link":"https:\/\/www.tvorrukama.cz\/?page_id=11","title":{"rendered":"O N\u00e1s"},"content":{"rendered":"<p>Ahoj, jmenuji se Yv\u010da!<\/p><div class=\"wp-block-columns is-layout-flex wp-container-core-columns-is-layout-9d6595d7 wp-block-columns-is-layout-flex\"><div class=\"wp-block-column is-vertically-aligned-center is-layout-flow wp-block-column-is-layout-flow\" style=\"flex-basis:66.66%\"><p class=\"has-text-align-left\">Jsem maminkou dvou zv\u00eddav\u00fdch mal\u00fdch kluk\u016f, se kter\u00fdmi jsem aktu\u00e1ln\u011b na rodi\u010dovsk\u00e9 dovolen\u00e9. A pr\u00e1v\u011b s&nbsp;t\u00edm star\u0161\u00edm z&nbsp;nich vznikl n\u00e1pad na tvorbu kreativn\u00edch krabi\u010dek. Kdyby mohl, tvo\u0159il by t\u0159eba ka\u017ed\u00fd den. I j\u00e1 miluji tvo\u0159en\u00ed a r\u016fzn\u00e9 kreativn\u00ed projekty, a tak jsem si myslela, \u017ee pou\u0161t\u011bt se do spole\u010dn\u00fdch tvo\u0159iv\u00fdch aktivit pro n\u00e1s bude jednoduch\u00e9. Ale nar\u00e1\u017eeli jsme na realitu, kdy je t\u0159eba nejd\u0159\u00edve vymyslet, co vlastn\u011b vyr\u00e1b\u011bt, n\u00e1sledn\u011b nakoupit pot\u0159ebn\u00e9 materi\u00e1ly (\u010dasto ve zbyte\u010dn\u011b velk\u00e9m mno\u017estv\u00ed a z&nbsp;n\u011bkolika r\u016fzn\u00fdch obchod\u016f), \u010dekat na jeho doru\u010den\u00ed, p\u0159ipravit materi\u00e1ly pro konkr\u00e9tn\u00ed tvo\u0159en\u00ed,\u2026 No a po tom v\u0161em (pokud jsme to v\u016fbec zvl\u00e1dli zrealizovat) ji\u017e \u010dasto nezb\u00fdval dostatek \u010dasu a energie u\u017e\u00edt si samotn\u00e9 vyr\u00e1b\u011bn\u00ed. Kdy\u017e do na\u0161\u00ed rodiny p\u0159ibyl mlad\u0161\u00ed syn bylo to o to komplikovan\u011bj\u0161\u00ed \u2013 bylo pot\u0159eba rychle v\u0161e nachystat a stihnout tvo\u0159en\u00ed dokon\u010dit v&nbsp;\u010dase kdy spal, co\u017e se n\u00e1m zkr\u00e1tka neda\u0159ilo.<\/p><\/div>\n\n<div class=\"wp-block-column is-layout-flow wp-block-column-is-layout-flow\" style=\"flex-basis:33.33%\"><figure class=\"wp-block-image size-large is-resized\"><img loading=\"lazy\" decoding=\"async\" width=\"820\" height=\"1024\" src=\"https:\/\/www.tvorrukama.cz\/wp-content\/uploads\/2025\/03\/Yvca1-820x1024.jpg\" alt=\"\" class=\"wp-image-685\" style=\"width:259px;height:auto\" srcset=\"https:\/\/www.tvorrukama.cz\/wp-content\/uploads\/2025\/03\/Yvca1-820x1024.jpg 820w, https:\/\/www.tvorrukama.cz\/wp-content\/uploads\/2025\/03\/Yvca1-240x300.jpg 240w, https:\/\/www.tvorrukama.cz\/wp-content\/uploads\/2025\/03\/Yvca1-768x959.jpg 768w, https:\/\/www.tvorrukama.cz\/wp-content\/uploads\/2025\/03\/Yvca1-400x500.jpg 400w, https:\/\/www.tvorrukama.cz\/wp-content\/uploads\/2025\/03\/Yvca1-600x749.jpg 600w, https:\/\/www.tvorrukama.cz\/wp-content\/uploads\/2025\/03\/Yvca1.jpg 872w\" sizes=\"auto, (max-width: 820px) 100vw, 820px\" \/><\/figure><\/div><\/div><div class=\"wp-block-columns are-vertically-aligned-center is-layout-flex wp-container-core-columns-is-layout-9d6595d7 wp-block-columns-is-layout-flex\"><div class=\"wp-block-column is-vertically-aligned-center is-layout-flow wp-block-column-is-layout-flow\" style=\"flex-basis:33.33%\"><figure class=\"wp-block-image size-full\"><img loading=\"lazy\" decoding=\"async\" width=\"461\" height=\"613\" src=\"https:\/\/www.tvorrukama.cz\/wp-content\/uploads\/2025\/04\/Fotka_Web_ramecek.jpg\" alt=\"\" class=\"wp-image-783\" srcset=\"https:\/\/www.tvorrukama.cz\/wp-content\/uploads\/2025\/04\/Fotka_Web_ramecek.jpg 461w, https:\/\/www.tvorrukama.cz\/wp-content\/uploads\/2025\/04\/Fotka_Web_ramecek-226x300.jpg 226w, https:\/\/www.tvorrukama.cz\/wp-content\/uploads\/2025\/04\/Fotka_Web_ramecek-400x532.jpg 400w\" sizes=\"auto, (max-width: 461px) 100vw, 461px\" \/><\/figure><\/div>\n\n<div class=\"wp-block-column is-vertically-aligned-center is-layout-flow wp-block-column-is-layout-flow\" style=\"flex-basis:66.66%\"><p>A tak vznikl n\u00e1pad na krabi\u010dku, kterou jen otev\u0159ete, v&nbsp;bro\u017eu\u0159e si vyberete jeden z&nbsp;mnoha n\u00e1pad\u016f na tvo\u0159iv\u00e9 projekty, ze slohy a&nbsp;krabi\u010dky jen vyt\u00e1hnete p\u0159ipraven\u00e9 materi\u00e1ly a kvalitn\u011b spole\u010dn\u011b str\u00e1ven\u00fd \u010das p\u0159i kreativn\u00ed z\u00e1bav\u011b m\u016f\u017ee za\u010d\u00edt! Nakonec m\u016f\u017eete v\u0161e zase uklidit zp\u00e1tky do krabi\u010dky. Odpad\u00e1 tak stres a \u010das s&nbsp;vym\u00fd\u0161len\u00edm, nakupov\u00e1n\u00edm, chyst\u00e1n\u00edm a zb\u00fdv\u00e1 o to v\u00edce \u010dasu na samotn\u00e9 tvo\u0159en\u00ed. Ka\u017edou krabi\u010dku pro v\u00e1s ru\u010dn\u011b p\u0159ipravuji s&nbsp;l\u00e1skou k&nbsp;d\u011btem a tvo\u0159en\u00ed a v\u011b\u0159\u00edm, \u017ee to na nich je poznat.<\/p>\n\n<p>My nyn\u00ed se synem ji\u017e n\u011bkolik m\u011bs\u00edc\u016f podrobn\u011b testujeme v\u0161echny p\u0159ipravovan\u00e9 aktivity. A j\u00e1 s&nbsp;nad\u0161en\u00edm sleduji, co v\u0161e s&nbsp;materi\u00e1ly z&nbsp;krabi\u010dky vymysl\u00ed a jak postupn\u011b rozv\u00edj\u00ed svou fantazii, motoriku i samostatnost.<\/p>\n\n<p>Douf\u00e1m, \u017ee i Vy si budete se sv\u00fdmi d\u011btmi u\u017e\u00edvat kr\u00e1sn\u00e9 okam\u017eiky pln\u00e9 radosti p\u0159i spole\u010dn\u00e9m tvo\u0159en\u00ed!<\/p><\/div><\/div><p><\/p><p><\/p>","protected":false},"excerpt":{"rendered":"<p>Ahoj, jmenuji se Yv\u010da! Jsem maminkou dvou zv\u00eddav\u00fdch mal\u00fdch kluk\u016f, se kter\u00fdmi jsem aktu\u00e1ln\u011b na rodi\u010dovsk\u00e9 dovolen\u00e9. A pr\u00e1v\u011b s&nbsp;t\u00edm star\u0161\u00edm z&nbsp;nich vznikl n\u00e1pad na tvorbu kreativn\u00edch krabi\u010dek. Kdyby mohl, tvo\u0159il by t\u0159eba ka\u017ed\u00fd den. I j\u00e1 miluji tvo\u0159en\u00ed a r\u016fzn\u00e9 kreativn\u00ed projekty, a tak jsem si myslela, \u017ee pou\u0161t\u011bt se do spole\u010dn\u00fdch tvo\u0159iv\u00fdch aktivit &#8230; <a title=\"O N\u00e1s\" class=\"read-more\" href=\"https:\/\/www.tvorrukama.cz\/?page_id=11\" aria-label=\"Read more about O N\u00e1s\">\u010c\u00edst d\u00e1l<\/a><\/p>\n","protected":false},"author":1,"featured_media":0,"parent":0,"menu_order":0,"comment_status":"closed","ping_status":"closed","template":"","meta":{"footnotes":""},"class_list":["post-11","page","type-page","status-publish"],"yoast_head":"<!-- This site is optimized with the Yoast SEO plugin v24.8.1 - https:\/\/yoast.com\/wordpress\/plugins\/seo\/ -->\n<title>O N\u00e1s - RukaMa<\/title>\n<meta name=\"robots\" content=\"index, follow, max-snippet:-1, max-image-preview:large, max-video-preview:-1\" \/>\n<link rel=\"canonical\" href=\"https:\/\/www.tvorrukama.cz\/?page_id=11\" \/>\n<meta property=\"og:locale\" content=\"cs_CZ\" \/>\n<meta property=\"og:type\" content=\"article\" \/>\n<meta property=\"og:title\" content=\"O N\u00e1s - RukaMa\" \/>\n<meta property=\"og:description\" content=\"Ahoj, jmenuji se Yv\u010da! Jsem maminkou dvou zv\u00eddav\u00fdch mal\u00fdch kluk\u016f, se kter\u00fdmi jsem aktu\u00e1ln\u011b na rodi\u010dovsk\u00e9 dovolen\u00e9. A pr\u00e1v\u011b s&nbsp;t\u00edm star\u0161\u00edm z&nbsp;nich vznikl n\u00e1pad na tvorbu kreativn\u00edch krabi\u010dek. Kdyby mohl, tvo\u0159il by t\u0159eba ka\u017ed\u00fd den. I j\u00e1 miluji tvo\u0159en\u00ed a r\u016fzn\u00e9 kreativn\u00ed projekty, a tak jsem si myslela, \u017ee pou\u0161t\u011bt se do spole\u010dn\u00fdch tvo\u0159iv\u00fdch aktivit ... \u010c\u00edst d\u00e1l\" \/>\n<meta property=\"og:url\" content=\"https:\/\/www.tvorrukama.cz\/?page_id=11\" \/>\n<meta property=\"og:site_name\" content=\"RukaMa\" \/>\n<meta property=\"article:publisher\" content=\"https:\/\/www.facebook.com\/profile.php?id=61572819250284\" \/>\n<meta property=\"article:modified_time\" content=\"2025-04-12T19:48:11+00:00\" \/>\n<meta property=\"og:image\" content=\"https:\/\/www.tvorrukama.cz\/wp-content\/uploads\/2025\/03\/Yvca1-820x1024.jpg\" \/>\n<meta name=\"twitter:card\" content=\"summary_large_image\" \/>\n<meta name=\"twitter:label1\" content=\"Odhadovan\u00e1 doba \u010dten\u00ed\" \/>\n\t<meta name=\"twitter:data1\" content=\"2 minuty\" \/>\n<script type=\"application\/ld+json\" class=\"yoast-schema-graph\">{\"@context\":\"https:\/\/schema.org\",\"@graph\":[{\"@type\":\"WebPage\",\"@id\":\"https:\/\/www.tvorrukama.cz\/?page_id=11\",\"url\":\"https:\/\/www.tvorrukama.cz\/?page_id=11\",\"name\":\"O N\u00e1s - RukaMa\",\"isPartOf\":{\"@id\":\"https:\/\/www.tvorrukama.cz\/#website\"},\"primaryImageOfPage\":{\"@id\":\"https:\/\/www.tvorrukama.cz\/?page_id=11#primaryimage\"},\"image\":{\"@id\":\"https:\/\/www.tvorrukama.cz\/?page_id=11#primaryimage\"},\"thumbnailUrl\":\"https:\/\/www.tvorrukama.cz\/wp-content\/uploads\/2025\/03\/Yvca1-820x1024.jpg\",\"datePublished\":\"2025-01-12T20:28:39+00:00\",\"dateModified\":\"2025-04-12T19:48:11+00:00\",\"breadcrumb\":{\"@id\":\"https:\/\/www.tvorrukama.cz\/?page_id=11#breadcrumb\"},\"inLanguage\":\"cs\",\"potentialAction\":[{\"@type\":\"ReadAction\",\"target\":[\"https:\/\/www.tvorrukama.cz\/?page_id=11\"]}]},{\"@type\":\"ImageObject\",\"inLanguage\":\"cs\",\"@id\":\"https:\/\/www.tvorrukama.cz\/?page_id=11#primaryimage\",\"url\":\"https:\/\/www.tvorrukama.cz\/wp-content\/uploads\/2025\/03\/Yvca1.jpg\",\"contentUrl\":\"https:\/\/www.tvorrukama.cz\/wp-content\/uploads\/2025\/03\/Yvca1.jpg\",\"width\":872,\"height\":1089},{\"@type\":\"BreadcrumbList\",\"@id\":\"https:\/\/www.tvorrukama.cz\/?page_id=11#breadcrumb\",\"itemListElement\":[{\"@type\":\"ListItem\",\"position\":1,\"name\":\"Dom\u016f\",\"item\":\"https:\/\/www.tvorrukama.cz\/\"},{\"@type\":\"ListItem\",\"position\":2,\"name\":\"O N\u00e1s\"}]},{\"@type\":\"WebSite\",\"@id\":\"https:\/\/www.tvorrukama.cz\/#website\",\"url\":\"https:\/\/www.tvorrukama.cz\/\",\"name\":\"RukaMa\",\"description\":\"Kreativn\u00ed krabi\u010dky pro tvo\u0159iv\u00e9 ru\u010di\u010dky\",\"publisher\":{\"@id\":\"https:\/\/www.tvorrukama.cz\/#organization\"},\"potentialAction\":[{\"@type\":\"SearchAction\",\"target\":{\"@type\":\"EntryPoint\",\"urlTemplate\":\"https:\/\/www.tvorrukama.cz\/?s={search_term_string}\"},\"query-input\":{\"@type\":\"PropertyValueSpecification\",\"valueRequired\":true,\"valueName\":\"search_term_string\"}}],\"inLanguage\":\"cs\"},{\"@type\":\"Organization\",\"@id\":\"https:\/\/www.tvorrukama.cz\/#organization\",\"name\":\"RukaMa\",\"url\":\"https:\/\/www.tvorrukama.cz\/\",\"logo\":{\"@type\":\"ImageObject\",\"inLanguage\":\"cs\",\"@id\":\"https:\/\/www.tvorrukama.cz\/#\/schema\/logo\/image\/\",\"url\":\"https:\/\/www.tvorrukama.cz\/wp-content\/uploads\/2025\/02\/Nadpis-1024x829.png\",\"contentUrl\":\"https:\/\/www.tvorrukama.cz\/wp-content\/uploads\/2025\/02\/Nadpis-1024x829.png\",\"width\":1024,\"height\":829,\"caption\":\"RukaMa\"},\"image\":{\"@id\":\"https:\/\/www.tvorrukama.cz\/#\/schema\/logo\/image\/\"},\"sameAs\":[\"https:\/\/www.facebook.com\/profile.php?id=61572819250284\",\"https:\/\/www.instagram.com\/rukama_kreativni_krabicky\"]}]}<\/script>\n<!-- \/ Yoast SEO plugin. -->","yoast_head_json":{"title":"O N\u00e1s - RukaMa","robots":{"index":"index","follow":"follow","max-snippet":"max-snippet:-1","max-image-preview":"max-image-preview:large","max-video-preview":"max-video-preview:-1"},"canonical":"https:\/\/www.tvorrukama.cz\/?page_id=11","og_locale":"cs_CZ","og_type":"article","og_title":"O N\u00e1s - RukaMa","og_description":"Ahoj, jmenuji se Yv\u010da! Jsem maminkou dvou zv\u00eddav\u00fdch mal\u00fdch kluk\u016f, se kter\u00fdmi jsem aktu\u00e1ln\u011b na rodi\u010dovsk\u00e9 dovolen\u00e9. A pr\u00e1v\u011b s&nbsp;t\u00edm star\u0161\u00edm z&nbsp;nich vznikl n\u00e1pad na tvorbu kreativn\u00edch krabi\u010dek. Kdyby mohl, tvo\u0159il by t\u0159eba ka\u017ed\u00fd den. I j\u00e1 miluji tvo\u0159en\u00ed a r\u016fzn\u00e9 kreativn\u00ed projekty, a tak jsem si myslela, \u017ee pou\u0161t\u011bt se do spole\u010dn\u00fdch tvo\u0159iv\u00fdch aktivit ... \u010c\u00edst d\u00e1l","og_url":"https:\/\/www.tvorrukama.cz\/?page_id=11","og_site_name":"RukaMa","article_publisher":"https:\/\/www.facebook.com\/profile.php?id=61572819250284","article_modified_time":"2025-04-12T19:48:11+00:00","og_image":[{"url":"https:\/\/www.tvorrukama.cz\/wp-content\/uploads\/2025\/03\/Yvca1-820x1024.jpg","type":"","width":"","height":""}],"twitter_card":"summary_large_image","twitter_misc":{"Odhadovan\u00e1 doba \u010dten\u00ed":"2 minuty"},"schema":{"@context":"https:\/\/schema.org","@graph":[{"@type":"WebPage","@id":"https:\/\/www.tvorrukama.cz\/?page_id=11","url":"https:\/\/www.tvorrukama.cz\/?page_id=11","name":"O N\u00e1s - RukaMa","isPartOf":{"@id":"https:\/\/www.tvorrukama.cz\/#website"},"primaryImageOfPage":{"@id":"https:\/\/www.tvorrukama.cz\/?page_id=11#primaryimage"},"image":{"@id":"https:\/\/www.tvorrukama.cz\/?page_id=11#primaryimage"},"thumbnailUrl":"https:\/\/www.tvorrukama.cz\/wp-content\/uploads\/2025\/03\/Yvca1-820x1024.jpg","datePublished":"2025-01-12T20:28:39+00:00","dateModified":"2025-04-12T19:48:11+00:00","breadcrumb":{"@id":"https:\/\/www.tvorrukama.cz\/?page_id=11#breadcrumb"},"inLanguage":"cs","potentialAction":[{"@type":"ReadAction","target":["https:\/\/www.tvorrukama.cz\/?page_id=11"]}]},{"@type":"ImageObject","inLanguage":"cs","@id":"https:\/\/www.tvorrukama.cz\/?page_id=11#primaryimage","url":"https:\/\/www.tvorrukama.cz\/wp-content\/uploads\/2025\/03\/Yvca1.jpg","contentUrl":"https:\/\/www.tvorrukama.cz\/wp-content\/uploads\/2025\/03\/Yvca1.jpg","width":872,"height":1089},{"@type":"BreadcrumbList","@id":"https:\/\/www.tvorrukama.cz\/?page_id=11#breadcrumb","itemListElement":[{"@type":"ListItem","position":1,"name":"Dom\u016f","item":"https:\/\/www.tvorrukama.cz\/"},{"@type":"ListItem","position":2,"name":"O N\u00e1s"}]},{"@type":"WebSite","@id":"https:\/\/www.tvorrukama.cz\/#website","url":"https:\/\/www.tvorrukama.cz\/","name":"RukaMa","description":"Kreativn\u00ed krabi\u010dky pro tvo\u0159iv\u00e9 ru\u010di\u010dky","publisher":{"@id":"https:\/\/www.tvorrukama.cz\/#organization"},"potentialAction":[{"@type":"SearchAction","target":{"@type":"EntryPoint","urlTemplate":"https:\/\/www.tvorrukama.cz\/?s={search_term_string}"},"query-input":{"@type":"PropertyValueSpecification","valueRequired":true,"valueName":"search_term_string"}}],"inLanguage":"cs"},{"@type":"Organization","@id":"https:\/\/www.tvorrukama.cz\/#organization","name":"RukaMa","url":"https:\/\/www.tvorrukama.cz\/","logo":{"@type":"ImageObject","inLanguage":"cs","@id":"https:\/\/www.tvorrukama.cz\/#\/schema\/logo\/image\/","url":"https:\/\/www.tvorrukama.cz\/wp-content\/uploads\/2025\/02\/Nadpis-1024x829.png","contentUrl":"https:\/\/www.tvorrukama.cz\/wp-content\/uploads\/2025\/02\/Nadpis-1024x829.png","width":1024,"height":829,"caption":"RukaMa"},"image":{"@id":"https:\/\/www.tvorrukama.cz\/#\/schema\/logo\/image\/"},"sameAs":["https:\/\/www.facebook.com\/profile.php?id=61572819250284","https:\/\/www.instagram.com\/rukama_kreativni_krabicky"]}]}},"_links":{"self":[{"href":"https:\/\/www.tvorrukama.cz\/index.php?rest_route=\/wp\/v2\/pages\/11","targetHints":{"allow":["GET"]}}],"collection":[{"href":"https:\/\/www.tvorrukama.cz\/index.php?rest_route=\/wp\/v2\/pages"}],"about":[{"href":"https:\/\/www.tvorrukama.cz\/index.php?rest_route=\/wp\/v2\/types\/page"}],"author":[{"embeddable":true,"href":"https:\/\/www.tvorrukama.cz\/index.php?rest_route=\/wp\/v2\/users\/1"}],"replies":[{"embeddable":true,"href":"https:\/\/www.tvorrukama.cz\/index.php?rest_route=%2Fwp%2Fv2%2Fcomments&post=11"}],"version-history":[{"count":11,"href":"https:\/\/www.tvorrukama.cz\/index.php?rest_route=\/wp\/v2\/pages\/11\/revisions"}],"predecessor-version":[{"id":784,"href":"https:\/\/www.tvorrukama.cz\/index.php?rest_route=\/wp\/v2\/pages\/11\/revisions\/784"}],"wp:attachment":[{"href":"https:\/\/www.tvorrukama.cz\/index.php?rest_route=%2Fwp%2Fv2%2Fmedia&parent=11"}],"curies":[{"name":"wp","href":"https:\/\/api.w.org\/{rel}","templated":true}]}}