{"id":16,"date":"2025-01-12T21:36:06","date_gmt":"2025-01-12T20:36:06","guid":{"rendered":"https:\/\/www.tvorrukama.cz\/?page_id=16"},"modified":"2026-02-22T21:50:44","modified_gmt":"2026-02-22T20:50:44","slug":"rukama","status":"publish","type":"page","link":"https:\/\/www.tvorrukama.cz\/","title":{"rendered":"\u00davod"},"content":{"rendered":"<div class=\"wp-block-media-text has-media-on-the-right is-stacked-on-mobile\" style=\"grid-template-columns:auto 70%\"><div class=\"wp-block-media-text__content\"><h2 class=\"wp-block-heading\"><strong>Tvo\u0159en\u00ed bez omezen\u00ed!<\/strong><\/h2>\n\n<p>S\u00a0na\u0161imi kreativn\u00edmi krabi\u010dkami pro d\u011bti ve v\u011bku 3-7 let. Pravideln\u011b nov\u00e1 t\u00e9mata, kter\u00e1 d\u011btem p\u0159inesou hodiny z\u00e1bavy a z\u00e1rove\u0148 podpo\u0159\u00ed rozvoj jejich jemn\u00e9 motoriky, fantazie a soust\u0159ed\u011bn\u00ed. V\u0161echny pot\u0159ebn\u00e9 materi\u00e1ly najdete uvnit\u0159, sta\u010d\u00ed jen otev\u0159\u00edt krabi\u010dku a pustit se do tvo\u0159en\u00ed!<\/p>\n\n<a href=\"#diagram-target\">\n    <figure class=\"wp-block-image aligncenter size-full is-resized\">\n        <img loading=\"lazy\" decoding=\"async\" width=\"193\" height=\"59\" src=\"https:\/\/www.tvorrukama.cz\/wp-content\/uploads\/2025\/02\/Zjisti-vic.png\" alt=\"\" class=\"wp-image-617\" style=\"width:164px;height:auto\"\/>\n    <\/figure>\n<\/a\n\n<p><\/p><\/div><figure class=\"wp-block-media-text__media\"><img loading=\"lazy\" decoding=\"async\" width=\"1024\" height=\"889\" src=\"https:\/\/www.tvorrukama.cz\/wp-content\/uploads\/2025\/03\/Jaro-Prehled-jas-material_PREFOCENO-1024x889.png\" alt=\"\" class=\"wp-image-741 size-full\" srcset=\"https:\/\/www.tvorrukama.cz\/wp-content\/uploads\/2025\/03\/Jaro-Prehled-jas-material_PREFOCENO-1024x889.png 1024w, https:\/\/www.tvorrukama.cz\/wp-content\/uploads\/2025\/03\/Jaro-Prehled-jas-material_PREFOCENO-300x260.png 300w, https:\/\/www.tvorrukama.cz\/wp-content\/uploads\/2025\/03\/Jaro-Prehled-jas-material_PREFOCENO-768x666.png 768w, https:\/\/www.tvorrukama.cz\/wp-content\/uploads\/2025\/03\/Jaro-Prehled-jas-material_PREFOCENO-1536x1333.png 1536w, https:\/\/www.tvorrukama.cz\/wp-content\/uploads\/2025\/03\/Jaro-Prehled-jas-material_PREFOCENO-1320x1145.png 1320w, https:\/\/www.tvorrukama.cz\/wp-content\/uploads\/2025\/03\/Jaro-Prehled-jas-material_PREFOCENO-400x347.png 400w, https:\/\/www.tvorrukama.cz\/wp-content\/uploads\/2025\/03\/Jaro-Prehled-jas-material_PREFOCENO-600x521.png 600w, https:\/\/www.tvorrukama.cz\/wp-content\/uploads\/2025\/03\/Jaro-Prehled-jas-material_PREFOCENO.png 1649w\" sizes=\"auto, (max-width: 1024px) 100vw, 1024px\" \/><\/figure><\/div><div style=\"height:23px\" aria-hidden=\"true\" class=\"wp-block-spacer\"><\/div><div id=\"diagram-target\">\n    <div class=\"image-button-container\">\n        <img decoding=\"async\" src=\"https:\/\/www.tvorrukama.cz\/wp-content\/uploads\/2025\/02\/Diagram-tlacitka.png\" alt=\"Button Image\">\n        <a href=\"https:\/\/www.tvorrukama.cz\/?page_id=344\" class=\"button-zone left-zone\"><\/a>\n        <a href=\"https:\/\/www.tvorrukama.cz\/?page_id=337\" class=\"button-zone middle-zone\"><\/a>\n        <a href=\"https:\/\/www.tvorrukama.cz\/?post_type=product\" class=\"button-zone right-zone\"><\/a>\n    <\/div>\n<\/div><div style=\"height:174px\" aria-hidden=\"true\" class=\"wp-block-spacer\"><\/div><div class=\"wp-block-columns are-vertically-aligned-center is-layout-flex wp-container-core-columns-is-layout-9d6595d7 wp-block-columns-is-layout-flex\"><div class=\"wp-block-column is-vertically-aligned-center is-layout-flow wp-block-column-is-layout-flow\"><figure class=\"wp-block-gallery aligncenter has-nested-images columns-default is-cropped wp-block-gallery-1 is-layout-flex wp-block-gallery-is-layout-flex\"><figure class=\"wp-block-image size-large\"><img loading=\"lazy\" decoding=\"async\" width=\"842\" height=\"563\" data-id=\"591\" src=\"https:\/\/www.tvorrukama.cz\/wp-content\/uploads\/2025\/02\/Grafika-web-1.png\" alt=\"\" class=\"wp-image-591\" srcset=\"https:\/\/www.tvorrukama.cz\/wp-content\/uploads\/2025\/02\/Grafika-web-1.png 842w, https:\/\/www.tvorrukama.cz\/wp-content\/uploads\/2025\/02\/Grafika-web-1-300x201.png 300w, https:\/\/www.tvorrukama.cz\/wp-content\/uploads\/2025\/02\/Grafika-web-1-768x514.png 768w, https:\/\/www.tvorrukama.cz\/wp-content\/uploads\/2025\/02\/Grafika-web-1-400x267.png 400w, https:\/\/www.tvorrukama.cz\/wp-content\/uploads\/2025\/02\/Grafika-web-1-600x401.png 600w\" sizes=\"auto, (max-width: 842px) 100vw, 842px\" \/><\/figure><\/figure><\/div>\n\n<div class=\"wp-block-column is-vertically-aligned-center is-layout-flow wp-block-column-is-layout-flow\"><h2 class=\"wp-block-heading\">Krabi\u010dka ve zkratce<\/h2>\n\n<p>Na\u0161e kreativn\u00ed krabi\u010dky V\u00e1m p\u0159in\u00e1\u0161ej\u00ed mno\u017estv\u00ed r\u016fznorod\u00fdch tematicky zam\u011b\u0159en\u00fdch tvo\u0159iv\u00fdch aktivit, kter\u00e9 V\u00e1s s\u00a0d\u011btmi zabav\u00ed na dlouh\u00e9 hodiny. Pravideln\u011b nov\u00e1 krabi\u010dka a nov\u00e9 t\u00e9ma s pe\u010dliv\u011b vybran\u00fdmi a p\u0159ipraven\u00fdmi materi\u00e1ly. D\u011bti se tak mohou rovnou pustit do tvo\u0159en\u00ed. Bez slo\u017eit\u00e9ho vym\u00fd\u0161len\u00ed, p\u0159\u00edprav, sh\u00e1n\u011bn\u00ed materi\u00e1lu, zkr\u00e1tka bez omezen\u00ed.<\/p>\n\n<p>Sou\u010d\u00e1st\u00ed krabi\u010dky je bro\u017eura pln\u00e1 inspirativn\u00edch n\u00e1vod\u016f a postup\u016f na tvo\u0159en\u00ed krok za krokem. Z\u00e1rove\u0148 ale plat\u00ed, \u017ee jsou aktivity koncipov\u00e1ny jako\u017eto otev\u0159en\u00e9 \u2013 d\u011bti tedy maj\u00ed spoustu mo\u017enost\u00ed si vyr\u00e1b\u011bn\u00ed uzp\u016fsobit a tvo\u0159it dle sv\u00fdch p\u0159edstav a fantazie. Prozkoumejte podrobn\u011bji, <a data-type=\"page\" data-id=\"344\" href=\"https:\/\/www.tvorrukama.cz\/?page_id=344\">co je uvnit\u0159<\/a>. Chcete v\u0161e v\u011bd\u011bt jako prvn\u00ed? P\u0159idejte se k na\u0161emu <a data-type=\"page\" data-id=\"337\" href=\"https:\/\/www.tvorrukama.cz\/?page_id=337\">Newsletteru!<\/a> Chcete vid\u011bt v\u0161echna t\u00e9mata? Pod\u00edvejte se do na\u0161eho <a data-type=\"page\" data-id=\"26\" href=\"https:\/\/www.tvorrukama.cz\/?page_id=26\">E-shopu<\/a> !<\/p><\/div><\/div>","protected":false},"excerpt":{"rendered":"<p>Tvo\u0159en\u00ed bez omezen\u00ed! S\u00a0na\u0161imi kreativn\u00edmi krabi\u010dkami pro d\u011bti ve v\u011bku 3-7 let. Pravideln\u011b nov\u00e1 t\u00e9mata, kter\u00e1 d\u011btem p\u0159inesou hodiny z\u00e1bavy a z\u00e1rove\u0148 podpo\u0159\u00ed rozvoj jejich jemn\u00e9 motoriky, fantazie a soust\u0159ed\u011bn\u00ed. V\u0161echny pot\u0159ebn\u00e9 materi\u00e1ly najdete uvnit\u0159, sta\u010d\u00ed jen otev\u0159\u00edt krabi\u010dku a pustit se do tvo\u0159en\u00ed!<\/p>\n","protected":false},"author":1,"featured_media":0,"parent":0,"menu_order":0,"comment_status":"closed","ping_status":"closed","template":"","meta":{"footnotes":""},"class_list":["post-16","page","type-page","status-publish"],"yoast_head":"<!-- This site is optimized with the Yoast SEO plugin v24.8.1 - https:\/\/yoast.com\/wordpress\/plugins\/seo\/ -->\n<title>\u00davod - RukaMa<\/title>\n<meta name=\"robots\" content=\"index, follow, max-snippet:-1, max-image-preview:large, max-video-preview:-1\" \/>\n<link rel=\"canonical\" href=\"https:\/\/www.tvorrukama.cz\/\" \/>\n<meta property=\"og:locale\" content=\"cs_CZ\" \/>\n<meta property=\"og:type\" content=\"article\" \/>\n<meta property=\"og:title\" content=\"\u00davod - RukaMa\" \/>\n<meta property=\"og:description\" content=\"Tvo\u0159en\u00ed bez omezen\u00ed! S\u00a0na\u0161imi kreativn\u00edmi krabi\u010dkami pro d\u011bti ve v\u011bku 3-7 let. Pravideln\u011b nov\u00e1 t\u00e9mata, kter\u00e1 d\u011btem p\u0159inesou hodiny z\u00e1bavy a z\u00e1rove\u0148 podpo\u0159\u00ed rozvoj jejich jemn\u00e9 motoriky, fantazie a soust\u0159ed\u011bn\u00ed. V\u0161echny pot\u0159ebn\u00e9 materi\u00e1ly najdete uvnit\u0159, sta\u010d\u00ed jen otev\u0159\u00edt krabi\u010dku a pustit se do tvo\u0159en\u00ed!\" \/>\n<meta property=\"og:url\" content=\"https:\/\/www.tvorrukama.cz\/\" \/>\n<meta property=\"og:site_name\" content=\"RukaMa\" \/>\n<meta property=\"article:publisher\" content=\"https:\/\/www.facebook.com\/profile.php?id=61572819250284\" \/>\n<meta property=\"article:modified_time\" content=\"2026-02-22T20:50:44+00:00\" \/>\n<meta property=\"og:image\" content=\"https:\/\/www.tvorrukama.cz\/wp-content\/uploads\/2025\/02\/Zjisti-vic.png\" \/>\n\t<meta property=\"og:image:width\" content=\"193\" \/>\n\t<meta property=\"og:image:height\" content=\"59\" \/>\n\t<meta property=\"og:image:type\" content=\"image\/png\" \/>\n<meta name=\"twitter:card\" content=\"summary_large_image\" \/>\n<meta name=\"twitter:label1\" content=\"Odhadovan\u00e1 doba \u010dten\u00ed\" \/>\n\t<meta name=\"twitter:data1\" content=\"2 minuty\" \/>\n<script type=\"application\/ld+json\" class=\"yoast-schema-graph\">{\"@context\":\"https:\/\/schema.org\",\"@graph\":[{\"@type\":\"WebPage\",\"@id\":\"https:\/\/www.tvorrukama.cz\/\",\"url\":\"https:\/\/www.tvorrukama.cz\/\",\"name\":\"\u00davod - RukaMa\",\"isPartOf\":{\"@id\":\"https:\/\/www.tvorrukama.cz\/#website\"},\"primaryImageOfPage\":{\"@id\":\"https:\/\/www.tvorrukama.cz\/#primaryimage\"},\"image\":{\"@id\":\"https:\/\/www.tvorrukama.cz\/#primaryimage\"},\"thumbnailUrl\":\"https:\/\/www.tvorrukama.cz\/wp-content\/uploads\/2025\/02\/Zjisti-vic.png\",\"datePublished\":\"2025-01-12T20:36:06+00:00\",\"dateModified\":\"2026-02-22T20:50:44+00:00\",\"breadcrumb\":{\"@id\":\"https:\/\/www.tvorrukama.cz\/#breadcrumb\"},\"inLanguage\":\"cs\",\"potentialAction\":[{\"@type\":\"ReadAction\",\"target\":[\"https:\/\/www.tvorrukama.cz\/\"]}]},{\"@type\":\"ImageObject\",\"inLanguage\":\"cs\",\"@id\":\"https:\/\/www.tvorrukama.cz\/#primaryimage\",\"url\":\"https:\/\/www.tvorrukama.cz\/wp-content\/uploads\/2025\/02\/Zjisti-vic.png\",\"contentUrl\":\"https:\/\/www.tvorrukama.cz\/wp-content\/uploads\/2025\/02\/Zjisti-vic.png\",\"width\":193,\"height\":59},{\"@type\":\"BreadcrumbList\",\"@id\":\"https:\/\/www.tvorrukama.cz\/#breadcrumb\",\"itemListElement\":[{\"@type\":\"ListItem\",\"position\":1,\"name\":\"Dom\u016f\",\"item\":\"https:\/\/www.tvorrukama.cz\/\"},{\"@type\":\"ListItem\",\"position\":2,\"name\":\"\u00davod\"}]},{\"@type\":\"WebSite\",\"@id\":\"https:\/\/www.tvorrukama.cz\/#website\",\"url\":\"https:\/\/www.tvorrukama.cz\/\",\"name\":\"RukaMa\",\"description\":\"Kreativn\u00ed krabi\u010dky pro tvo\u0159iv\u00e9 ru\u010di\u010dky\",\"publisher\":{\"@id\":\"https:\/\/www.tvorrukama.cz\/#organization\"},\"potentialAction\":[{\"@type\":\"SearchAction\",\"target\":{\"@type\":\"EntryPoint\",\"urlTemplate\":\"https:\/\/www.tvorrukama.cz\/?s={search_term_string}\"},\"query-input\":{\"@type\":\"PropertyValueSpecification\",\"valueRequired\":true,\"valueName\":\"search_term_string\"}}],\"inLanguage\":\"cs\"},{\"@type\":\"Organization\",\"@id\":\"https:\/\/www.tvorrukama.cz\/#organization\",\"name\":\"RukaMa\",\"url\":\"https:\/\/www.tvorrukama.cz\/\",\"logo\":{\"@type\":\"ImageObject\",\"inLanguage\":\"cs\",\"@id\":\"https:\/\/www.tvorrukama.cz\/#\/schema\/logo\/image\/\",\"url\":\"https:\/\/www.tvorrukama.cz\/wp-content\/uploads\/2025\/02\/Nadpis-1024x829.png\",\"contentUrl\":\"https:\/\/www.tvorrukama.cz\/wp-content\/uploads\/2025\/02\/Nadpis-1024x829.png\",\"width\":1024,\"height\":829,\"caption\":\"RukaMa\"},\"image\":{\"@id\":\"https:\/\/www.tvorrukama.cz\/#\/schema\/logo\/image\/\"},\"sameAs\":[\"https:\/\/www.facebook.com\/profile.php?id=61572819250284\",\"https:\/\/www.instagram.com\/rukama_kreativni_krabicky\"]}]}<\/script>\n<!-- \/ Yoast SEO plugin. -->","yoast_head_json":{"title":"\u00davod - RukaMa","robots":{"index":"index","follow":"follow","max-snippet":"max-snippet:-1","max-image-preview":"max-image-preview:large","max-video-preview":"max-video-preview:-1"},"canonical":"https:\/\/www.tvorrukama.cz\/","og_locale":"cs_CZ","og_type":"article","og_title":"\u00davod - RukaMa","og_description":"Tvo\u0159en\u00ed bez omezen\u00ed! S\u00a0na\u0161imi kreativn\u00edmi krabi\u010dkami pro d\u011bti ve v\u011bku 3-7 let. Pravideln\u011b nov\u00e1 t\u00e9mata, kter\u00e1 d\u011btem p\u0159inesou hodiny z\u00e1bavy a z\u00e1rove\u0148 podpo\u0159\u00ed rozvoj jejich jemn\u00e9 motoriky, fantazie a soust\u0159ed\u011bn\u00ed. V\u0161echny pot\u0159ebn\u00e9 materi\u00e1ly najdete uvnit\u0159, sta\u010d\u00ed jen otev\u0159\u00edt krabi\u010dku a pustit se do tvo\u0159en\u00ed!","og_url":"https:\/\/www.tvorrukama.cz\/","og_site_name":"RukaMa","article_publisher":"https:\/\/www.facebook.com\/profile.php?id=61572819250284","article_modified_time":"2026-02-22T20:50:44+00:00","og_image":[{"width":193,"height":59,"url":"https:\/\/www.tvorrukama.cz\/wp-content\/uploads\/2025\/02\/Zjisti-vic.png","type":"image\/png"}],"twitter_card":"summary_large_image","twitter_misc":{"Odhadovan\u00e1 doba \u010dten\u00ed":"2 minuty"},"schema":{"@context":"https:\/\/schema.org","@graph":[{"@type":"WebPage","@id":"https:\/\/www.tvorrukama.cz\/","url":"https:\/\/www.tvorrukama.cz\/","name":"\u00davod - RukaMa","isPartOf":{"@id":"https:\/\/www.tvorrukama.cz\/#website"},"primaryImageOfPage":{"@id":"https:\/\/www.tvorrukama.cz\/#primaryimage"},"image":{"@id":"https:\/\/www.tvorrukama.cz\/#primaryimage"},"thumbnailUrl":"https:\/\/www.tvorrukama.cz\/wp-content\/uploads\/2025\/02\/Zjisti-vic.png","datePublished":"2025-01-12T20:36:06+00:00","dateModified":"2026-02-22T20:50:44+00:00","breadcrumb":{"@id":"https:\/\/www.tvorrukama.cz\/#breadcrumb"},"inLanguage":"cs","potentialAction":[{"@type":"ReadAction","target":["https:\/\/www.tvorrukama.cz\/"]}]},{"@type":"ImageObject","inLanguage":"cs","@id":"https:\/\/www.tvorrukama.cz\/#primaryimage","url":"https:\/\/www.tvorrukama.cz\/wp-content\/uploads\/2025\/02\/Zjisti-vic.png","contentUrl":"https:\/\/www.tvorrukama.cz\/wp-content\/uploads\/2025\/02\/Zjisti-vic.png","width":193,"height":59},{"@type":"BreadcrumbList","@id":"https:\/\/www.tvorrukama.cz\/#breadcrumb","itemListElement":[{"@type":"ListItem","position":1,"name":"Dom\u016f","item":"https:\/\/www.tvorrukama.cz\/"},{"@type":"ListItem","position":2,"name":"\u00davod"}]},{"@type":"WebSite","@id":"https:\/\/www.tvorrukama.cz\/#website","url":"https:\/\/www.tvorrukama.cz\/","name":"RukaMa","description":"Kreativn\u00ed krabi\u010dky pro tvo\u0159iv\u00e9 ru\u010di\u010dky","publisher":{"@id":"https:\/\/www.tvorrukama.cz\/#organization"},"potentialAction":[{"@type":"SearchAction","target":{"@type":"EntryPoint","urlTemplate":"https:\/\/www.tvorrukama.cz\/?s={search_term_string}"},"query-input":{"@type":"PropertyValueSpecification","valueRequired":true,"valueName":"search_term_string"}}],"inLanguage":"cs"},{"@type":"Organization","@id":"https:\/\/www.tvorrukama.cz\/#organization","name":"RukaMa","url":"https:\/\/www.tvorrukama.cz\/","logo":{"@type":"ImageObject","inLanguage":"cs","@id":"https:\/\/www.tvorrukama.cz\/#\/schema\/logo\/image\/","url":"https:\/\/www.tvorrukama.cz\/wp-content\/uploads\/2025\/02\/Nadpis-1024x829.png","contentUrl":"https:\/\/www.tvorrukama.cz\/wp-content\/uploads\/2025\/02\/Nadpis-1024x829.png","width":1024,"height":829,"caption":"RukaMa"},"image":{"@id":"https:\/\/www.tvorrukama.cz\/#\/schema\/logo\/image\/"},"sameAs":["https:\/\/www.facebook.com\/profile.php?id=61572819250284","https:\/\/www.instagram.com\/rukama_kreativni_krabicky"]}]}},"_links":{"self":[{"href":"https:\/\/www.tvorrukama.cz\/index.php?rest_route=\/wp\/v2\/pages\/16","targetHints":{"allow":["GET"]}}],"collection":[{"href":"https:\/\/www.tvorrukama.cz\/index.php?rest_route=\/wp\/v2\/pages"}],"about":[{"href":"https:\/\/www.tvorrukama.cz\/index.php?rest_route=\/wp\/v2\/types\/page"}],"author":[{"embeddable":true,"href":"https:\/\/www.tvorrukama.cz\/index.php?rest_route=\/wp\/v2\/users\/1"}],"replies":[{"embeddable":true,"href":"https:\/\/www.tvorrukama.cz\/index.php?rest_route=%2Fwp%2Fv2%2Fcomments&post=16"}],"version-history":[{"count":79,"href":"https:\/\/www.tvorrukama.cz\/index.php?rest_route=\/wp\/v2\/pages\/16\/revisions"}],"predecessor-version":[{"id":1017,"href":"https:\/\/www.tvorrukama.cz\/index.php?rest_route=\/wp\/v2\/pages\/16\/revisions\/1017"}],"wp:attachment":[{"href":"https:\/\/www.tvorrukama.cz\/index.php?rest_route=%2Fwp%2Fv2%2Fmedia&parent=16"}],"curies":[{"name":"wp","href":"https:\/\/api.w.org\/{rel}","templated":true}]}}