{"id":160,"date":"2025-02-23T17:25:00","date_gmt":"2025-02-23T16:25:00","guid":{"rendered":"https:\/\/www.tvorrukama.cz\/?page_id=160"},"modified":"2025-06-06T23:18:33","modified_gmt":"2025-06-06T21:18:33","slug":"doprava-a-platba","status":"publish","type":"page","link":"https:\/\/www.tvorrukama.cz\/?page_id=160","title":{"rendered":"Doprava a platba"},"content":{"rendered":"<h2 class=\"wp-block-heading\">Jak\u00e1 je dodac\u00ed lh\u016fta?<\/h2><p><strong>Objedn\u00e1n\u00ed nejnov\u011bj\u0161\u00ed krabi\u010dky na dal\u0161\u00ed m\u011bs\u00edc<\/strong>:<\/p><ul class=\"wp-block-list\"><li>Krabi\u010dku je nutn\u00e9 objednat v\u017edy do 25. dne m\u011bs\u00edce. N\u00e1sledn\u011b ji ode\u0161leme 1. pracovn\u00ed den n\u00e1sleduj\u00edc\u00edho m\u011bs\u00edce<\/li><\/ul><p><strong>Objedn\u00e1n\u00ed ostatn\u00edch krabi\u010dek z E-shopu:<\/strong> <\/p><ul class=\"wp-block-list\"><li>Odes\u00edl\u00e1me co nejd\u0159\u00edve. Zpravidla do t\u00fddne. <\/li><\/ul><h2 class=\"wp-block-heading\">Kolik stoj\u00ed doprava?<\/h2><p><strong>\u010cesk\u00e1 republika<\/strong><\/p><ul class=\"wp-block-list\"><li><strong>CZ V\u00fddejn\u00ed m\u00edsta Z\u00e1silkovny (Z-Point, Z-Box):\u00a0<\/strong>95\u00a0K\u010d<\/li>\n\n<li><strong>CZ Z\u00e1silkovna dom\u016f HD:\u00a0<\/strong>120\u00a0K\u010d<\/li>\n\n<li><strong>Osobn\u00ed odb\u011br:<\/strong> Osobn\u00ed odb\u011br je mo\u017en\u00e1 v Brn\u011b po p\u0159ede\u0161l\u00e9 emailov\u00e9 komunikaci.<\/li><\/ul><p><strong>Slovensko<\/strong><\/p><ul class=\"wp-block-list\"><li><strong>SK V\u00fddejn\u00ed m\u00edsta Z\u00e1silkovny (Z-Point, Z-Box):\u00a0<\/strong>110\u00a0K\u010d<\/li>\n\n<li><strong>SK Z\u00e1silkovna dom\u016f HD:\u00a0<\/strong>135\u00a0K\u010d<\/li><\/ul><h2 class=\"wp-block-heading\"><strong>Jak m\u016f\u017eete platit?<\/strong><\/h2><ul class=\"wp-block-list\"><li><strong>P\u0159evodem na \u00fa\u010det<\/strong>&nbsp; pro&nbsp;<strong>\u010ceskou republiku<\/strong>&nbsp;2903070447\/2010.<\/li>\n\n<li>Platbu na dob\u00edrku nebo platebn\u00ed br\u00e1nu aktu\u00e1ln\u011b nepl\u00e1nujeme. <\/li><\/ul>","protected":false},"excerpt":{"rendered":"<p>Jak\u00e1 je dodac\u00ed lh\u016fta? Objedn\u00e1n\u00ed nejnov\u011bj\u0161\u00ed krabi\u010dky na dal\u0161\u00ed m\u011bs\u00edc: Objedn\u00e1n\u00ed ostatn\u00edch krabi\u010dek z E-shopu: Kolik stoj\u00ed doprava? \u010cesk\u00e1 republika Slovensko Jak m\u016f\u017eete platit?<\/p>\n","protected":false},"author":1,"featured_media":0,"parent":0,"menu_order":0,"comment_status":"closed","ping_status":"closed","template":"","meta":{"footnotes":""},"class_list":["post-160","page","type-page","status-publish"],"yoast_head":"<!-- This site is optimized with the Yoast SEO plugin v24.8.1 - https:\/\/yoast.com\/wordpress\/plugins\/seo\/ -->\n<title>Doprava a platba - RukaMa<\/title>\n<meta name=\"robots\" content=\"index, follow, max-snippet:-1, max-image-preview:large, max-video-preview:-1\" \/>\n<link rel=\"canonical\" href=\"https:\/\/www.tvorrukama.cz\/?page_id=160\" \/>\n<meta property=\"og:locale\" content=\"cs_CZ\" \/>\n<meta property=\"og:type\" content=\"article\" \/>\n<meta property=\"og:title\" content=\"Doprava a platba - RukaMa\" \/>\n<meta property=\"og:description\" content=\"Jak\u00e1 je dodac\u00ed lh\u016fta? Objedn\u00e1n\u00ed nejnov\u011bj\u0161\u00ed krabi\u010dky na dal\u0161\u00ed m\u011bs\u00edc: Objedn\u00e1n\u00ed ostatn\u00edch krabi\u010dek z E-shopu: Kolik stoj\u00ed doprava? \u010cesk\u00e1 republika Slovensko Jak m\u016f\u017eete platit?\" \/>\n<meta property=\"og:url\" content=\"https:\/\/www.tvorrukama.cz\/?page_id=160\" \/>\n<meta property=\"og:site_name\" content=\"RukaMa\" \/>\n<meta property=\"article:publisher\" content=\"https:\/\/www.facebook.com\/profile.php?id=61572819250284\" \/>\n<meta property=\"article:modified_time\" content=\"2025-06-06T21:18:33+00:00\" \/>\n<meta name=\"twitter:card\" content=\"summary_large_image\" \/>\n<meta name=\"twitter:label1\" content=\"Odhadovan\u00e1 doba \u010dten\u00ed\" \/>\n\t<meta name=\"twitter:data1\" content=\"1 minuta\" \/>\n<script type=\"application\/ld+json\" class=\"yoast-schema-graph\">{\"@context\":\"https:\/\/schema.org\",\"@graph\":[{\"@type\":\"WebPage\",\"@id\":\"https:\/\/www.tvorrukama.cz\/?page_id=160\",\"url\":\"https:\/\/www.tvorrukama.cz\/?page_id=160\",\"name\":\"Doprava a platba - RukaMa\",\"isPartOf\":{\"@id\":\"https:\/\/www.tvorrukama.cz\/#website\"},\"datePublished\":\"2025-02-23T16:25:00+00:00\",\"dateModified\":\"2025-06-06T21:18:33+00:00\",\"breadcrumb\":{\"@id\":\"https:\/\/www.tvorrukama.cz\/?page_id=160#breadcrumb\"},\"inLanguage\":\"cs\",\"potentialAction\":[{\"@type\":\"ReadAction\",\"target\":[\"https:\/\/www.tvorrukama.cz\/?page_id=160\"]}]},{\"@type\":\"BreadcrumbList\",\"@id\":\"https:\/\/www.tvorrukama.cz\/?page_id=160#breadcrumb\",\"itemListElement\":[{\"@type\":\"ListItem\",\"position\":1,\"name\":\"Dom\u016f\",\"item\":\"https:\/\/www.tvorrukama.cz\/\"},{\"@type\":\"ListItem\",\"position\":2,\"name\":\"Doprava a platba\"}]},{\"@type\":\"WebSite\",\"@id\":\"https:\/\/www.tvorrukama.cz\/#website\",\"url\":\"https:\/\/www.tvorrukama.cz\/\",\"name\":\"RukaMa\",\"description\":\"Kreativn\u00ed krabi\u010dky pro tvo\u0159iv\u00e9 ru\u010di\u010dky\",\"publisher\":{\"@id\":\"https:\/\/www.tvorrukama.cz\/#organization\"},\"potentialAction\":[{\"@type\":\"SearchAction\",\"target\":{\"@type\":\"EntryPoint\",\"urlTemplate\":\"https:\/\/www.tvorrukama.cz\/?s={search_term_string}\"},\"query-input\":{\"@type\":\"PropertyValueSpecification\",\"valueRequired\":true,\"valueName\":\"search_term_string\"}}],\"inLanguage\":\"cs\"},{\"@type\":\"Organization\",\"@id\":\"https:\/\/www.tvorrukama.cz\/#organization\",\"name\":\"RukaMa\",\"url\":\"https:\/\/www.tvorrukama.cz\/\",\"logo\":{\"@type\":\"ImageObject\",\"inLanguage\":\"cs\",\"@id\":\"https:\/\/www.tvorrukama.cz\/#\/schema\/logo\/image\/\",\"url\":\"https:\/\/www.tvorrukama.cz\/wp-content\/uploads\/2025\/02\/Nadpis-1024x829.png\",\"contentUrl\":\"https:\/\/www.tvorrukama.cz\/wp-content\/uploads\/2025\/02\/Nadpis-1024x829.png\",\"width\":1024,\"height\":829,\"caption\":\"RukaMa\"},\"image\":{\"@id\":\"https:\/\/www.tvorrukama.cz\/#\/schema\/logo\/image\/\"},\"sameAs\":[\"https:\/\/www.facebook.com\/profile.php?id=61572819250284\",\"https:\/\/www.instagram.com\/rukama_kreativni_krabicky\"]}]}<\/script>\n<!-- \/ Yoast SEO plugin. -->","yoast_head_json":{"title":"Doprava a platba - RukaMa","robots":{"index":"index","follow":"follow","max-snippet":"max-snippet:-1","max-image-preview":"max-image-preview:large","max-video-preview":"max-video-preview:-1"},"canonical":"https:\/\/www.tvorrukama.cz\/?page_id=160","og_locale":"cs_CZ","og_type":"article","og_title":"Doprava a platba - RukaMa","og_description":"Jak\u00e1 je dodac\u00ed lh\u016fta? Objedn\u00e1n\u00ed nejnov\u011bj\u0161\u00ed krabi\u010dky na dal\u0161\u00ed m\u011bs\u00edc: Objedn\u00e1n\u00ed ostatn\u00edch krabi\u010dek z E-shopu: Kolik stoj\u00ed doprava? \u010cesk\u00e1 republika Slovensko Jak m\u016f\u017eete platit?","og_url":"https:\/\/www.tvorrukama.cz\/?page_id=160","og_site_name":"RukaMa","article_publisher":"https:\/\/www.facebook.com\/profile.php?id=61572819250284","article_modified_time":"2025-06-06T21:18:33+00:00","twitter_card":"summary_large_image","twitter_misc":{"Odhadovan\u00e1 doba \u010dten\u00ed":"1 minuta"},"schema":{"@context":"https:\/\/schema.org","@graph":[{"@type":"WebPage","@id":"https:\/\/www.tvorrukama.cz\/?page_id=160","url":"https:\/\/www.tvorrukama.cz\/?page_id=160","name":"Doprava a platba - RukaMa","isPartOf":{"@id":"https:\/\/www.tvorrukama.cz\/#website"},"datePublished":"2025-02-23T16:25:00+00:00","dateModified":"2025-06-06T21:18:33+00:00","breadcrumb":{"@id":"https:\/\/www.tvorrukama.cz\/?page_id=160#breadcrumb"},"inLanguage":"cs","potentialAction":[{"@type":"ReadAction","target":["https:\/\/www.tvorrukama.cz\/?page_id=160"]}]},{"@type":"BreadcrumbList","@id":"https:\/\/www.tvorrukama.cz\/?page_id=160#breadcrumb","itemListElement":[{"@type":"ListItem","position":1,"name":"Dom\u016f","item":"https:\/\/www.tvorrukama.cz\/"},{"@type":"ListItem","position":2,"name":"Doprava a platba"}]},{"@type":"WebSite","@id":"https:\/\/www.tvorrukama.cz\/#website","url":"https:\/\/www.tvorrukama.cz\/","name":"RukaMa","description":"Kreativn\u00ed krabi\u010dky pro tvo\u0159iv\u00e9 ru\u010di\u010dky","publisher":{"@id":"https:\/\/www.tvorrukama.cz\/#organization"},"potentialAction":[{"@type":"SearchAction","target":{"@type":"EntryPoint","urlTemplate":"https:\/\/www.tvorrukama.cz\/?s={search_term_string}"},"query-input":{"@type":"PropertyValueSpecification","valueRequired":true,"valueName":"search_term_string"}}],"inLanguage":"cs"},{"@type":"Organization","@id":"https:\/\/www.tvorrukama.cz\/#organization","name":"RukaMa","url":"https:\/\/www.tvorrukama.cz\/","logo":{"@type":"ImageObject","inLanguage":"cs","@id":"https:\/\/www.tvorrukama.cz\/#\/schema\/logo\/image\/","url":"https:\/\/www.tvorrukama.cz\/wp-content\/uploads\/2025\/02\/Nadpis-1024x829.png","contentUrl":"https:\/\/www.tvorrukama.cz\/wp-content\/uploads\/2025\/02\/Nadpis-1024x829.png","width":1024,"height":829,"caption":"RukaMa"},"image":{"@id":"https:\/\/www.tvorrukama.cz\/#\/schema\/logo\/image\/"},"sameAs":["https:\/\/www.facebook.com\/profile.php?id=61572819250284","https:\/\/www.instagram.com\/rukama_kreativni_krabicky"]}]}},"_links":{"self":[{"href":"https:\/\/www.tvorrukama.cz\/index.php?rest_route=\/wp\/v2\/pages\/160","targetHints":{"allow":["GET"]}}],"collection":[{"href":"https:\/\/www.tvorrukama.cz\/index.php?rest_route=\/wp\/v2\/pages"}],"about":[{"href":"https:\/\/www.tvorrukama.cz\/index.php?rest_route=\/wp\/v2\/types\/page"}],"author":[{"embeddable":true,"href":"https:\/\/www.tvorrukama.cz\/index.php?rest_route=\/wp\/v2\/users\/1"}],"replies":[{"embeddable":true,"href":"https:\/\/www.tvorrukama.cz\/index.php?rest_route=%2Fwp%2Fv2%2Fcomments&post=160"}],"version-history":[{"count":10,"href":"https:\/\/www.tvorrukama.cz\/index.php?rest_route=\/wp\/v2\/pages\/160\/revisions"}],"predecessor-version":[{"id":841,"href":"https:\/\/www.tvorrukama.cz\/index.php?rest_route=\/wp\/v2\/pages\/160\/revisions\/841"}],"wp:attachment":[{"href":"https:\/\/www.tvorrukama.cz\/index.php?rest_route=%2Fwp%2Fv2%2Fmedia&parent=160"}],"curies":[{"name":"wp","href":"https:\/\/api.w.org\/{rel}","templated":true}]}}