{"id":344,"date":"2025-02-16T12:33:34","date_gmt":"2025-02-16T11:33:34","guid":{"rendered":"https:\/\/www.tvorrukama.cz\/?page_id=344"},"modified":"2026-02-22T21:51:35","modified_gmt":"2026-02-22T20:51:35","slug":"co-je-uvnitr","status":"publish","type":"page","link":"https:\/\/www.tvorrukama.cz\/?page_id=344","title":{"rendered":"Co je uvnit\u0159?"},"content":{"rendered":"<h2 class=\"wp-block-heading\">Co je uvnit\u0159?<\/h2><p>Ka\u017ed\u00e1 na\u0161e kreativn\u00ed krabi\u010dka je pe\u010dliv\u011b navr\u017eena tak, aby d\u011btem nab\u00eddla hodiny z\u00e1bavy, tvo\u0159en\u00ed a objevov\u00e1n\u00ed \u2013 bez slo\u017eit\u00e9 p\u0159\u00edpravy pro rodi\u010de. Sta\u010d\u00ed otev\u0159\u00edt a pustit se do tvo\u0159en\u00ed! Krabi\u010dky jsou ru\u010dn\u011b p\u0159ipraveny a&nbsp;s l\u00e1skou testov\u00e1ny m\u00fdmi dv\u011bma mal\u00fdmi pomocn\u00edky (zat\u00edm tedy hlavn\u011b t\u00edm star\u0161\u00edm). Ne\u017e se dostane k V\u00e1m, projde tak\u00e9 rukama dal\u0161\u00edch d\u011bt\u00ed v&nbsp;m\u00e9m okol\u00ed, kter\u00e9 se s&nbsp;nad\u0161en\u00edm pod\u00edlej\u00ed na zkou\u0161en\u00ed jednotliv\u00fdch aktivit. Proto v\u011b\u0159\u00edm, \u017ee i Va\u0161e d\u011bti zaujme a V\u00e1m u\u0161et\u0159\u00ed \u010das (i nervy) a p\u0159inese kvalitn\u011b str\u00e1ven\u00fd spole\u010dn\u00fd \u010das. \ud83d\udc9a<\/p><a href=\"https:\/\/www.tvorrukama.cz\/?post_type=product\">\n    <figure class=\"wp-block-image aligncenter size-full\">\n        <img loading=\"lazy\" decoding=\"async\" width=\"151\" height=\"44\" src=\"https:\/\/www.tvorrukama.cz\/wp-content\/uploads\/2025\/02\/Do-eshopu.png\" alt=\"\" class=\"wp-image-614\"\/>\n    <\/figure>\n<\/a><div class=\"wp-block-columns are-vertically-aligned-center is-layout-flex wp-container-core-columns-is-layout-9d6595d7 wp-block-columns-is-layout-flex\"><div class=\"wp-block-column is-vertically-aligned-center is-layout-flow wp-block-column-is-layout-flow\"><h2 class=\"wp-block-heading\">Materi\u00e1ly pot\u0159ebn\u00e9 k&nbsp;tvo\u0159en\u00ed<\/h2>\n\n<ul class=\"wp-block-list\"><li>Materi\u00e1ly pe\u010dliv\u011b vyb\u00edr\u00e1m a p\u0159ipravuji tak, aby byly nejen r\u016fznorod\u00e9 a z\u00e1bavn\u00e9, ale tak\u00e9 kvalitn\u00ed a snadno pou\u017eiteln\u00e9 mal\u00fdmi d\u011btsk\u00fdmi ru\u010dkami, co\u017e zajisti jejich v\u011bt\u0161\u00ed samostatnost p\u0159i tvo\u0159en\u00ed.<\/li>\n\n<li>Materi\u00e1l\u016f je dostatek pro v\u00fdrobu navrhovan\u00fdch tvo\u0159en\u00ed v&nbsp;p\u0159ilo\u017een\u00e9 bro\u017eu\u0159e a z\u016fst\u00e1v\u00e1 i prostor pro vlastn\u00ed n\u00e1pady.<\/li>\n\n<li>V\u0161e je rozd\u011blen\u00e9 do praktick\u00fdch p\u0159ihr\u00e1dek, co\u017e d\u011btem usnad\u0148uje orientaci a podporuje jejich samostatnost.<\/li><\/ul><\/div>\n\n<div class=\"wp-block-column is-vertically-aligned-center is-layout-flow wp-block-column-is-layout-flow\"><figure class=\"wp-block-image size-large\"><img loading=\"lazy\" decoding=\"async\" width=\"1024\" height=\"944\" src=\"https:\/\/www.tvorrukama.cz\/wp-content\/uploads\/2025\/03\/CoJeUvnitr_Prefoceno-1024x944.png\" alt=\"\" class=\"wp-image-743\" srcset=\"https:\/\/www.tvorrukama.cz\/wp-content\/uploads\/2025\/03\/CoJeUvnitr_Prefoceno-1024x944.png 1024w, https:\/\/www.tvorrukama.cz\/wp-content\/uploads\/2025\/03\/CoJeUvnitr_Prefoceno-300x277.png 300w, https:\/\/www.tvorrukama.cz\/wp-content\/uploads\/2025\/03\/CoJeUvnitr_Prefoceno-768x708.png 768w, https:\/\/www.tvorrukama.cz\/wp-content\/uploads\/2025\/03\/CoJeUvnitr_Prefoceno-1320x1217.png 1320w, https:\/\/www.tvorrukama.cz\/wp-content\/uploads\/2025\/03\/CoJeUvnitr_Prefoceno-400x369.png 400w, https:\/\/www.tvorrukama.cz\/wp-content\/uploads\/2025\/03\/CoJeUvnitr_Prefoceno-600x553.png 600w, https:\/\/www.tvorrukama.cz\/wp-content\/uploads\/2025\/03\/CoJeUvnitr_Prefoceno.png 1423w\" sizes=\"auto, (max-width: 1024px) 100vw, 1024px\" \/><\/figure><\/div><\/div><div class=\"wp-block-columns is-layout-flex wp-container-core-columns-is-layout-9d6595d7 wp-block-columns-is-layout-flex\"><div class=\"wp-block-column is-vertically-aligned-center is-layout-flow wp-block-column-is-layout-flow\"><figure class=\"wp-block-image size-large\"><img loading=\"lazy\" decoding=\"async\" width=\"1024\" height=\"685\" src=\"https:\/\/www.tvorrukama.cz\/wp-content\/uploads\/2025\/02\/Jaro-Krabicka-Otevrena-Vnitrek-4-1024x685.png\" alt=\"\" class=\"wp-image-394\" srcset=\"https:\/\/www.tvorrukama.cz\/wp-content\/uploads\/2025\/02\/Jaro-Krabicka-Otevrena-Vnitrek-4-1024x685.png 1024w, https:\/\/www.tvorrukama.cz\/wp-content\/uploads\/2025\/02\/Jaro-Krabicka-Otevrena-Vnitrek-4-300x201.png 300w, https:\/\/www.tvorrukama.cz\/wp-content\/uploads\/2025\/02\/Jaro-Krabicka-Otevrena-Vnitrek-4-768x514.png 768w, https:\/\/www.tvorrukama.cz\/wp-content\/uploads\/2025\/02\/Jaro-Krabicka-Otevrena-Vnitrek-4-400x267.png 400w, https:\/\/www.tvorrukama.cz\/wp-content\/uploads\/2025\/02\/Jaro-Krabicka-Otevrena-Vnitrek-4-600x401.png 600w, https:\/\/www.tvorrukama.cz\/wp-content\/uploads\/2025\/02\/Jaro-Krabicka-Otevrena-Vnitrek-4.png 1292w\" sizes=\"auto, (max-width: 1024px) 100vw, 1024px\" \/><\/figure><\/div>\n\n<div class=\"wp-block-column is-layout-flow wp-block-column-is-layout-flow\"><h2 class=\"wp-block-heading has-text-align-left\">\u0160irok\u00e1 \u0161k\u00e1la materi\u00e1l\u016f m\u016f\u017ee zahrnovat nap\u0159\u00edklad<\/h2>\n\n<ul class=\"wp-block-list\"><li>chlupat\u00e9 modelovac\u00ed dr\u00e1tky<\/li>\n\n<li>bambulky (pom pomy)<\/li>\n\n<li>barevn\u00e1 d\u0159ev\u011bn\u00e1 d\u0159\u00edvka<\/li>\n\n<li>d\u0159ev\u011bn\u00e9 v\u00fd\u0159ezy r\u016fzn\u00fdch tvar\u016f<\/li>\n\n<li>d\u0159ev\u011bn\u00e9 kor\u00e1lky, knofl\u00edky, kol\u00ed\u010dky<\/li>\n\n<li>pe\u0159\u00ed\u010dka<\/li>\n\n<li>klasick\u00e9 a p\u011bnov\u00e9 samolepky<\/li>\n\n<li>nalepovac\u00ed pohybliv\u00e9 o\u010di<\/li>\n\n<li>t\u0159pytiv\u00e9 nalepovac\u00ed kam\u00ednky a \u201edrahokamy\u201c<\/li>\n\n<li>flitry<\/li>\n\n<li>pap\u00edrov\u00e1 br\u010dka<\/li>\n\n<li>prov\u00e1zky, stuhy, bavlnky<\/li>\n\n<li>filc, filcov\u00e9 samolepky a vy\u0159ezan\u00e9 tvary z n\u011bj<\/li>\n\n<li>p\u011bnovou gumu moosgummi, p\u011bnov\u00e9 samolepky a vy\u0159ezan\u00e9 tvary<\/li>\n\n<li>nejr\u016fzn\u011bj\u0161\u00ed typy a barvy pap\u00edr\u016f a karton\u016f (vlnit\u00e9, t\u0159pytiv\u00e9, duhov\u00e9, metalick\u00e9, poti\u0161t\u011bn\u00e9 tematick\u00fdmi vzory, hedv\u00e1bn\u00e9,\u2026)<\/li><\/ul><\/div><\/div><div class=\"wp-block-columns are-vertically-aligned-center is-layout-flex wp-container-core-columns-is-layout-9d6595d7 wp-block-columns-is-layout-flex\"><div class=\"wp-block-column is-vertically-aligned-center is-layout-flow wp-block-column-is-layout-flow\"><h2 class=\"wp-block-heading has-text-align-left\">Podrobn\u00e1 bro\u017eura s&nbsp;inspirac\u00ed, n\u00e1pady a n\u00e1vody<\/h2>\n\n<ul class=\"wp-block-list\"><li>N\u00e1vody k&nbsp;vytvo\u0159en\u00ed v\u00edce ne\u017e des\u00edtky r\u016fzn\u00fdch v\u00fdrobk\u016f.<\/li>\n\n<li>Fotopostupy i slovn\u00ed popis \u2013 d\u00edky obr\u00e1zkov\u00fdm postup\u016fm se mohou d\u011bti do n\u011bkter\u00fdch tvo\u0159en\u00ed pustit i samy \u010di s&nbsp;minim\u00e1ln\u00ed pomoc\u00ed.<\/li>\n\n<li>Praktick\u00e9 tipy \u2013 jak tvo\u0159en\u00ed p\u0159izp\u016fsobit a modifikovat, jak v\u00fdrobky vyu\u017e\u00edt k&nbsp;dal\u0161\u00ed h\u0159e apod.<\/li>\n\n<li>\u0160k\u00e1la \u2013 n\u011bkter\u00e9 jednoduch\u00e9 a n\u011bkter\u00e9 slo\u017eit\u011bj\u0161\u00ed v\u00fdrobky.<\/li>\n\n<li>Jednotliv\u00e9 aktivity jsou navr\u017eeny, aby trvaly mezi 30-60 minutami, tak\u017ee se daj\u00ed snadno zakomponovat do Va\u0161eho denn\u00edho re\u017eimu.<\/li><\/ul><\/div>\n\n<div class=\"wp-block-column is-vertically-aligned-center is-layout-flow wp-block-column-is-layout-flow\"><div class=\"wp-block-image\"><figure class=\"aligncenter size-large is-resized\"><img loading=\"lazy\" decoding=\"async\" width=\"1024\" height=\"622\" src=\"https:\/\/www.tvorrukama.cz\/wp-content\/uploads\/2025\/02\/Brozura-1024x622.png\" alt=\"\" class=\"wp-image-373\" style=\"width:520px;height:auto\" srcset=\"https:\/\/www.tvorrukama.cz\/wp-content\/uploads\/2025\/02\/Brozura-1024x622.png 1024w, https:\/\/www.tvorrukama.cz\/wp-content\/uploads\/2025\/02\/Brozura-300x182.png 300w, https:\/\/www.tvorrukama.cz\/wp-content\/uploads\/2025\/02\/Brozura-768x466.png 768w, https:\/\/www.tvorrukama.cz\/wp-content\/uploads\/2025\/02\/Brozura-400x243.png 400w, https:\/\/www.tvorrukama.cz\/wp-content\/uploads\/2025\/02\/Brozura-600x364.png 600w, https:\/\/www.tvorrukama.cz\/wp-content\/uploads\/2025\/02\/Brozura.png 1296w\" sizes=\"auto, (max-width: 1024px) 100vw, 1024px\" \/><\/figure><\/div><\/div><\/div><div class=\"wp-block-columns is-layout-flex wp-container-core-columns-is-layout-9d6595d7 wp-block-columns-is-layout-flex\"><div class=\"wp-block-column is-layout-flow wp-block-column-is-layout-flow\" style=\"flex-basis:100%\"><div class=\"wp-block-columns is-layout-flex wp-container-core-columns-is-layout-9d6595d7 wp-block-columns-is-layout-flex\"><div class=\"wp-block-column is-vertically-aligned-center is-layout-flow wp-block-column-is-layout-flow\"><div class=\"wp-block-image\"><figure class=\"aligncenter size-large is-resized\"><img loading=\"lazy\" decoding=\"async\" width=\"1024\" height=\"875\" src=\"https:\/\/www.tvorrukama.cz\/wp-content\/uploads\/2025\/02\/Sloha-2-1024x875.png\" alt=\"\" class=\"wp-image-393\" style=\"width:431px;height:auto\" srcset=\"https:\/\/www.tvorrukama.cz\/wp-content\/uploads\/2025\/02\/Sloha-2-1024x875.png 1024w, https:\/\/www.tvorrukama.cz\/wp-content\/uploads\/2025\/02\/Sloha-2-300x256.png 300w, https:\/\/www.tvorrukama.cz\/wp-content\/uploads\/2025\/02\/Sloha-2-768x656.png 768w, https:\/\/www.tvorrukama.cz\/wp-content\/uploads\/2025\/02\/Sloha-2-400x342.png 400w, https:\/\/www.tvorrukama.cz\/wp-content\/uploads\/2025\/02\/Sloha-2-600x513.png 600w, https:\/\/www.tvorrukama.cz\/wp-content\/uploads\/2025\/02\/Sloha-2.png 1092w\" sizes=\"auto, (max-width: 1024px) 100vw, 1024px\" \/><\/figure><\/div><\/div>\n\n<div class=\"wp-block-column is-vertically-aligned-center is-layout-flow wp-block-column-is-layout-flow\"><h2 class=\"wp-block-heading has-text-align-left\"><strong>Sloha pln\u00e1 barevn\u00fdch pap\u00edr\u016f, vy\u0159ezan\u00fdch \u0161ablon apod<\/strong>.<\/h2>\n\n<p>Ka\u017ed\u00e1 krabi\u010dka obsahuje pap\u00edrovou slohu s barevn\u00fdmi pap\u00edry, p\u0159edp\u0159ipraven\u00fdmi \u0161ablonami a vy\u0159ezan\u00fdmi tvary. \u0160ablony jsou navr\u017eeny tak, aby d\u011btem usnadnily vytv\u00e1\u0159en\u00ed konkr\u00e9tn\u00edch v\u00fdrobk\u016f \u2013 tak\u017ee sta\u010d\u00ed jen vyt\u00e1hnout a p\u0159idat detaily podle vlastn\u00ed fantazie.<\/p><\/div><\/div>\n\n<div class=\"wp-block-columns is-layout-flex wp-container-core-columns-is-layout-9d6595d7 wp-block-columns-is-layout-flex\"><div class=\"wp-block-column is-layout-flow wp-block-column-is-layout-flow\"><div style=\"height:89px\" aria-hidden=\"true\" class=\"wp-block-spacer\"><\/div>\n\n<h2 class=\"wp-block-heading has-text-align-left\"><strong><strong>Krabi\u010dka neobsahuje z\u00e1kladn\u00ed v\u00fdtvarn\u00e9 pot\u0159eb<\/strong>y<\/strong><\/h2>\n\n<p>Krabi\u010dky neobsahuj\u00ed z\u00e1kladn\u00ed v\u00fdtvarn\u00e9 pot\u0159eby jako jsou n\u016f\u017eky, lepidlo, barvy, paleta, \u0161t\u011btce, fixy. Pokud t\u011bmito pot\u0159ebami zat\u00edm nejste vybaveni, m\u016f\u017eete si spolu s&nbsp;objedn\u00e1vkou prvn\u00ed krabi\u010dky objednat tak\u00e9<a href=\"https:\/\/www.tvorrukama.cz\/?product=zakladni-vytvarne-potreby\" data-type=\"link\" data-id=\"https:\/\/www.tvorrukama.cz\/?product=zakladni-vytvarne-potreby\"> set z\u00e1kladn\u00edch v\u00fdtvarn\u00fdch pot\u0159eb<\/a>, kter\u00e9 budete n\u00e1sledn\u011b vyu\u017e\u00edvat i u v\u0161ech dal\u0161\u00edch krabi\u010dek.<\/p><\/div>\n\n<div class=\"wp-block-column is-layout-flow wp-block-column-is-layout-flow\"><div class=\"wp-block-image\"><figure class=\"aligncenter size-large is-resized\"><img loading=\"lazy\" decoding=\"async\" width=\"1024\" height=\"941\" src=\"https:\/\/www.tvorrukama.cz\/wp-content\/uploads\/2025\/02\/Zakladni-vytvarne-potreby-1024x941.png\" alt=\"\" class=\"wp-image-411\" style=\"width:442px;height:auto\" srcset=\"https:\/\/www.tvorrukama.cz\/wp-content\/uploads\/2025\/02\/Zakladni-vytvarne-potreby-1024x941.png 1024w, https:\/\/www.tvorrukama.cz\/wp-content\/uploads\/2025\/02\/Zakladni-vytvarne-potreby-300x276.png 300w, https:\/\/www.tvorrukama.cz\/wp-content\/uploads\/2025\/02\/Zakladni-vytvarne-potreby-768x706.png 768w, https:\/\/www.tvorrukama.cz\/wp-content\/uploads\/2025\/02\/Zakladni-vytvarne-potreby-400x368.png 400w, https:\/\/www.tvorrukama.cz\/wp-content\/uploads\/2025\/02\/Zakladni-vytvarne-potreby-600x551.png 600w, https:\/\/www.tvorrukama.cz\/wp-content\/uploads\/2025\/02\/Zakladni-vytvarne-potreby.png 1175w\" sizes=\"auto, (max-width: 1024px) 100vw, 1024px\" \/><\/figure><\/div><\/div><\/div><\/div><\/div><p><\/p>","protected":false},"excerpt":{"rendered":"<p>Co je uvnit\u0159? Ka\u017ed\u00e1 na\u0161e kreativn\u00ed krabi\u010dka je pe\u010dliv\u011b navr\u017eena tak, aby d\u011btem nab\u00eddla hodiny z\u00e1bavy, tvo\u0159en\u00ed a objevov\u00e1n\u00ed \u2013 bez slo\u017eit\u00e9 p\u0159\u00edpravy pro rodi\u010de. Sta\u010d\u00ed otev\u0159\u00edt a pustit se do tvo\u0159en\u00ed! Krabi\u010dky jsou ru\u010dn\u011b p\u0159ipraveny a&nbsp;s l\u00e1skou testov\u00e1ny m\u00fdmi dv\u011bma mal\u00fdmi pomocn\u00edky (zat\u00edm tedy hlavn\u011b t\u00edm star\u0161\u00edm). Ne\u017e se dostane k V\u00e1m, projde tak\u00e9 &#8230; <a title=\"Co je uvnit\u0159?\" class=\"read-more\" href=\"https:\/\/www.tvorrukama.cz\/?page_id=344\" aria-label=\"Read more about Co je uvnit\u0159?\">\u010c\u00edst d\u00e1l<\/a><\/p>\n","protected":false},"author":1,"featured_media":0,"parent":0,"menu_order":0,"comment_status":"closed","ping_status":"closed","template":"","meta":{"footnotes":""},"class_list":["post-344","page","type-page","status-publish"],"yoast_head":"<!-- This site is optimized with the Yoast SEO plugin v24.8.1 - https:\/\/yoast.com\/wordpress\/plugins\/seo\/ -->\n<title>Co je uvnit\u0159? - RukaMa<\/title>\n<meta name=\"robots\" content=\"index, follow, max-snippet:-1, max-image-preview:large, max-video-preview:-1\" \/>\n<link rel=\"canonical\" href=\"https:\/\/www.tvorrukama.cz\/?page_id=344\" \/>\n<meta property=\"og:locale\" content=\"cs_CZ\" \/>\n<meta property=\"og:type\" content=\"article\" \/>\n<meta property=\"og:title\" content=\"Co je uvnit\u0159? - RukaMa\" \/>\n<meta property=\"og:description\" content=\"Co je uvnit\u0159? Ka\u017ed\u00e1 na\u0161e kreativn\u00ed krabi\u010dka je pe\u010dliv\u011b navr\u017eena tak, aby d\u011btem nab\u00eddla hodiny z\u00e1bavy, tvo\u0159en\u00ed a objevov\u00e1n\u00ed \u2013 bez slo\u017eit\u00e9 p\u0159\u00edpravy pro rodi\u010de. Sta\u010d\u00ed otev\u0159\u00edt a pustit se do tvo\u0159en\u00ed! Krabi\u010dky jsou ru\u010dn\u011b p\u0159ipraveny a&nbsp;s l\u00e1skou testov\u00e1ny m\u00fdmi dv\u011bma mal\u00fdmi pomocn\u00edky (zat\u00edm tedy hlavn\u011b t\u00edm star\u0161\u00edm). Ne\u017e se dostane k V\u00e1m, projde tak\u00e9 ... \u010c\u00edst d\u00e1l\" \/>\n<meta property=\"og:url\" content=\"https:\/\/www.tvorrukama.cz\/?page_id=344\" \/>\n<meta property=\"og:site_name\" content=\"RukaMa\" \/>\n<meta property=\"article:publisher\" content=\"https:\/\/www.facebook.com\/profile.php?id=61572819250284\" \/>\n<meta property=\"article:modified_time\" content=\"2026-02-22T20:51:35+00:00\" \/>\n<meta property=\"og:image\" content=\"https:\/\/www.tvorrukama.cz\/wp-content\/uploads\/2025\/02\/Do-eshopu.png\" \/>\n\t<meta property=\"og:image:width\" content=\"151\" \/>\n\t<meta property=\"og:image:height\" content=\"44\" \/>\n\t<meta property=\"og:image:type\" content=\"image\/png\" \/>\n<meta name=\"twitter:card\" content=\"summary_large_image\" \/>\n<meta name=\"twitter:label1\" content=\"Odhadovan\u00e1 doba \u010dten\u00ed\" \/>\n\t<meta name=\"twitter:data1\" content=\"4 minuty\" \/>\n<script type=\"application\/ld+json\" class=\"yoast-schema-graph\">{\"@context\":\"https:\/\/schema.org\",\"@graph\":[{\"@type\":\"WebPage\",\"@id\":\"https:\/\/www.tvorrukama.cz\/?page_id=344\",\"url\":\"https:\/\/www.tvorrukama.cz\/?page_id=344\",\"name\":\"Co je uvnit\u0159? - RukaMa\",\"isPartOf\":{\"@id\":\"https:\/\/www.tvorrukama.cz\/#website\"},\"primaryImageOfPage\":{\"@id\":\"https:\/\/www.tvorrukama.cz\/?page_id=344#primaryimage\"},\"image\":{\"@id\":\"https:\/\/www.tvorrukama.cz\/?page_id=344#primaryimage\"},\"thumbnailUrl\":\"https:\/\/www.tvorrukama.cz\/wp-content\/uploads\/2025\/02\/Do-eshopu.png\",\"datePublished\":\"2025-02-16T11:33:34+00:00\",\"dateModified\":\"2026-02-22T20:51:35+00:00\",\"breadcrumb\":{\"@id\":\"https:\/\/www.tvorrukama.cz\/?page_id=344#breadcrumb\"},\"inLanguage\":\"cs\",\"potentialAction\":[{\"@type\":\"ReadAction\",\"target\":[\"https:\/\/www.tvorrukama.cz\/?page_id=344\"]}]},{\"@type\":\"ImageObject\",\"inLanguage\":\"cs\",\"@id\":\"https:\/\/www.tvorrukama.cz\/?page_id=344#primaryimage\",\"url\":\"https:\/\/www.tvorrukama.cz\/wp-content\/uploads\/2025\/02\/Do-eshopu.png\",\"contentUrl\":\"https:\/\/www.tvorrukama.cz\/wp-content\/uploads\/2025\/02\/Do-eshopu.png\",\"width\":151,\"height\":44},{\"@type\":\"BreadcrumbList\",\"@id\":\"https:\/\/www.tvorrukama.cz\/?page_id=344#breadcrumb\",\"itemListElement\":[{\"@type\":\"ListItem\",\"position\":1,\"name\":\"Dom\u016f\",\"item\":\"https:\/\/www.tvorrukama.cz\/\"},{\"@type\":\"ListItem\",\"position\":2,\"name\":\"Co je uvnit\u0159?\"}]},{\"@type\":\"WebSite\",\"@id\":\"https:\/\/www.tvorrukama.cz\/#website\",\"url\":\"https:\/\/www.tvorrukama.cz\/\",\"name\":\"RukaMa\",\"description\":\"Kreativn\u00ed krabi\u010dky pro tvo\u0159iv\u00e9 ru\u010di\u010dky\",\"publisher\":{\"@id\":\"https:\/\/www.tvorrukama.cz\/#organization\"},\"potentialAction\":[{\"@type\":\"SearchAction\",\"target\":{\"@type\":\"EntryPoint\",\"urlTemplate\":\"https:\/\/www.tvorrukama.cz\/?s={search_term_string}\"},\"query-input\":{\"@type\":\"PropertyValueSpecification\",\"valueRequired\":true,\"valueName\":\"search_term_string\"}}],\"inLanguage\":\"cs\"},{\"@type\":\"Organization\",\"@id\":\"https:\/\/www.tvorrukama.cz\/#organization\",\"name\":\"RukaMa\",\"url\":\"https:\/\/www.tvorrukama.cz\/\",\"logo\":{\"@type\":\"ImageObject\",\"inLanguage\":\"cs\",\"@id\":\"https:\/\/www.tvorrukama.cz\/#\/schema\/logo\/image\/\",\"url\":\"https:\/\/www.tvorrukama.cz\/wp-content\/uploads\/2025\/02\/Nadpis-1024x829.png\",\"contentUrl\":\"https:\/\/www.tvorrukama.cz\/wp-content\/uploads\/2025\/02\/Nadpis-1024x829.png\",\"width\":1024,\"height\":829,\"caption\":\"RukaMa\"},\"image\":{\"@id\":\"https:\/\/www.tvorrukama.cz\/#\/schema\/logo\/image\/\"},\"sameAs\":[\"https:\/\/www.facebook.com\/profile.php?id=61572819250284\",\"https:\/\/www.instagram.com\/rukama_kreativni_krabicky\"]}]}<\/script>\n<!-- \/ Yoast SEO plugin. -->","yoast_head_json":{"title":"Co je uvnit\u0159? - RukaMa","robots":{"index":"index","follow":"follow","max-snippet":"max-snippet:-1","max-image-preview":"max-image-preview:large","max-video-preview":"max-video-preview:-1"},"canonical":"https:\/\/www.tvorrukama.cz\/?page_id=344","og_locale":"cs_CZ","og_type":"article","og_title":"Co je uvnit\u0159? - RukaMa","og_description":"Co je uvnit\u0159? Ka\u017ed\u00e1 na\u0161e kreativn\u00ed krabi\u010dka je pe\u010dliv\u011b navr\u017eena tak, aby d\u011btem nab\u00eddla hodiny z\u00e1bavy, tvo\u0159en\u00ed a objevov\u00e1n\u00ed \u2013 bez slo\u017eit\u00e9 p\u0159\u00edpravy pro rodi\u010de. Sta\u010d\u00ed otev\u0159\u00edt a pustit se do tvo\u0159en\u00ed! Krabi\u010dky jsou ru\u010dn\u011b p\u0159ipraveny a&nbsp;s l\u00e1skou testov\u00e1ny m\u00fdmi dv\u011bma mal\u00fdmi pomocn\u00edky (zat\u00edm tedy hlavn\u011b t\u00edm star\u0161\u00edm). Ne\u017e se dostane k V\u00e1m, projde tak\u00e9 ... \u010c\u00edst d\u00e1l","og_url":"https:\/\/www.tvorrukama.cz\/?page_id=344","og_site_name":"RukaMa","article_publisher":"https:\/\/www.facebook.com\/profile.php?id=61572819250284","article_modified_time":"2026-02-22T20:51:35+00:00","og_image":[{"width":151,"height":44,"url":"https:\/\/www.tvorrukama.cz\/wp-content\/uploads\/2025\/02\/Do-eshopu.png","type":"image\/png"}],"twitter_card":"summary_large_image","twitter_misc":{"Odhadovan\u00e1 doba \u010dten\u00ed":"4 minuty"},"schema":{"@context":"https:\/\/schema.org","@graph":[{"@type":"WebPage","@id":"https:\/\/www.tvorrukama.cz\/?page_id=344","url":"https:\/\/www.tvorrukama.cz\/?page_id=344","name":"Co je uvnit\u0159? - RukaMa","isPartOf":{"@id":"https:\/\/www.tvorrukama.cz\/#website"},"primaryImageOfPage":{"@id":"https:\/\/www.tvorrukama.cz\/?page_id=344#primaryimage"},"image":{"@id":"https:\/\/www.tvorrukama.cz\/?page_id=344#primaryimage"},"thumbnailUrl":"https:\/\/www.tvorrukama.cz\/wp-content\/uploads\/2025\/02\/Do-eshopu.png","datePublished":"2025-02-16T11:33:34+00:00","dateModified":"2026-02-22T20:51:35+00:00","breadcrumb":{"@id":"https:\/\/www.tvorrukama.cz\/?page_id=344#breadcrumb"},"inLanguage":"cs","potentialAction":[{"@type":"ReadAction","target":["https:\/\/www.tvorrukama.cz\/?page_id=344"]}]},{"@type":"ImageObject","inLanguage":"cs","@id":"https:\/\/www.tvorrukama.cz\/?page_id=344#primaryimage","url":"https:\/\/www.tvorrukama.cz\/wp-content\/uploads\/2025\/02\/Do-eshopu.png","contentUrl":"https:\/\/www.tvorrukama.cz\/wp-content\/uploads\/2025\/02\/Do-eshopu.png","width":151,"height":44},{"@type":"BreadcrumbList","@id":"https:\/\/www.tvorrukama.cz\/?page_id=344#breadcrumb","itemListElement":[{"@type":"ListItem","position":1,"name":"Dom\u016f","item":"https:\/\/www.tvorrukama.cz\/"},{"@type":"ListItem","position":2,"name":"Co je uvnit\u0159?"}]},{"@type":"WebSite","@id":"https:\/\/www.tvorrukama.cz\/#website","url":"https:\/\/www.tvorrukama.cz\/","name":"RukaMa","description":"Kreativn\u00ed krabi\u010dky pro tvo\u0159iv\u00e9 ru\u010di\u010dky","publisher":{"@id":"https:\/\/www.tvorrukama.cz\/#organization"},"potentialAction":[{"@type":"SearchAction","target":{"@type":"EntryPoint","urlTemplate":"https:\/\/www.tvorrukama.cz\/?s={search_term_string}"},"query-input":{"@type":"PropertyValueSpecification","valueRequired":true,"valueName":"search_term_string"}}],"inLanguage":"cs"},{"@type":"Organization","@id":"https:\/\/www.tvorrukama.cz\/#organization","name":"RukaMa","url":"https:\/\/www.tvorrukama.cz\/","logo":{"@type":"ImageObject","inLanguage":"cs","@id":"https:\/\/www.tvorrukama.cz\/#\/schema\/logo\/image\/","url":"https:\/\/www.tvorrukama.cz\/wp-content\/uploads\/2025\/02\/Nadpis-1024x829.png","contentUrl":"https:\/\/www.tvorrukama.cz\/wp-content\/uploads\/2025\/02\/Nadpis-1024x829.png","width":1024,"height":829,"caption":"RukaMa"},"image":{"@id":"https:\/\/www.tvorrukama.cz\/#\/schema\/logo\/image\/"},"sameAs":["https:\/\/www.facebook.com\/profile.php?id=61572819250284","https:\/\/www.instagram.com\/rukama_kreativni_krabicky"]}]}},"_links":{"self":[{"href":"https:\/\/www.tvorrukama.cz\/index.php?rest_route=\/wp\/v2\/pages\/344","targetHints":{"allow":["GET"]}}],"collection":[{"href":"https:\/\/www.tvorrukama.cz\/index.php?rest_route=\/wp\/v2\/pages"}],"about":[{"href":"https:\/\/www.tvorrukama.cz\/index.php?rest_route=\/wp\/v2\/types\/page"}],"author":[{"embeddable":true,"href":"https:\/\/www.tvorrukama.cz\/index.php?rest_route=\/wp\/v2\/users\/1"}],"replies":[{"embeddable":true,"href":"https:\/\/www.tvorrukama.cz\/index.php?rest_route=%2Fwp%2Fv2%2Fcomments&post=344"}],"version-history":[{"count":31,"href":"https:\/\/www.tvorrukama.cz\/index.php?rest_route=\/wp\/v2\/pages\/344\/revisions"}],"predecessor-version":[{"id":1018,"href":"https:\/\/www.tvorrukama.cz\/index.php?rest_route=\/wp\/v2\/pages\/344\/revisions\/1018"}],"wp:attachment":[{"href":"https:\/\/www.tvorrukama.cz\/index.php?rest_route=%2Fwp%2Fv2%2Fmedia&parent=344"}],"curies":[{"name":"wp","href":"https:\/\/api.w.org\/{rel}","templated":true}]}}