{"id":452,"date":"2025-03-01T22:53:44","date_gmt":"2025-03-01T21:53:44","guid":{"rendered":"https:\/\/www.tvorrukama.cz\/?page_id=452"},"modified":"2025-06-06T23:12:35","modified_gmt":"2025-06-06T21:12:35","slug":"faq","status":"publish","type":"page","link":"https:\/\/www.tvorrukama.cz\/?page_id=452","title":{"rendered":"FAQ"},"content":{"rendered":"<h1 class=\"wp-block-heading\"><strong>FAQ \u2013 \u010casto kladen\u00e9 ot\u00e1zky<\/strong><\/h1><details>\n    <summary>1. Jak mohu objednat kreativn\u00ed krabi\u010dku?<\/summary>\n    <p>Objedn\u00e1vka je jednoduch\u00e1! Vyberte si krabi\u010dku v na\u0161em e-shopu, p\u0159idejte ji do ko\u0161\u00edku a klikn\u011bte na \u201ePokra\u010dovat k pokladn\u011b\u201c. N\u00e1sledn\u011b vypl\u0148te sv\u00e9 kontaktn\u00ed \u00fadaje, zvolte zp\u016fsob dopravy a platby a potvr\u010fte objedn\u00e1vku. Po odesl\u00e1n\u00ed obdr\u017e\u00edte potvrzen\u00ed na e-mail.<\/p>\n<\/details>\n\n<details>\n    <summary>2. Jak\u00e9 platebn\u00ed metody p\u0159ij\u00edm\u00e1te?<\/summary>\n    <p>Platba prob\u00edh\u00e1 p\u0159evodem na \u00fa\u010det (pro usnadn\u011bn\u00ed zas\u00edl\u00e1me i QR k\u00f3d).<\/p>\n<\/details>\n\n<details>\n    <summary>3. Jak dlouho trv\u00e1 doru\u010den\u00ed?<\/summary>\n    <p>Pokud objedn\u00e1v\u00e1te aktu\u00e1ln\u00ed krabi\u010dku, odes\u00edl\u00e1me v\u0161echny objedn\u00e1vky (odeslan\u00e9 do 25. dne m\u011bs\u00edce) hromadn\u011b prvn\u00ed pracovn\u00ed den n\u00e1sleduj\u00edc\u00edho m\u011bs\u00edce. Pokud objedn\u00e1v\u00e1te ostatn\u00ed krabi\u010dky z e-shopu, odes\u00edl\u00e1me co nejd\u0159\u00edve, zpravidla do t\u00fddne.<\/p>\n<\/details>\n\n<details>\n    <summary>4. Je mo\u017en\u00fd osobn\u00ed odb\u011br?<\/summary>\n    <p>Je mo\u017en\u00e9 zvolit osobn\u00ed odb\u011br v Brn\u011b. Proto\u017ee zat\u00edm zaji\u0161\u0165ujeme odb\u011brov\u00e9 m\u00edsto, na detailech se domluv\u00edme emailem.<\/p>\n<\/details>\n\n<details>\n    <summary>5. Doru\u010dujete i na Slovensko?<\/summary>\n    <p>Ano, doru\u010dujeme i na Slovensko. Sta\u010d\u00ed zvolit jako zemi Slovensko a n\u00e1sledn\u011b m\u016f\u017eete vybrat v\u00fddejn\u00ed m\u00edsta \u010di zaslat p\u0159\u00edmo na adresu.<\/p>\n<\/details>\n\n<details>\n    <summary>6. Mohu vr\u00e1tit nebo vym\u011bnit krabi\u010dku?<\/summary>\n    <p>Samoz\u0159ejm\u011b! M\u00e1te 14 dn\u00ed na vr\u00e1cen\u00ed zbo\u017e\u00ed bez ud\u00e1n\u00ed d\u016fvodu. Krabi\u010dka mus\u00ed b\u00fdt v p\u016fvodn\u00edm obalu, nepou\u017eit\u00e1 a kompletn\u00ed. Podrobnosti naleznete pod odkazem \u201eVr\u00e1cen\u00ed zbo\u017e\u00ed\u201c v z\u00e1pat\u00ed na\u0161ich webov\u00fdch str\u00e1nek.<\/p>\n<\/details>\n\n<details>\n    <summary>7. Je krabi\u010dka vhodn\u00e1 i pro m\u00e9 2let\u00e9 d\u00edt\u011b?<\/summary>\n    <p>Na\u0161e kreativn\u00ed krabi\u010dky jsou standartn\u011b ur\u010deny pro d\u011bti od 3 do 7 let. Je tomu tak p\u0159edev\u0161\u00edm kv\u016fli drobn\u00fdm komponent\u016fm v krabi\u010dce, u nich\u017e hroz\u00ed riziko spolknut\u00ed. Pou\u017eit\u00ed krabi\u010dky pro mlad\u0161\u00ed d\u00edt\u011b je tak na Va\u0161em individu\u00e1ln\u00edm posouzen\u00ed. Co se t\u00fd\u010de samotn\u00fdch aktivit, v\u011b\u0159\u00edme, \u017ee budou z\u00e1bavn\u00e9 i pro mlad\u0161\u00ed d\u011bti, jen budou pot\u0159ebovat v\u011bt\u0161\u00ed asistenci rodi\u010d\u016f.<\/p>\n<\/details>\n\n<details>\n    <summary>8. Jak zjist\u00edm, co je v krabi\u010dce obsa\u017eeno?<\/summary>\n    <p>U ka\u017ed\u00e9 krabi\u010dky v e-shopu najdete jej\u00ed podrobn\u00fd popis. Pokud m\u00e1te dal\u0161\u00ed ot\u00e1zky, nev\u00e1hejte se na n\u00e1s obr\u00e1tit.<\/p>\n<\/details><p><\/p>","protected":false},"excerpt":{"rendered":"<p>FAQ \u2013 \u010casto kladen\u00e9 ot\u00e1zky 1. Jak mohu objednat kreativn\u00ed krabi\u010dku? Objedn\u00e1vka je jednoduch\u00e1! Vyberte si krabi\u010dku v na\u0161em e-shopu, p\u0159idejte ji do ko\u0161\u00edku a klikn\u011bte na \u201ePokra\u010dovat k pokladn\u011b\u201c. N\u00e1sledn\u011b vypl\u0148te sv\u00e9 kontaktn\u00ed \u00fadaje, zvolte zp\u016fsob dopravy a platby a potvr\u010fte objedn\u00e1vku. Po odesl\u00e1n\u00ed obdr\u017e\u00edte potvrzen\u00ed na e-mail. 2. Jak\u00e9 platebn\u00ed metody p\u0159ij\u00edm\u00e1te? Platba &#8230; <a title=\"FAQ\" class=\"read-more\" href=\"https:\/\/www.tvorrukama.cz\/?page_id=452\" aria-label=\"Read more about FAQ\">\u010c\u00edst d\u00e1l<\/a><\/p>\n","protected":false},"author":1,"featured_media":0,"parent":0,"menu_order":0,"comment_status":"closed","ping_status":"closed","template":"","meta":{"footnotes":""},"class_list":["post-452","page","type-page","status-publish"],"yoast_head":"<!-- This site is optimized with the Yoast SEO plugin v24.8.1 - https:\/\/yoast.com\/wordpress\/plugins\/seo\/ -->\n<title>FAQ - RukaMa<\/title>\n<meta name=\"robots\" content=\"index, follow, max-snippet:-1, max-image-preview:large, max-video-preview:-1\" \/>\n<link rel=\"canonical\" href=\"https:\/\/www.tvorrukama.cz\/?page_id=452\" \/>\n<meta property=\"og:locale\" content=\"cs_CZ\" \/>\n<meta property=\"og:type\" content=\"article\" \/>\n<meta property=\"og:title\" content=\"FAQ - RukaMa\" \/>\n<meta property=\"og:description\" content=\"FAQ \u2013 \u010casto kladen\u00e9 ot\u00e1zky 1. Jak mohu objednat kreativn\u00ed krabi\u010dku? Objedn\u00e1vka je jednoduch\u00e1! Vyberte si krabi\u010dku v na\u0161em e-shopu, p\u0159idejte ji do ko\u0161\u00edku a klikn\u011bte na \u201ePokra\u010dovat k pokladn\u011b\u201c. N\u00e1sledn\u011b vypl\u0148te sv\u00e9 kontaktn\u00ed \u00fadaje, zvolte zp\u016fsob dopravy a platby a potvr\u010fte objedn\u00e1vku. Po odesl\u00e1n\u00ed obdr\u017e\u00edte potvrzen\u00ed na e-mail. 2. Jak\u00e9 platebn\u00ed metody p\u0159ij\u00edm\u00e1te? Platba ... \u010c\u00edst d\u00e1l\" \/>\n<meta property=\"og:url\" content=\"https:\/\/www.tvorrukama.cz\/?page_id=452\" \/>\n<meta property=\"og:site_name\" content=\"RukaMa\" \/>\n<meta property=\"article:publisher\" content=\"https:\/\/www.facebook.com\/profile.php?id=61572819250284\" \/>\n<meta property=\"article:modified_time\" content=\"2025-06-06T21:12:35+00:00\" \/>\n<meta name=\"twitter:card\" content=\"summary_large_image\" \/>\n<meta name=\"twitter:label1\" content=\"Odhadovan\u00e1 doba \u010dten\u00ed\" \/>\n\t<meta name=\"twitter:data1\" content=\"2 minuty\" \/>\n<script type=\"application\/ld+json\" class=\"yoast-schema-graph\">{\"@context\":\"https:\/\/schema.org\",\"@graph\":[{\"@type\":\"WebPage\",\"@id\":\"https:\/\/www.tvorrukama.cz\/?page_id=452\",\"url\":\"https:\/\/www.tvorrukama.cz\/?page_id=452\",\"name\":\"FAQ - RukaMa\",\"isPartOf\":{\"@id\":\"https:\/\/www.tvorrukama.cz\/#website\"},\"datePublished\":\"2025-03-01T21:53:44+00:00\",\"dateModified\":\"2025-06-06T21:12:35+00:00\",\"breadcrumb\":{\"@id\":\"https:\/\/www.tvorrukama.cz\/?page_id=452#breadcrumb\"},\"inLanguage\":\"cs\",\"potentialAction\":[{\"@type\":\"ReadAction\",\"target\":[\"https:\/\/www.tvorrukama.cz\/?page_id=452\"]}]},{\"@type\":\"BreadcrumbList\",\"@id\":\"https:\/\/www.tvorrukama.cz\/?page_id=452#breadcrumb\",\"itemListElement\":[{\"@type\":\"ListItem\",\"position\":1,\"name\":\"Dom\u016f\",\"item\":\"https:\/\/www.tvorrukama.cz\/\"},{\"@type\":\"ListItem\",\"position\":2,\"name\":\"FAQ\"}]},{\"@type\":\"WebSite\",\"@id\":\"https:\/\/www.tvorrukama.cz\/#website\",\"url\":\"https:\/\/www.tvorrukama.cz\/\",\"name\":\"RukaMa\",\"description\":\"Kreativn\u00ed krabi\u010dky pro tvo\u0159iv\u00e9 ru\u010di\u010dky\",\"publisher\":{\"@id\":\"https:\/\/www.tvorrukama.cz\/#organization\"},\"potentialAction\":[{\"@type\":\"SearchAction\",\"target\":{\"@type\":\"EntryPoint\",\"urlTemplate\":\"https:\/\/www.tvorrukama.cz\/?s={search_term_string}\"},\"query-input\":{\"@type\":\"PropertyValueSpecification\",\"valueRequired\":true,\"valueName\":\"search_term_string\"}}],\"inLanguage\":\"cs\"},{\"@type\":\"Organization\",\"@id\":\"https:\/\/www.tvorrukama.cz\/#organization\",\"name\":\"RukaMa\",\"url\":\"https:\/\/www.tvorrukama.cz\/\",\"logo\":{\"@type\":\"ImageObject\",\"inLanguage\":\"cs\",\"@id\":\"https:\/\/www.tvorrukama.cz\/#\/schema\/logo\/image\/\",\"url\":\"https:\/\/www.tvorrukama.cz\/wp-content\/uploads\/2025\/02\/Nadpis-1024x829.png\",\"contentUrl\":\"https:\/\/www.tvorrukama.cz\/wp-content\/uploads\/2025\/02\/Nadpis-1024x829.png\",\"width\":1024,\"height\":829,\"caption\":\"RukaMa\"},\"image\":{\"@id\":\"https:\/\/www.tvorrukama.cz\/#\/schema\/logo\/image\/\"},\"sameAs\":[\"https:\/\/www.facebook.com\/profile.php?id=61572819250284\",\"https:\/\/www.instagram.com\/rukama_kreativni_krabicky\"]}]}<\/script>\n<!-- \/ Yoast SEO plugin. -->","yoast_head_json":{"title":"FAQ - RukaMa","robots":{"index":"index","follow":"follow","max-snippet":"max-snippet:-1","max-image-preview":"max-image-preview:large","max-video-preview":"max-video-preview:-1"},"canonical":"https:\/\/www.tvorrukama.cz\/?page_id=452","og_locale":"cs_CZ","og_type":"article","og_title":"FAQ - RukaMa","og_description":"FAQ \u2013 \u010casto kladen\u00e9 ot\u00e1zky 1. Jak mohu objednat kreativn\u00ed krabi\u010dku? Objedn\u00e1vka je jednoduch\u00e1! Vyberte si krabi\u010dku v na\u0161em e-shopu, p\u0159idejte ji do ko\u0161\u00edku a klikn\u011bte na \u201ePokra\u010dovat k pokladn\u011b\u201c. N\u00e1sledn\u011b vypl\u0148te sv\u00e9 kontaktn\u00ed \u00fadaje, zvolte zp\u016fsob dopravy a platby a potvr\u010fte objedn\u00e1vku. Po odesl\u00e1n\u00ed obdr\u017e\u00edte potvrzen\u00ed na e-mail. 2. Jak\u00e9 platebn\u00ed metody p\u0159ij\u00edm\u00e1te? Platba ... \u010c\u00edst d\u00e1l","og_url":"https:\/\/www.tvorrukama.cz\/?page_id=452","og_site_name":"RukaMa","article_publisher":"https:\/\/www.facebook.com\/profile.php?id=61572819250284","article_modified_time":"2025-06-06T21:12:35+00:00","twitter_card":"summary_large_image","twitter_misc":{"Odhadovan\u00e1 doba \u010dten\u00ed":"2 minuty"},"schema":{"@context":"https:\/\/schema.org","@graph":[{"@type":"WebPage","@id":"https:\/\/www.tvorrukama.cz\/?page_id=452","url":"https:\/\/www.tvorrukama.cz\/?page_id=452","name":"FAQ - RukaMa","isPartOf":{"@id":"https:\/\/www.tvorrukama.cz\/#website"},"datePublished":"2025-03-01T21:53:44+00:00","dateModified":"2025-06-06T21:12:35+00:00","breadcrumb":{"@id":"https:\/\/www.tvorrukama.cz\/?page_id=452#breadcrumb"},"inLanguage":"cs","potentialAction":[{"@type":"ReadAction","target":["https:\/\/www.tvorrukama.cz\/?page_id=452"]}]},{"@type":"BreadcrumbList","@id":"https:\/\/www.tvorrukama.cz\/?page_id=452#breadcrumb","itemListElement":[{"@type":"ListItem","position":1,"name":"Dom\u016f","item":"https:\/\/www.tvorrukama.cz\/"},{"@type":"ListItem","position":2,"name":"FAQ"}]},{"@type":"WebSite","@id":"https:\/\/www.tvorrukama.cz\/#website","url":"https:\/\/www.tvorrukama.cz\/","name":"RukaMa","description":"Kreativn\u00ed krabi\u010dky pro tvo\u0159iv\u00e9 ru\u010di\u010dky","publisher":{"@id":"https:\/\/www.tvorrukama.cz\/#organization"},"potentialAction":[{"@type":"SearchAction","target":{"@type":"EntryPoint","urlTemplate":"https:\/\/www.tvorrukama.cz\/?s={search_term_string}"},"query-input":{"@type":"PropertyValueSpecification","valueRequired":true,"valueName":"search_term_string"}}],"inLanguage":"cs"},{"@type":"Organization","@id":"https:\/\/www.tvorrukama.cz\/#organization","name":"RukaMa","url":"https:\/\/www.tvorrukama.cz\/","logo":{"@type":"ImageObject","inLanguage":"cs","@id":"https:\/\/www.tvorrukama.cz\/#\/schema\/logo\/image\/","url":"https:\/\/www.tvorrukama.cz\/wp-content\/uploads\/2025\/02\/Nadpis-1024x829.png","contentUrl":"https:\/\/www.tvorrukama.cz\/wp-content\/uploads\/2025\/02\/Nadpis-1024x829.png","width":1024,"height":829,"caption":"RukaMa"},"image":{"@id":"https:\/\/www.tvorrukama.cz\/#\/schema\/logo\/image\/"},"sameAs":["https:\/\/www.facebook.com\/profile.php?id=61572819250284","https:\/\/www.instagram.com\/rukama_kreativni_krabicky"]}]}},"_links":{"self":[{"href":"https:\/\/www.tvorrukama.cz\/index.php?rest_route=\/wp\/v2\/pages\/452","targetHints":{"allow":["GET"]}}],"collection":[{"href":"https:\/\/www.tvorrukama.cz\/index.php?rest_route=\/wp\/v2\/pages"}],"about":[{"href":"https:\/\/www.tvorrukama.cz\/index.php?rest_route=\/wp\/v2\/types\/page"}],"author":[{"embeddable":true,"href":"https:\/\/www.tvorrukama.cz\/index.php?rest_route=\/wp\/v2\/users\/1"}],"replies":[{"embeddable":true,"href":"https:\/\/www.tvorrukama.cz\/index.php?rest_route=%2Fwp%2Fv2%2Fcomments&post=452"}],"version-history":[{"count":10,"href":"https:\/\/www.tvorrukama.cz\/index.php?rest_route=\/wp\/v2\/pages\/452\/revisions"}],"predecessor-version":[{"id":837,"href":"https:\/\/www.tvorrukama.cz\/index.php?rest_route=\/wp\/v2\/pages\/452\/revisions\/837"}],"wp:attachment":[{"href":"https:\/\/www.tvorrukama.cz\/index.php?rest_route=%2Fwp%2Fv2%2Fmedia&parent=452"}],"curies":[{"name":"wp","href":"https:\/\/api.w.org\/{rel}","templated":true}]}}