{"id":46,"date":"2025-01-12T22:51:04","date_gmt":"2025-01-12T21:51:04","guid":{"rendered":"https:\/\/www.tvorrukama.cz\/?page_id=46"},"modified":"2025-02-27T23:08:46","modified_gmt":"2025-02-27T22:08:46","slug":"kontakt","status":"publish","type":"page","link":"https:\/\/www.tvorrukama.cz\/?page_id=46","title":{"rendered":"Kontakt"},"content":{"rendered":"<div class=\"wp-block-columns is-layout-flex wp-container-core-columns-is-layout-9d6595d7 wp-block-columns-is-layout-flex\"><div class=\"wp-block-column is-layout-flow wp-block-column-is-layout-flow\"><p><strong>Kontaktujte n\u00e1s<\/strong><\/p>\n\n<p>D\u011bkujeme, \u017ee m\u00e1te z\u00e1jem o na\u0161e kreativn\u00ed krabi\u010dky! R\u00e1di se s V\u00e1mi spoj\u00edme a odpov\u00edme na va\u0161e dotazy. Pokud m\u00e1te jak\u00e9koli ot\u00e1zky, p\u0159ipom\u00ednky nebo n\u00e1vrhy, nev\u00e1hejte n\u00e1s kontaktovat.<\/p>\n\n<p><strong>Email:<\/strong> info@tvorrukama.cz<\/p>\n\n<p><strong>Telefon<\/strong>: 731 021 863 (napi\u0161te sms, zavol\u00e1m)<\/p><\/div>\n\n<div class=\"wp-block-column is-layout-flow wp-block-column-is-layout-flow\"><div class='fluentform ff-inherit-theme-style fluentform_wrapper_1'><form data-form_id=\"1\" id=\"fluentform_1\" class=\"frm-fluent-form fluent_form_1 ff-el-form-top ff_form_instance_1_1 ff-form-loading ffs_inherit_theme\" data-form_instance=\"ff_form_instance_1_1\" method=\"POST\" ><fieldset  style=\"border: none!important;margin: 0!important;padding: 0!important;background-color: transparent!important;box-shadow: none!important;outline: none!important; min-inline-size: 100%;\">\n                    <legend class=\"ff_screen_reader_title\" style=\"display: block; margin: 0!important;padding: 0!important;height: 0!important;text-indent: -999999px;width: 0!important;overflow:hidden;\">Contact Form Demo<\/legend><input type='hidden' name='__fluent_form_embded_post_id' value='46' \/><input type=\"hidden\" id=\"_fluentform_1_fluentformnonce\" name=\"_fluentform_1_fluentformnonce\" value=\"c1440f8b87\" \/><input type=\"hidden\" name=\"_wp_http_referer\" value=\"\/index.php?rest_route=%2Fwp%2Fv2%2Fpages%2F46\" \/><div data-type=\"name-element\" data-name=\"names\" class=\" ff-field_container ff-name-field-wrapper\" ><div class='ff-t-container'><div class='ff-t-cell '><div class='ff-el-group'><div class=\"ff-el-input--label asterisk-right\"><label for='ff_1_names_first_name_' >Jm\u00e9no<\/label><\/div><div class='ff-el-input--content'><input type=\"text\" name=\"names[first_name]\" id=\"ff_1_names_first_name_\" class=\"ff-el-form-control\" placeholder=\"Jm\u00e9no\" aria-invalid=\"false\" aria-required=false><\/div><\/div><\/div><div class='ff-t-cell '><div class='ff-el-group'><div class=\"ff-el-input--label asterisk-right\"><label for='ff_1_names_last_name_' >P\u0159ijmen\u00ed<\/label><\/div><div class='ff-el-input--content'><input type=\"text\" name=\"names[last_name]\" id=\"ff_1_names_last_name_\" class=\"ff-el-form-control\" placeholder=\"P\u0159ijmen\u00ed\" aria-invalid=\"false\" aria-required=false><\/div><\/div><\/div><\/div><\/div><div class='ff-el-group'><div class=\"ff-el-input--label ff-el-is-required asterisk-right\"><label for='ff_1_email' aria-label=\"Email\">Email<\/label><\/div><div class='ff-el-input--content'><input type=\"email\" name=\"email\" id=\"ff_1_email\" class=\"ff-el-form-control\" placeholder=\"V\u00e1\u0161 email\" data-name=\"email\"  aria-invalid=\"false\" aria-required=true><\/div><\/div><div class='ff-el-group'><div class=\"ff-el-input--label ff-el-is-required asterisk-right\"><label for='ff_1_message' aria-label=\"Va\u0161e zpr\u00e1va\">Va\u0161e zpr\u00e1va<\/label><\/div><div class='ff-el-input--content'><textarea aria-invalid=\"false\" aria-required=true name=\"message\" id=\"ff_1_message\" class=\"ff-el-form-control\" placeholder=\"Va\u0161e zpr\u00e1va\" rows=\"4\" cols=\"2\" data-name=\"message\" ><\/textarea><\/div><\/div><div class='ff-el-group ff-text-left ff_submit_btn_wrapper'><button type=\"submit\" class=\"ff-btn ff-btn-submit ff-btn-md ff_btn_no_style\" >Poslat zpr\u00e1vu<\/button><\/div><\/fieldset><\/form><div id='fluentform_1_errors' class='ff-errors-in-stack ff_form_instance_1_1 ff-form-loading_errors ff_form_instance_1_1_errors'><\/div><\/div>        <script type=\"text\/javascript\">\n            window.fluent_form_ff_form_instance_1_1 = {\"id\":\"1\",\"settings\":{\"layout\":{\"labelPlacement\":\"top\",\"helpMessagePlacement\":\"with_label\",\"errorMessagePlacement\":\"inline\",\"cssClassName\":\"\",\"asteriskPlacement\":\"asterisk-right\"},\"restrictions\":{\"denyEmptySubmission\":{\"enabled\":false}}},\"form_instance\":\"ff_form_instance_1_1\",\"form_id_selector\":\"fluentform_1\",\"rules\":{\"names[first_name]\":{\"required\":{\"value\":false,\"message\":\"This field is required\",\"global\":false,\"global_message\":\"This field is required\"}},\"names[middle_name]\":{\"required\":{\"value\":false,\"message\":\"This field is required\",\"global\":false,\"global_message\":\"This field is required\"}},\"names[last_name]\":{\"required\":{\"value\":false,\"message\":\"This field is required\",\"global\":false,\"global_message\":\"This field is required\"}},\"email\":{\"required\":{\"value\":true,\"message\":\"This field is required\",\"global\":false,\"global_message\":\"This field is required\"},\"email\":{\"value\":true,\"message\":\"This field must contain a valid email\",\"global\":false,\"global_message\":\"This field must contain a valid email\"}},\"message\":{\"required\":{\"value\":true,\"message\":\"This field is required\",\"global\":false,\"global_message\":\"This field is required\"}}},\"debounce_time\":300};\n                    <\/script>\n        <\/div><\/div>","protected":false},"excerpt":{"rendered":"<p>Kontaktujte n\u00e1s D\u011bkujeme, \u017ee m\u00e1te z\u00e1jem o na\u0161e kreativn\u00ed krabi\u010dky! R\u00e1di se s V\u00e1mi spoj\u00edme a odpov\u00edme na va\u0161e dotazy. Pokud m\u00e1te jak\u00e9koli ot\u00e1zky, p\u0159ipom\u00ednky nebo n\u00e1vrhy, nev\u00e1hejte n\u00e1s kontaktovat. Email: info@tvorrukama.cz Telefon: 731 021 863 (napi\u0161te sms, zavol\u00e1m)<\/p>\n","protected":false},"author":1,"featured_media":0,"parent":0,"menu_order":0,"comment_status":"closed","ping_status":"closed","template":"","meta":{"footnotes":""},"class_list":["post-46","page","type-page","status-publish"],"yoast_head":"<!-- This site is optimized with the Yoast SEO plugin v24.8.1 - https:\/\/yoast.com\/wordpress\/plugins\/seo\/ -->\n<title>Kontakt - RukaMa<\/title>\n<meta name=\"robots\" content=\"index, follow, max-snippet:-1, max-image-preview:large, max-video-preview:-1\" \/>\n<link rel=\"canonical\" href=\"https:\/\/www.tvorrukama.cz\/?page_id=46\" \/>\n<meta property=\"og:locale\" content=\"cs_CZ\" \/>\n<meta property=\"og:type\" content=\"article\" \/>\n<meta property=\"og:title\" content=\"Kontakt - RukaMa\" \/>\n<meta property=\"og:description\" content=\"Kontaktujte n\u00e1s D\u011bkujeme, \u017ee m\u00e1te z\u00e1jem o na\u0161e kreativn\u00ed krabi\u010dky! R\u00e1di se s V\u00e1mi spoj\u00edme a odpov\u00edme na va\u0161e dotazy. Pokud m\u00e1te jak\u00e9koli ot\u00e1zky, p\u0159ipom\u00ednky nebo n\u00e1vrhy, nev\u00e1hejte n\u00e1s kontaktovat. Email: info@tvorrukama.cz Telefon: 731 021 863 (napi\u0161te sms, zavol\u00e1m)\" \/>\n<meta property=\"og:url\" content=\"https:\/\/www.tvorrukama.cz\/?page_id=46\" \/>\n<meta property=\"og:site_name\" content=\"RukaMa\" \/>\n<meta property=\"article:publisher\" content=\"https:\/\/www.facebook.com\/profile.php?id=61572819250284\" \/>\n<meta property=\"article:modified_time\" content=\"2025-02-27T22:08:46+00:00\" \/>\n<meta name=\"twitter:card\" content=\"summary_large_image\" \/>\n<script type=\"application\/ld+json\" class=\"yoast-schema-graph\">{\"@context\":\"https:\/\/schema.org\",\"@graph\":[{\"@type\":\"WebPage\",\"@id\":\"https:\/\/www.tvorrukama.cz\/?page_id=46\",\"url\":\"https:\/\/www.tvorrukama.cz\/?page_id=46\",\"name\":\"Kontakt - RukaMa\",\"isPartOf\":{\"@id\":\"https:\/\/www.tvorrukama.cz\/#website\"},\"datePublished\":\"2025-01-12T21:51:04+00:00\",\"dateModified\":\"2025-02-27T22:08:46+00:00\",\"breadcrumb\":{\"@id\":\"https:\/\/www.tvorrukama.cz\/?page_id=46#breadcrumb\"},\"inLanguage\":\"cs\",\"potentialAction\":[{\"@type\":\"ReadAction\",\"target\":[\"https:\/\/www.tvorrukama.cz\/?page_id=46\"]}]},{\"@type\":\"BreadcrumbList\",\"@id\":\"https:\/\/www.tvorrukama.cz\/?page_id=46#breadcrumb\",\"itemListElement\":[{\"@type\":\"ListItem\",\"position\":1,\"name\":\"Dom\u016f\",\"item\":\"https:\/\/www.tvorrukama.cz\/\"},{\"@type\":\"ListItem\",\"position\":2,\"name\":\"Kontakt\"}]},{\"@type\":\"WebSite\",\"@id\":\"https:\/\/www.tvorrukama.cz\/#website\",\"url\":\"https:\/\/www.tvorrukama.cz\/\",\"name\":\"RukaMa\",\"description\":\"Kreativn\u00ed krabi\u010dky pro tvo\u0159iv\u00e9 ru\u010di\u010dky\",\"publisher\":{\"@id\":\"https:\/\/www.tvorrukama.cz\/#organization\"},\"potentialAction\":[{\"@type\":\"SearchAction\",\"target\":{\"@type\":\"EntryPoint\",\"urlTemplate\":\"https:\/\/www.tvorrukama.cz\/?s={search_term_string}\"},\"query-input\":{\"@type\":\"PropertyValueSpecification\",\"valueRequired\":true,\"valueName\":\"search_term_string\"}}],\"inLanguage\":\"cs\"},{\"@type\":\"Organization\",\"@id\":\"https:\/\/www.tvorrukama.cz\/#organization\",\"name\":\"RukaMa\",\"url\":\"https:\/\/www.tvorrukama.cz\/\",\"logo\":{\"@type\":\"ImageObject\",\"inLanguage\":\"cs\",\"@id\":\"https:\/\/www.tvorrukama.cz\/#\/schema\/logo\/image\/\",\"url\":\"https:\/\/www.tvorrukama.cz\/wp-content\/uploads\/2025\/02\/Nadpis-1024x829.png\",\"contentUrl\":\"https:\/\/www.tvorrukama.cz\/wp-content\/uploads\/2025\/02\/Nadpis-1024x829.png\",\"width\":1024,\"height\":829,\"caption\":\"RukaMa\"},\"image\":{\"@id\":\"https:\/\/www.tvorrukama.cz\/#\/schema\/logo\/image\/\"},\"sameAs\":[\"https:\/\/www.facebook.com\/profile.php?id=61572819250284\",\"https:\/\/www.instagram.com\/rukama_kreativni_krabicky\"]}]}<\/script>\n<!-- \/ Yoast SEO plugin. -->","yoast_head_json":{"title":"Kontakt - RukaMa","robots":{"index":"index","follow":"follow","max-snippet":"max-snippet:-1","max-image-preview":"max-image-preview:large","max-video-preview":"max-video-preview:-1"},"canonical":"https:\/\/www.tvorrukama.cz\/?page_id=46","og_locale":"cs_CZ","og_type":"article","og_title":"Kontakt - RukaMa","og_description":"Kontaktujte n\u00e1s D\u011bkujeme, \u017ee m\u00e1te z\u00e1jem o na\u0161e kreativn\u00ed krabi\u010dky! R\u00e1di se s V\u00e1mi spoj\u00edme a odpov\u00edme na va\u0161e dotazy. Pokud m\u00e1te jak\u00e9koli ot\u00e1zky, p\u0159ipom\u00ednky nebo n\u00e1vrhy, nev\u00e1hejte n\u00e1s kontaktovat. Email: info@tvorrukama.cz Telefon: 731 021 863 (napi\u0161te sms, zavol\u00e1m)","og_url":"https:\/\/www.tvorrukama.cz\/?page_id=46","og_site_name":"RukaMa","article_publisher":"https:\/\/www.facebook.com\/profile.php?id=61572819250284","article_modified_time":"2025-02-27T22:08:46+00:00","twitter_card":"summary_large_image","schema":{"@context":"https:\/\/schema.org","@graph":[{"@type":"WebPage","@id":"https:\/\/www.tvorrukama.cz\/?page_id=46","url":"https:\/\/www.tvorrukama.cz\/?page_id=46","name":"Kontakt - RukaMa","isPartOf":{"@id":"https:\/\/www.tvorrukama.cz\/#website"},"datePublished":"2025-01-12T21:51:04+00:00","dateModified":"2025-02-27T22:08:46+00:00","breadcrumb":{"@id":"https:\/\/www.tvorrukama.cz\/?page_id=46#breadcrumb"},"inLanguage":"cs","potentialAction":[{"@type":"ReadAction","target":["https:\/\/www.tvorrukama.cz\/?page_id=46"]}]},{"@type":"BreadcrumbList","@id":"https:\/\/www.tvorrukama.cz\/?page_id=46#breadcrumb","itemListElement":[{"@type":"ListItem","position":1,"name":"Dom\u016f","item":"https:\/\/www.tvorrukama.cz\/"},{"@type":"ListItem","position":2,"name":"Kontakt"}]},{"@type":"WebSite","@id":"https:\/\/www.tvorrukama.cz\/#website","url":"https:\/\/www.tvorrukama.cz\/","name":"RukaMa","description":"Kreativn\u00ed krabi\u010dky pro tvo\u0159iv\u00e9 ru\u010di\u010dky","publisher":{"@id":"https:\/\/www.tvorrukama.cz\/#organization"},"potentialAction":[{"@type":"SearchAction","target":{"@type":"EntryPoint","urlTemplate":"https:\/\/www.tvorrukama.cz\/?s={search_term_string}"},"query-input":{"@type":"PropertyValueSpecification","valueRequired":true,"valueName":"search_term_string"}}],"inLanguage":"cs"},{"@type":"Organization","@id":"https:\/\/www.tvorrukama.cz\/#organization","name":"RukaMa","url":"https:\/\/www.tvorrukama.cz\/","logo":{"@type":"ImageObject","inLanguage":"cs","@id":"https:\/\/www.tvorrukama.cz\/#\/schema\/logo\/image\/","url":"https:\/\/www.tvorrukama.cz\/wp-content\/uploads\/2025\/02\/Nadpis-1024x829.png","contentUrl":"https:\/\/www.tvorrukama.cz\/wp-content\/uploads\/2025\/02\/Nadpis-1024x829.png","width":1024,"height":829,"caption":"RukaMa"},"image":{"@id":"https:\/\/www.tvorrukama.cz\/#\/schema\/logo\/image\/"},"sameAs":["https:\/\/www.facebook.com\/profile.php?id=61572819250284","https:\/\/www.instagram.com\/rukama_kreativni_krabicky"]}]}},"_links":{"self":[{"href":"https:\/\/www.tvorrukama.cz\/index.php?rest_route=\/wp\/v2\/pages\/46","targetHints":{"allow":["GET"]}}],"collection":[{"href":"https:\/\/www.tvorrukama.cz\/index.php?rest_route=\/wp\/v2\/pages"}],"about":[{"href":"https:\/\/www.tvorrukama.cz\/index.php?rest_route=\/wp\/v2\/types\/page"}],"author":[{"embeddable":true,"href":"https:\/\/www.tvorrukama.cz\/index.php?rest_route=\/wp\/v2\/users\/1"}],"replies":[{"embeddable":true,"href":"https:\/\/www.tvorrukama.cz\/index.php?rest_route=%2Fwp%2Fv2%2Fcomments&post=46"}],"version-history":[{"count":7,"href":"https:\/\/www.tvorrukama.cz\/index.php?rest_route=\/wp\/v2\/pages\/46\/revisions"}],"predecessor-version":[{"id":656,"href":"https:\/\/www.tvorrukama.cz\/index.php?rest_route=\/wp\/v2\/pages\/46\/revisions\/656"}],"wp:attachment":[{"href":"https:\/\/www.tvorrukama.cz\/index.php?rest_route=%2Fwp%2Fv2%2Fmedia&parent=46"}],"curies":[{"name":"wp","href":"https:\/\/api.w.org\/{rel}","templated":true}]}}