{"id":1019,"date":"2026-02-22T22:00:23","date_gmt":"2026-02-22T21:00:23","guid":{"rendered":"https:\/\/www.tvorrukama.cz\/?post_type=product&#038;p=1019"},"modified":"2026-02-22T22:38:56","modified_gmt":"2026-02-22T21:38:56","slug":"kreativni-krabicka-jaro-a-velikonoce","status":"publish","type":"product","link":"https:\/\/www.tvorrukama.cz\/?product=kreativni-krabicka-jaro-a-velikonoce","title":{"rendered":"Kreativn\u00ed krabi\u010dka &#8211; Jaro a Velikonoce"},"content":{"rendered":"<p><strong>V krabi\u010dce najdete \u0161irokou \u0161k\u00e1lu r\u016fzn\u00fdch materi\u00e1l\u016f*, mezi nimi nap\u0159\u00edklad:<\/strong><\/p>\n<ul>\n<li>Modelovac\u00ed dr\u00e1tky<\/li>\n<li>Bambulky (pom pomy)<\/li>\n<li>Pohybliv\u00e1 o\u010dka<\/li>\n<li>P\u011bnov\u00e9 samolepky<\/li>\n<li>Kv\u011btin\u00e1\u010d, zeminu a osen\u00ed<\/li>\n<li>Barevn\u00e1 d\u0159\u00edvka<\/li>\n<li>Pe\u0159\u00ed\u010dka<\/li>\n<li>Kor\u00e1lky a bezpe\u010dnou d\u011btskou jehlu<\/li>\n<li>D\u0159ev\u011bn\u00e9 v\u00fd\u0159ezy k\u00a0pomalov\u00e1n\u00ed<\/li>\n<li>R\u016fznobarevn\u00fd filc a p\u011bnovou gumu moosgummi<\/li>\n<li>Hedv\u00e1bn\u00e9 pap\u00edry<\/li>\n<\/ul>\n<p>V p\u0159ilo\u017een\u00e9 sloze najdete r\u016fznobarevn\u00e9 pap\u00edry a kartony a n\u011bkolik r\u016fzn\u00fdch \u0161ablon pro tvo\u0159en\u00ed s jarn\u00ed tematikou.<\/p>\n<p>Sou\u010d\u00e1st\u00ed je tak\u00e9 16str\u00e1nkov\u00e1 bro\u017eura s\u00a0inspirac\u00ed, n\u00e1vody a n\u00e1pady k\u00a0vytvo\u0159en\u00ed v\u00edce ne\u017e des\u00edtky r\u016fzn\u00fdch v\u00fdrobk\u016f. Najdete v\u00a0n\u00ed fotopostupy i slovn\u00ed popisy, rady a praktick\u00e9 tipy.<\/p>\n<p><strong>Dle n\u00e1vod\u016f si m\u016f\u017eete vyrobit:<\/strong><\/p>\n<ul>\n<li>kv\u011btin\u00e1\u010d s\u00a0osen\u00edm<\/li>\n<li>ozdobn\u00e9 z\u00e1pichy<\/li>\n<li>roztomil\u00e1 zv\u00ed\u0159\u00e1tka<\/li>\n<li>vesel\u00e9 3D kv\u011btiny<\/li>\n<li>pestrobarevnou dekoraci do okna<\/li>\n<li>jarn\u00ed girlandu k\u00a0zav\u011b\u0161en\u00ed<\/li>\n<li>a mnoh\u00e9 dal\u0161\u00ed<\/li>\n<\/ul>\n<p>Nemus\u00edte se nav\u00edc omezovat jen na tvo\u0159en\u00ed z\u00a0bro\u017eury, fantazii Va\u0161ich mal\u00fdch um\u011blc\u016f se meze nekladou. \ud83d\ude0a<\/p>\n<p>\ud83d\udc9a Ka\u017ed\u00e1 krabi\u010dka je ru\u010dn\u011b a s\u00a0l\u00e1skou p\u0159ipravena a testov\u00e1na m\u00fdmi dv\u011bma mal\u00fdmi pomocn\u00edky (zat\u00edm tedy hlavn\u011b t\u00edm star\u0161\u00edm). Ne\u017e se dostane k v\u00e1m, projde tak\u00e9 rukama dal\u0161\u00edch d\u011bt\u00ed v\u00a0m\u00e9m okol\u00ed, kter\u00e9 se s\u00a0nad\u0161en\u00edm pod\u00edlen\u00ed na zkou\u0161en\u00ed jednotliv\u00fdch aktivit. Proto v\u011b\u0159\u00edm, \u017ee i Va\u0161e d\u011bti zaujme a V\u00e1m u\u0161et\u0159\u00ed \u010das (i nervy) a p\u0159inese kvalitn\u011b str\u00e1ven\u00fd spole\u010dn\u00fd \u010das. \ud83d\udc9a<\/p>\n<p>*Krabi\u010dky neobsahuj\u00ed z\u00e1kladn\u00ed v\u00fdtvarn\u00e9 pot\u0159eby jako jsou n\u016f\u017eky, lepidlo, barvy, paleta, \u0161t\u011btce, fixy. Pokud t\u011bmito pot\u0159ebami zat\u00edm nejste vybaveni, m\u016f\u017eete si spolu s objedn\u00e1vkou prvn\u00ed krabi\u010dky objednat tak\u00e9 set z\u00e1kladn\u00edch v\u00fdtvarn\u00fdch pot\u0159eb, kter\u00e9 budete n\u00e1sledn\u011b vyu\u017e\u00edvat i u v\u0161ech dal\u0161\u00edch krabi\u010dek.<\/p>\n<p><em>Produkt obsahuje mal\u00e9 \u010d\u00e1sti a m\u011bl by proto b\u00fdt pou\u017e\u00edv\u00e1n pod dohledem dosp\u011bl\u00fdch. <\/em><\/p>\n<p><em>Barevn\u00e9 kombinace se mohou li\u0161it na z\u00e1klad\u011b skladov\u00fdch z\u00e1sob.<\/em><\/p>\n","protected":false},"excerpt":{"rendered":"<p>P\u0159ipravte se na jaro a Velikonoce! U\u017eijte si je s tvo\u0159en\u00edm z na\u0161\u00ed kreativn\u00ed krabi\u010dky. Vyrobte si pestrobarevnou v\u00fdzdobu do oken, zasa\u010fte osen\u00ed a sledujte, jak roste, vytvo\u0159te si vesel\u00e1 zv\u00ed\u0159\u00e1tka z r\u016fzn\u00fdch materi\u00e1l\u016f a u\u017eijte si s nimi dal\u0161\u00ed hry. Nechte d\u011bti, a\u0165 se pono\u0159\u00ed do sv\u011bta barev, tvar\u016f a fantazie \u2013 bez slo\u017eit\u00fdch p\u0159\u00edprav a s jistotou z\u00e1bavy na dlouh\u00e9 hodiny. V\u0161e, co budete pot\u0159ebovat, najdete v krabi\u010dce a m\u016f\u017eete se tak rovnou pustit do tvo\u0159en\u00ed.<\/p>\n","protected":false},"featured_media":741,"template":"","meta":[],"product_brand":[],"product_cat":[48],"product_tag":[],"class_list":{"0":"post-1019","1":"product","2":"type-product","3":"status-publish","4":"has-post-thumbnail","6":"product_cat-kreativni-krabicky","8":"first","9":"instock","10":"shipping-taxable","11":"purchasable","12":"product-type-simple"},"yoast_head":"<!-- This site is optimized with the Yoast SEO plugin v24.8.1 - https:\/\/yoast.com\/wordpress\/plugins\/seo\/ -->\n<title>Kreativn\u00ed krabi\u010dka - Jaro a Velikonoce - RukaMa<\/title>\n<meta name=\"robots\" content=\"index, follow, max-snippet:-1, max-image-preview:large, max-video-preview:-1\" \/>\n<link rel=\"canonical\" href=\"https:\/\/www.tvorrukama.cz\/?product=kreativni-krabicka-jaro-a-velikonoce\" \/>\n<meta property=\"og:locale\" content=\"cs_CZ\" \/>\n<meta property=\"og:type\" content=\"article\" \/>\n<meta property=\"og:title\" content=\"Kreativn\u00ed krabi\u010dka - Jaro a Velikonoce - RukaMa\" \/>\n<meta property=\"og:description\" content=\"P\u0159ipravte se na jaro a Velikonoce! U\u017eijte si je s tvo\u0159en\u00edm z na\u0161\u00ed kreativn\u00ed krabi\u010dky. Vyrobte si pestrobarevnou v\u00fdzdobu do oken, zasa\u010fte osen\u00ed a sledujte, jak roste, vytvo\u0159te si vesel\u00e1 zv\u00ed\u0159\u00e1tka z r\u016fzn\u00fdch materi\u00e1l\u016f a u\u017eijte si s nimi dal\u0161\u00ed hry. Nechte d\u011bti, a\u0165 se pono\u0159\u00ed do sv\u011bta barev, tvar\u016f a fantazie \u2013 bez slo\u017eit\u00fdch p\u0159\u00edprav a s jistotou z\u00e1bavy na dlouh\u00e9 hodiny. V\u0161e, co budete pot\u0159ebovat, najdete v krabi\u010dce a m\u016f\u017eete se tak rovnou pustit do tvo\u0159en\u00ed.\" \/>\n<meta property=\"og:url\" content=\"https:\/\/www.tvorrukama.cz\/?product=kreativni-krabicka-jaro-a-velikonoce\" \/>\n<meta property=\"og:site_name\" content=\"RukaMa\" \/>\n<meta property=\"article:publisher\" content=\"https:\/\/www.facebook.com\/profile.php?id=61572819250284\" \/>\n<meta property=\"article:modified_time\" content=\"2026-02-22T21:38:56+00:00\" \/>\n<meta property=\"og:image\" content=\"https:\/\/www.tvorrukama.cz\/wp-content\/uploads\/2025\/03\/Jaro-Prehled-jas-material_PREFOCENO-1024x889.png\" \/>\n\t<meta property=\"og:image:width\" content=\"1024\" \/>\n\t<meta property=\"og:image:height\" content=\"889\" \/>\n\t<meta property=\"og:image:type\" content=\"image\/png\" \/>\n<meta name=\"twitter:card\" content=\"summary_large_image\" \/>\n<meta name=\"twitter:label1\" content=\"Odhadovan\u00e1 doba \u010dten\u00ed\" \/>\n\t<meta name=\"twitter:data1\" content=\"2 minuty\" \/>\n<script type=\"application\/ld+json\" class=\"yoast-schema-graph\">{\"@context\":\"https:\/\/schema.org\",\"@graph\":[{\"@type\":\"WebPage\",\"@id\":\"https:\/\/www.tvorrukama.cz\/?product=kreativni-krabicka-jaro-a-velikonoce\",\"url\":\"https:\/\/www.tvorrukama.cz\/?product=kreativni-krabicka-jaro-a-velikonoce\",\"name\":\"Kreativn\u00ed krabi\u010dka - Jaro a Velikonoce - RukaMa\",\"isPartOf\":{\"@id\":\"https:\/\/www.tvorrukama.cz\/#website\"},\"primaryImageOfPage\":{\"@id\":\"https:\/\/www.tvorrukama.cz\/?product=kreativni-krabicka-jaro-a-velikonoce#primaryimage\"},\"image\":{\"@id\":\"https:\/\/www.tvorrukama.cz\/?product=kreativni-krabicka-jaro-a-velikonoce#primaryimage\"},\"thumbnailUrl\":\"https:\/\/www.tvorrukama.cz\/wp-content\/uploads\/2025\/03\/Jaro-Prehled-jas-material_PREFOCENO.png\",\"datePublished\":\"2026-02-22T21:00:23+00:00\",\"dateModified\":\"2026-02-22T21:38:56+00:00\",\"breadcrumb\":{\"@id\":\"https:\/\/www.tvorrukama.cz\/?product=kreativni-krabicka-jaro-a-velikonoce#breadcrumb\"},\"inLanguage\":\"cs\",\"potentialAction\":[{\"@type\":\"ReadAction\",\"target\":[\"https:\/\/www.tvorrukama.cz\/?product=kreativni-krabicka-jaro-a-velikonoce\"]}]},{\"@type\":\"ImageObject\",\"inLanguage\":\"cs\",\"@id\":\"https:\/\/www.tvorrukama.cz\/?product=kreativni-krabicka-jaro-a-velikonoce#primaryimage\",\"url\":\"https:\/\/www.tvorrukama.cz\/wp-content\/uploads\/2025\/03\/Jaro-Prehled-jas-material_PREFOCENO.png\",\"contentUrl\":\"https:\/\/www.tvorrukama.cz\/wp-content\/uploads\/2025\/03\/Jaro-Prehled-jas-material_PREFOCENO.png\",\"width\":1649,\"height\":1431},{\"@type\":\"BreadcrumbList\",\"@id\":\"https:\/\/www.tvorrukama.cz\/?product=kreativni-krabicka-jaro-a-velikonoce#breadcrumb\",\"itemListElement\":[{\"@type\":\"ListItem\",\"position\":1,\"name\":\"Dom\u016f\",\"item\":\"https:\/\/www.tvorrukama.cz\/\"},{\"@type\":\"ListItem\",\"position\":2,\"name\":\"E-Shop\",\"item\":\"https:\/\/www.tvorrukama.cz\/?page_id=26\"},{\"@type\":\"ListItem\",\"position\":3,\"name\":\"Kreativn\u00ed krabi\u010dka &#8211; Jaro a Velikonoce\"}]},{\"@type\":\"WebSite\",\"@id\":\"https:\/\/www.tvorrukama.cz\/#website\",\"url\":\"https:\/\/www.tvorrukama.cz\/\",\"name\":\"RukaMa\",\"description\":\"Kreativn\u00ed krabi\u010dky pro tvo\u0159iv\u00e9 ru\u010di\u010dky\",\"publisher\":{\"@id\":\"https:\/\/www.tvorrukama.cz\/#organization\"},\"potentialAction\":[{\"@type\":\"SearchAction\",\"target\":{\"@type\":\"EntryPoint\",\"urlTemplate\":\"https:\/\/www.tvorrukama.cz\/?s={search_term_string}\"},\"query-input\":{\"@type\":\"PropertyValueSpecification\",\"valueRequired\":true,\"valueName\":\"search_term_string\"}}],\"inLanguage\":\"cs\"},{\"@type\":\"Organization\",\"@id\":\"https:\/\/www.tvorrukama.cz\/#organization\",\"name\":\"RukaMa\",\"url\":\"https:\/\/www.tvorrukama.cz\/\",\"logo\":{\"@type\":\"ImageObject\",\"inLanguage\":\"cs\",\"@id\":\"https:\/\/www.tvorrukama.cz\/#\/schema\/logo\/image\/\",\"url\":\"https:\/\/www.tvorrukama.cz\/wp-content\/uploads\/2025\/02\/Nadpis-1024x829.png\",\"contentUrl\":\"https:\/\/www.tvorrukama.cz\/wp-content\/uploads\/2025\/02\/Nadpis-1024x829.png\",\"width\":1024,\"height\":829,\"caption\":\"RukaMa\"},\"image\":{\"@id\":\"https:\/\/www.tvorrukama.cz\/#\/schema\/logo\/image\/\"},\"sameAs\":[\"https:\/\/www.facebook.com\/profile.php?id=61572819250284\",\"https:\/\/www.instagram.com\/rukama_kreativni_krabicky\"]}]}<\/script>\n<!-- \/ Yoast SEO plugin. -->","yoast_head_json":{"title":"Kreativn\u00ed krabi\u010dka - Jaro a Velikonoce - RukaMa","robots":{"index":"index","follow":"follow","max-snippet":"max-snippet:-1","max-image-preview":"max-image-preview:large","max-video-preview":"max-video-preview:-1"},"canonical":"https:\/\/www.tvorrukama.cz\/?product=kreativni-krabicka-jaro-a-velikonoce","og_locale":"cs_CZ","og_type":"article","og_title":"Kreativn\u00ed krabi\u010dka - Jaro a Velikonoce - RukaMa","og_description":"P\u0159ipravte se na jaro a Velikonoce! U\u017eijte si je s tvo\u0159en\u00edm z na\u0161\u00ed kreativn\u00ed krabi\u010dky. Vyrobte si pestrobarevnou v\u00fdzdobu do oken, zasa\u010fte osen\u00ed a sledujte, jak roste, vytvo\u0159te si vesel\u00e1 zv\u00ed\u0159\u00e1tka z r\u016fzn\u00fdch materi\u00e1l\u016f a u\u017eijte si s nimi dal\u0161\u00ed hry. Nechte d\u011bti, a\u0165 se pono\u0159\u00ed do sv\u011bta barev, tvar\u016f a fantazie \u2013 bez slo\u017eit\u00fdch p\u0159\u00edprav a s jistotou z\u00e1bavy na dlouh\u00e9 hodiny. V\u0161e, co budete pot\u0159ebovat, najdete v krabi\u010dce a m\u016f\u017eete se tak rovnou pustit do tvo\u0159en\u00ed.","og_url":"https:\/\/www.tvorrukama.cz\/?product=kreativni-krabicka-jaro-a-velikonoce","og_site_name":"RukaMa","article_publisher":"https:\/\/www.facebook.com\/profile.php?id=61572819250284","article_modified_time":"2026-02-22T21:38:56+00:00","og_image":[{"width":1024,"height":889,"url":"https:\/\/www.tvorrukama.cz\/wp-content\/uploads\/2025\/03\/Jaro-Prehled-jas-material_PREFOCENO-1024x889.png","type":"image\/png"}],"twitter_card":"summary_large_image","twitter_misc":{"Odhadovan\u00e1 doba \u010dten\u00ed":"2 minuty"},"schema":{"@context":"https:\/\/schema.org","@graph":[{"@type":"WebPage","@id":"https:\/\/www.tvorrukama.cz\/?product=kreativni-krabicka-jaro-a-velikonoce","url":"https:\/\/www.tvorrukama.cz\/?product=kreativni-krabicka-jaro-a-velikonoce","name":"Kreativn\u00ed krabi\u010dka - Jaro a Velikonoce - RukaMa","isPartOf":{"@id":"https:\/\/www.tvorrukama.cz\/#website"},"primaryImageOfPage":{"@id":"https:\/\/www.tvorrukama.cz\/?product=kreativni-krabicka-jaro-a-velikonoce#primaryimage"},"image":{"@id":"https:\/\/www.tvorrukama.cz\/?product=kreativni-krabicka-jaro-a-velikonoce#primaryimage"},"thumbnailUrl":"https:\/\/www.tvorrukama.cz\/wp-content\/uploads\/2025\/03\/Jaro-Prehled-jas-material_PREFOCENO.png","datePublished":"2026-02-22T21:00:23+00:00","dateModified":"2026-02-22T21:38:56+00:00","breadcrumb":{"@id":"https:\/\/www.tvorrukama.cz\/?product=kreativni-krabicka-jaro-a-velikonoce#breadcrumb"},"inLanguage":"cs","potentialAction":[{"@type":"ReadAction","target":["https:\/\/www.tvorrukama.cz\/?product=kreativni-krabicka-jaro-a-velikonoce"]}]},{"@type":"ImageObject","inLanguage":"cs","@id":"https:\/\/www.tvorrukama.cz\/?product=kreativni-krabicka-jaro-a-velikonoce#primaryimage","url":"https:\/\/www.tvorrukama.cz\/wp-content\/uploads\/2025\/03\/Jaro-Prehled-jas-material_PREFOCENO.png","contentUrl":"https:\/\/www.tvorrukama.cz\/wp-content\/uploads\/2025\/03\/Jaro-Prehled-jas-material_PREFOCENO.png","width":1649,"height":1431},{"@type":"BreadcrumbList","@id":"https:\/\/www.tvorrukama.cz\/?product=kreativni-krabicka-jaro-a-velikonoce#breadcrumb","itemListElement":[{"@type":"ListItem","position":1,"name":"Dom\u016f","item":"https:\/\/www.tvorrukama.cz\/"},{"@type":"ListItem","position":2,"name":"E-Shop","item":"https:\/\/www.tvorrukama.cz\/?page_id=26"},{"@type":"ListItem","position":3,"name":"Kreativn\u00ed krabi\u010dka &#8211; Jaro a Velikonoce"}]},{"@type":"WebSite","@id":"https:\/\/www.tvorrukama.cz\/#website","url":"https:\/\/www.tvorrukama.cz\/","name":"RukaMa","description":"Kreativn\u00ed krabi\u010dky pro tvo\u0159iv\u00e9 ru\u010di\u010dky","publisher":{"@id":"https:\/\/www.tvorrukama.cz\/#organization"},"potentialAction":[{"@type":"SearchAction","target":{"@type":"EntryPoint","urlTemplate":"https:\/\/www.tvorrukama.cz\/?s={search_term_string}"},"query-input":{"@type":"PropertyValueSpecification","valueRequired":true,"valueName":"search_term_string"}}],"inLanguage":"cs"},{"@type":"Organization","@id":"https:\/\/www.tvorrukama.cz\/#organization","name":"RukaMa","url":"https:\/\/www.tvorrukama.cz\/","logo":{"@type":"ImageObject","inLanguage":"cs","@id":"https:\/\/www.tvorrukama.cz\/#\/schema\/logo\/image\/","url":"https:\/\/www.tvorrukama.cz\/wp-content\/uploads\/2025\/02\/Nadpis-1024x829.png","contentUrl":"https:\/\/www.tvorrukama.cz\/wp-content\/uploads\/2025\/02\/Nadpis-1024x829.png","width":1024,"height":829,"caption":"RukaMa"},"image":{"@id":"https:\/\/www.tvorrukama.cz\/#\/schema\/logo\/image\/"},"sameAs":["https:\/\/www.facebook.com\/profile.php?id=61572819250284","https:\/\/www.instagram.com\/rukama_kreativni_krabicky"]}]}},"_links":{"self":[{"href":"https:\/\/www.tvorrukama.cz\/index.php?rest_route=\/wp\/v2\/product\/1019","targetHints":{"allow":["GET"]}}],"collection":[{"href":"https:\/\/www.tvorrukama.cz\/index.php?rest_route=\/wp\/v2\/product"}],"about":[{"href":"https:\/\/www.tvorrukama.cz\/index.php?rest_route=\/wp\/v2\/types\/product"}],"wp:featuredmedia":[{"embeddable":true,"href":"https:\/\/www.tvorrukama.cz\/index.php?rest_route=\/wp\/v2\/media\/741"}],"wp:attachment":[{"href":"https:\/\/www.tvorrukama.cz\/index.php?rest_route=%2Fwp%2Fv2%2Fmedia&parent=1019"}],"wp:term":[{"taxonomy":"product_brand","embeddable":true,"href":"https:\/\/www.tvorrukama.cz\/index.php?rest_route=%2Fwp%2Fv2%2Fproduct_brand&post=1019"},{"taxonomy":"product_cat","embeddable":true,"href":"https:\/\/www.tvorrukama.cz\/index.php?rest_route=%2Fwp%2Fv2%2Fproduct_cat&post=1019"},{"taxonomy":"product_tag","embeddable":true,"href":"https:\/\/www.tvorrukama.cz\/index.php?rest_route=%2Fwp%2Fv2%2Fproduct_tag&post=1019"}],"curies":[{"name":"wp","href":"https:\/\/api.w.org\/{rel}","templated":true}]}}