{"id":789,"date":"2025-04-16T22:18:57","date_gmt":"2025-04-16T20:18:57","guid":{"rendered":"https:\/\/www.tvorrukama.cz\/?post_type=product&#038;p=789"},"modified":"2026-02-15T00:31:26","modified_gmt":"2026-02-14T23:31:26","slug":"kreativni-krabicka-svet-fantasie-aktualni-kveten","status":"publish","type":"product","link":"https:\/\/www.tvorrukama.cz\/?product=kreativni-krabicka-svet-fantasie-aktualni-kveten","title":{"rendered":"Kreativn\u00ed krabi\u010dka &#8211; Sv\u011bt Fantazie"},"content":{"rendered":"<p><strong>V krabi\u010dce najdete \u0161irokou \u0161k\u00e1lu r\u016fzn\u00fdch materi\u00e1l\u016f*, mezi nimi nap\u0159\u00edklad:<\/strong><\/p>\n<ul>\n<li>T\u0159pytiv\u00e9 modelovac\u00ed dr\u00e1tky<\/li>\n<li>T\u0159pytivou samolep\u00edc\u00ed p\u011bnovku<\/li>\n<li>Glitrov\u00e1 lepidla<\/li>\n<li>Nalepovac\u00ed \u201edrahokamy\u201c<\/li>\n<li>Flitry<\/li>\n<li>Bambulky (pom pomy)<\/li>\n<li>Pohybliv\u00e1 o\u010dka<\/li>\n<li>Filcov\u00e9 samolepky<\/li>\n<li>Barevn\u00e1 d\u0159\u00edvka<\/li>\n<li>Pap\u00edrov\u00e9 v\u00fd\u0159ezy v barv\u00e1ch duhy<\/li>\n<\/ul>\n<p>V\u00a0p\u0159ilo\u017een\u00e9 sloze najdete r\u016fznobarevn\u00e9 pap\u00edry a kartony a mno\u017estv\u00ed \u0161ablon usnad\u0148uj\u00edc\u00edch tvo\u0159en\u00ed.<\/p>\n<p>Sou\u010d\u00e1st\u00ed je tak\u00e9 16str\u00e1nkov\u00e1 bro\u017eura s\u00a0inspirac\u00ed, n\u00e1vody a n\u00e1pady k\u00a0vytvo\u0159en\u00ed v\u00edce ne\u017e des\u00edtky r\u016fzn\u00fdch v\u00fdrobk\u016f. Najdete v\u00a0n\u00ed fotopostupy i slovn\u00ed popisy, rady a praktick\u00e9 tipy.<\/p>\n<p><strong>Dle n\u00e1vod\u016f si m\u016f\u017eete vyrobit:<\/strong><\/p>\n<ul>\n<li>jednoro\u017ece s pestrobarevnou h\u0159\u00edvou<\/li>\n<li>t\u0159pytivou v\u00edlu k zav\u011b\u0159en\u00ed<\/li>\n<li>kouzelnou h\u016flku<\/li>\n<li>kr\u00e1lovskou korunu<\/li>\n<li>poh\u00e1dkov\u00e9 draky<\/li>\n<li>veselou duhu<\/li>\n<li>a mnoh\u00e9 dal\u0161\u00ed<\/li>\n<\/ul>\n<p>Nemus\u00edte se nav\u00edc omezovat jen na tvo\u0159en\u00ed z\u00a0bro\u017eury, fantazii Va\u0161ich mal\u00fdch um\u011blc\u016f se meze nekladou. \ud83d\ude0a<\/p>\n<p>\ud83d\udc9a Ka\u017ed\u00e1 krabi\u010dka je ru\u010dn\u011b a s\u00a0l\u00e1skou p\u0159ipravena a testov\u00e1na m\u00fdmi dv\u011bma mal\u00fdmi pomocn\u00edky (zat\u00edm tedy hlavn\u011b t\u00edm star\u0161\u00edm). Ne\u017e se dostane k v\u00e1m, projde tak\u00e9 rukama dal\u0161\u00edch d\u011bt\u00ed v\u00a0m\u00e9m okol\u00ed, kter\u00e9 se s\u00a0nad\u0161en\u00edm pod\u00edlen\u00ed na zkou\u0161en\u00ed jednotliv\u00fdch aktivit. Proto v\u011b\u0159\u00edm, \u017ee i Va\u0161e d\u011bti zaujme a V\u00e1m u\u0161et\u0159\u00ed \u010das (i nervy) a p\u0159inese kvalitn\u011b str\u00e1ven\u00fd spole\u010dn\u00fd \u010das. \ud83d\udc9a<\/p>\n<p>*Krabi\u010dky neobsahuj\u00ed z\u00e1kladn\u00ed v\u00fdtvarn\u00e9 pot\u0159eby jako jsou n\u016f\u017eky, lepidlo, barvy, paleta, \u0161t\u011btce, fixy. Pokud t\u011bmito pot\u0159ebami zat\u00edm nejste vybaveni, m\u016f\u017eete si spolu s objedn\u00e1vkou prvn\u00ed krabi\u010dky objednat tak\u00e9 set z\u00e1kladn\u00edch v\u00fdtvarn\u00fdch pot\u0159eb, kter\u00e9 budete n\u00e1sledn\u011b vyu\u017e\u00edvat i u v\u0161ech dal\u0161\u00edch krabi\u010dek.<\/p>\n<p><em>Produkt obsahuje mal\u00e9 \u010d\u00e1sti a m\u011bl by proto b\u00fdt pou\u017e\u00edv\u00e1n pod dohledem dosp\u011bl\u00fdch. <\/em><\/p>\n<p><em>Barevn\u00e9 kombinace se mohou li\u0161it na z\u00e1klad\u011b skladov\u00fdch z\u00e1sob.<\/em><\/p>\n","protected":false},"excerpt":{"rendered":"<p>Objevte kouzeln\u00fd Sv\u011bt fantazie a nechte d\u011bti tvo\u0159it v \u0159\u00ed\u0161i pln\u00e9 duhov\u00fdch barev, kouzel a poh\u00e1dkov\u00fdch bytost\u00ed. S na\u0161\u00ed kreativn\u00ed krabi\u010dkou si spole\u010dn\u011b vyrob\u00edte t\u0159pytiv\u00e9ho jednoro\u017ece, v\u00edlu k zav\u011b\u0161en\u00ed, barevn\u00e9ho draka, kouzelnou h\u016flku, veselou duhu a mnoh\u00e9 dal\u0161\u00ed. A i pot\u00e9 V\u00e1m st\u00e1le zbyde dostatek materi\u00e1lu pro tvo\u0159en\u00ed zcela dle vlastn\u00ed p\u0159edstavivosti. Nechte d\u011bti, a\u0165 se pono\u0159\u00ed do sv\u011bta barev, tvar\u016f a fantazie \u2013 bez slo\u017eit\u00fdch p\u0159\u00edprav a s jistotou z\u00e1bavy na dlouh\u00e9 hodiny. V\u0161e, co budete pot\u0159ebovat, najdete v krabi\u010dce a m\u016f\u017eete se tak rovnou pustit do tvo\u0159en\u00ed.<\/p>\n","protected":false},"featured_media":796,"template":"","meta":[],"product_brand":[],"product_cat":[48],"product_tag":[],"class_list":{"0":"post-789","1":"product","2":"type-product","3":"status-publish","4":"has-post-thumbnail","6":"product_cat-kreativni-krabicky","8":"first","9":"instock","10":"shipping-taxable","11":"purchasable","12":"product-type-simple"},"yoast_head":"<!-- This site is optimized with the Yoast SEO plugin v24.8.1 - https:\/\/yoast.com\/wordpress\/plugins\/seo\/ -->\n<title>Kreativn\u00ed krabi\u010dka - Sv\u011bt Fantazie - RukaMa<\/title>\n<meta name=\"robots\" content=\"index, follow, max-snippet:-1, max-image-preview:large, max-video-preview:-1\" \/>\n<link rel=\"canonical\" href=\"https:\/\/www.tvorrukama.cz\/?product=kreativni-krabicka-svet-fantasie-aktualni-kveten\" \/>\n<meta property=\"og:locale\" content=\"cs_CZ\" \/>\n<meta property=\"og:type\" content=\"article\" \/>\n<meta property=\"og:title\" content=\"Kreativn\u00ed krabi\u010dka - Sv\u011bt Fantazie - RukaMa\" \/>\n<meta property=\"og:description\" content=\"Objevte kouzeln\u00fd Sv\u011bt fantazie a nechte d\u011bti tvo\u0159it v \u0159\u00ed\u0161i pln\u00e9 duhov\u00fdch barev, kouzel a poh\u00e1dkov\u00fdch bytost\u00ed. S na\u0161\u00ed kreativn\u00ed krabi\u010dkou si spole\u010dn\u011b vyrob\u00edte t\u0159pytiv\u00e9ho jednoro\u017ece, v\u00edlu k zav\u011b\u0161en\u00ed, barevn\u00e9ho draka, kouzelnou h\u016flku, veselou duhu a mnoh\u00e9 dal\u0161\u00ed. A i pot\u00e9 V\u00e1m st\u00e1le zbyde dostatek materi\u00e1lu pro tvo\u0159en\u00ed zcela dle vlastn\u00ed p\u0159edstavivosti. Nechte d\u011bti, a\u0165 se pono\u0159\u00ed do sv\u011bta barev, tvar\u016f a fantazie \u2013 bez slo\u017eit\u00fdch p\u0159\u00edprav a s jistotou z\u00e1bavy na dlouh\u00e9 hodiny. V\u0161e, co budete pot\u0159ebovat, najdete v krabi\u010dce a m\u016f\u017eete se tak rovnou pustit do tvo\u0159en\u00ed.\" \/>\n<meta property=\"og:url\" content=\"https:\/\/www.tvorrukama.cz\/?product=kreativni-krabicka-svet-fantasie-aktualni-kveten\" \/>\n<meta property=\"og:site_name\" content=\"RukaMa\" \/>\n<meta property=\"article:publisher\" content=\"https:\/\/www.facebook.com\/profile.php?id=61572819250284\" \/>\n<meta property=\"article:modified_time\" content=\"2026-02-14T23:31:26+00:00\" \/>\n<meta property=\"og:image\" content=\"https:\/\/www.tvorrukama.cz\/wp-content\/uploads\/2025\/04\/SvetFantasie-Main2.jpg\" \/>\n\t<meta property=\"og:image:width\" content=\"1588\" \/>\n\t<meta property=\"og:image:height\" content=\"1241\" \/>\n\t<meta property=\"og:image:type\" content=\"image\/jpeg\" \/>\n<meta name=\"twitter:card\" content=\"summary_large_image\" \/>\n<meta name=\"twitter:label1\" content=\"Odhadovan\u00e1 doba \u010dten\u00ed\" \/>\n\t<meta name=\"twitter:data1\" content=\"2 minuty\" \/>\n<script type=\"application\/ld+json\" class=\"yoast-schema-graph\">{\"@context\":\"https:\/\/schema.org\",\"@graph\":[{\"@type\":\"WebPage\",\"@id\":\"https:\/\/www.tvorrukama.cz\/?product=kreativni-krabicka-svet-fantasie-aktualni-kveten\",\"url\":\"https:\/\/www.tvorrukama.cz\/?product=kreativni-krabicka-svet-fantasie-aktualni-kveten\",\"name\":\"Kreativn\u00ed krabi\u010dka - Sv\u011bt Fantazie - RukaMa\",\"isPartOf\":{\"@id\":\"https:\/\/www.tvorrukama.cz\/#website\"},\"primaryImageOfPage\":{\"@id\":\"https:\/\/www.tvorrukama.cz\/?product=kreativni-krabicka-svet-fantasie-aktualni-kveten#primaryimage\"},\"image\":{\"@id\":\"https:\/\/www.tvorrukama.cz\/?product=kreativni-krabicka-svet-fantasie-aktualni-kveten#primaryimage\"},\"thumbnailUrl\":\"https:\/\/www.tvorrukama.cz\/wp-content\/uploads\/2025\/04\/SvetFantasie-Main2.jpg\",\"datePublished\":\"2025-04-16T20:18:57+00:00\",\"dateModified\":\"2026-02-14T23:31:26+00:00\",\"breadcrumb\":{\"@id\":\"https:\/\/www.tvorrukama.cz\/?product=kreativni-krabicka-svet-fantasie-aktualni-kveten#breadcrumb\"},\"inLanguage\":\"cs\",\"potentialAction\":[{\"@type\":\"ReadAction\",\"target\":[\"https:\/\/www.tvorrukama.cz\/?product=kreativni-krabicka-svet-fantasie-aktualni-kveten\"]}]},{\"@type\":\"ImageObject\",\"inLanguage\":\"cs\",\"@id\":\"https:\/\/www.tvorrukama.cz\/?product=kreativni-krabicka-svet-fantasie-aktualni-kveten#primaryimage\",\"url\":\"https:\/\/www.tvorrukama.cz\/wp-content\/uploads\/2025\/04\/SvetFantasie-Main2.jpg\",\"contentUrl\":\"https:\/\/www.tvorrukama.cz\/wp-content\/uploads\/2025\/04\/SvetFantasie-Main2.jpg\",\"width\":1588,\"height\":1241},{\"@type\":\"BreadcrumbList\",\"@id\":\"https:\/\/www.tvorrukama.cz\/?product=kreativni-krabicka-svet-fantasie-aktualni-kveten#breadcrumb\",\"itemListElement\":[{\"@type\":\"ListItem\",\"position\":1,\"name\":\"Dom\u016f\",\"item\":\"https:\/\/www.tvorrukama.cz\/\"},{\"@type\":\"ListItem\",\"position\":2,\"name\":\"E-Shop\",\"item\":\"https:\/\/www.tvorrukama.cz\/?page_id=26\"},{\"@type\":\"ListItem\",\"position\":3,\"name\":\"Kreativn\u00ed krabi\u010dka &#8211; Sv\u011bt Fantazie\"}]},{\"@type\":\"WebSite\",\"@id\":\"https:\/\/www.tvorrukama.cz\/#website\",\"url\":\"https:\/\/www.tvorrukama.cz\/\",\"name\":\"RukaMa\",\"description\":\"Kreativn\u00ed krabi\u010dky pro tvo\u0159iv\u00e9 ru\u010di\u010dky\",\"publisher\":{\"@id\":\"https:\/\/www.tvorrukama.cz\/#organization\"},\"potentialAction\":[{\"@type\":\"SearchAction\",\"target\":{\"@type\":\"EntryPoint\",\"urlTemplate\":\"https:\/\/www.tvorrukama.cz\/?s={search_term_string}\"},\"query-input\":{\"@type\":\"PropertyValueSpecification\",\"valueRequired\":true,\"valueName\":\"search_term_string\"}}],\"inLanguage\":\"cs\"},{\"@type\":\"Organization\",\"@id\":\"https:\/\/www.tvorrukama.cz\/#organization\",\"name\":\"RukaMa\",\"url\":\"https:\/\/www.tvorrukama.cz\/\",\"logo\":{\"@type\":\"ImageObject\",\"inLanguage\":\"cs\",\"@id\":\"https:\/\/www.tvorrukama.cz\/#\/schema\/logo\/image\/\",\"url\":\"https:\/\/www.tvorrukama.cz\/wp-content\/uploads\/2025\/02\/Nadpis-1024x829.png\",\"contentUrl\":\"https:\/\/www.tvorrukama.cz\/wp-content\/uploads\/2025\/02\/Nadpis-1024x829.png\",\"width\":1024,\"height\":829,\"caption\":\"RukaMa\"},\"image\":{\"@id\":\"https:\/\/www.tvorrukama.cz\/#\/schema\/logo\/image\/\"},\"sameAs\":[\"https:\/\/www.facebook.com\/profile.php?id=61572819250284\",\"https:\/\/www.instagram.com\/rukama_kreativni_krabicky\"]}]}<\/script>\n<!-- \/ Yoast SEO plugin. -->","yoast_head_json":{"title":"Kreativn\u00ed krabi\u010dka - Sv\u011bt Fantazie - RukaMa","robots":{"index":"index","follow":"follow","max-snippet":"max-snippet:-1","max-image-preview":"max-image-preview:large","max-video-preview":"max-video-preview:-1"},"canonical":"https:\/\/www.tvorrukama.cz\/?product=kreativni-krabicka-svet-fantasie-aktualni-kveten","og_locale":"cs_CZ","og_type":"article","og_title":"Kreativn\u00ed krabi\u010dka - Sv\u011bt Fantazie - RukaMa","og_description":"Objevte kouzeln\u00fd Sv\u011bt fantazie a nechte d\u011bti tvo\u0159it v \u0159\u00ed\u0161i pln\u00e9 duhov\u00fdch barev, kouzel a poh\u00e1dkov\u00fdch bytost\u00ed. S na\u0161\u00ed kreativn\u00ed krabi\u010dkou si spole\u010dn\u011b vyrob\u00edte t\u0159pytiv\u00e9ho jednoro\u017ece, v\u00edlu k zav\u011b\u0161en\u00ed, barevn\u00e9ho draka, kouzelnou h\u016flku, veselou duhu a mnoh\u00e9 dal\u0161\u00ed. A i pot\u00e9 V\u00e1m st\u00e1le zbyde dostatek materi\u00e1lu pro tvo\u0159en\u00ed zcela dle vlastn\u00ed p\u0159edstavivosti. Nechte d\u011bti, a\u0165 se pono\u0159\u00ed do sv\u011bta barev, tvar\u016f a fantazie \u2013 bez slo\u017eit\u00fdch p\u0159\u00edprav a s jistotou z\u00e1bavy na dlouh\u00e9 hodiny. V\u0161e, co budete pot\u0159ebovat, najdete v krabi\u010dce a m\u016f\u017eete se tak rovnou pustit do tvo\u0159en\u00ed.","og_url":"https:\/\/www.tvorrukama.cz\/?product=kreativni-krabicka-svet-fantasie-aktualni-kveten","og_site_name":"RukaMa","article_publisher":"https:\/\/www.facebook.com\/profile.php?id=61572819250284","article_modified_time":"2026-02-14T23:31:26+00:00","og_image":[{"width":1588,"height":1241,"url":"https:\/\/www.tvorrukama.cz\/wp-content\/uploads\/2025\/04\/SvetFantasie-Main2.jpg","type":"image\/jpeg"}],"twitter_card":"summary_large_image","twitter_misc":{"Odhadovan\u00e1 doba \u010dten\u00ed":"2 minuty"},"schema":{"@context":"https:\/\/schema.org","@graph":[{"@type":"WebPage","@id":"https:\/\/www.tvorrukama.cz\/?product=kreativni-krabicka-svet-fantasie-aktualni-kveten","url":"https:\/\/www.tvorrukama.cz\/?product=kreativni-krabicka-svet-fantasie-aktualni-kveten","name":"Kreativn\u00ed krabi\u010dka - Sv\u011bt Fantazie - RukaMa","isPartOf":{"@id":"https:\/\/www.tvorrukama.cz\/#website"},"primaryImageOfPage":{"@id":"https:\/\/www.tvorrukama.cz\/?product=kreativni-krabicka-svet-fantasie-aktualni-kveten#primaryimage"},"image":{"@id":"https:\/\/www.tvorrukama.cz\/?product=kreativni-krabicka-svet-fantasie-aktualni-kveten#primaryimage"},"thumbnailUrl":"https:\/\/www.tvorrukama.cz\/wp-content\/uploads\/2025\/04\/SvetFantasie-Main2.jpg","datePublished":"2025-04-16T20:18:57+00:00","dateModified":"2026-02-14T23:31:26+00:00","breadcrumb":{"@id":"https:\/\/www.tvorrukama.cz\/?product=kreativni-krabicka-svet-fantasie-aktualni-kveten#breadcrumb"},"inLanguage":"cs","potentialAction":[{"@type":"ReadAction","target":["https:\/\/www.tvorrukama.cz\/?product=kreativni-krabicka-svet-fantasie-aktualni-kveten"]}]},{"@type":"ImageObject","inLanguage":"cs","@id":"https:\/\/www.tvorrukama.cz\/?product=kreativni-krabicka-svet-fantasie-aktualni-kveten#primaryimage","url":"https:\/\/www.tvorrukama.cz\/wp-content\/uploads\/2025\/04\/SvetFantasie-Main2.jpg","contentUrl":"https:\/\/www.tvorrukama.cz\/wp-content\/uploads\/2025\/04\/SvetFantasie-Main2.jpg","width":1588,"height":1241},{"@type":"BreadcrumbList","@id":"https:\/\/www.tvorrukama.cz\/?product=kreativni-krabicka-svet-fantasie-aktualni-kveten#breadcrumb","itemListElement":[{"@type":"ListItem","position":1,"name":"Dom\u016f","item":"https:\/\/www.tvorrukama.cz\/"},{"@type":"ListItem","position":2,"name":"E-Shop","item":"https:\/\/www.tvorrukama.cz\/?page_id=26"},{"@type":"ListItem","position":3,"name":"Kreativn\u00ed krabi\u010dka &#8211; Sv\u011bt Fantazie"}]},{"@type":"WebSite","@id":"https:\/\/www.tvorrukama.cz\/#website","url":"https:\/\/www.tvorrukama.cz\/","name":"RukaMa","description":"Kreativn\u00ed krabi\u010dky pro tvo\u0159iv\u00e9 ru\u010di\u010dky","publisher":{"@id":"https:\/\/www.tvorrukama.cz\/#organization"},"potentialAction":[{"@type":"SearchAction","target":{"@type":"EntryPoint","urlTemplate":"https:\/\/www.tvorrukama.cz\/?s={search_term_string}"},"query-input":{"@type":"PropertyValueSpecification","valueRequired":true,"valueName":"search_term_string"}}],"inLanguage":"cs"},{"@type":"Organization","@id":"https:\/\/www.tvorrukama.cz\/#organization","name":"RukaMa","url":"https:\/\/www.tvorrukama.cz\/","logo":{"@type":"ImageObject","inLanguage":"cs","@id":"https:\/\/www.tvorrukama.cz\/#\/schema\/logo\/image\/","url":"https:\/\/www.tvorrukama.cz\/wp-content\/uploads\/2025\/02\/Nadpis-1024x829.png","contentUrl":"https:\/\/www.tvorrukama.cz\/wp-content\/uploads\/2025\/02\/Nadpis-1024x829.png","width":1024,"height":829,"caption":"RukaMa"},"image":{"@id":"https:\/\/www.tvorrukama.cz\/#\/schema\/logo\/image\/"},"sameAs":["https:\/\/www.facebook.com\/profile.php?id=61572819250284","https:\/\/www.instagram.com\/rukama_kreativni_krabicky"]}]}},"_links":{"self":[{"href":"https:\/\/www.tvorrukama.cz\/index.php?rest_route=\/wp\/v2\/product\/789","targetHints":{"allow":["GET"]}}],"collection":[{"href":"https:\/\/www.tvorrukama.cz\/index.php?rest_route=\/wp\/v2\/product"}],"about":[{"href":"https:\/\/www.tvorrukama.cz\/index.php?rest_route=\/wp\/v2\/types\/product"}],"wp:featuredmedia":[{"embeddable":true,"href":"https:\/\/www.tvorrukama.cz\/index.php?rest_route=\/wp\/v2\/media\/796"}],"wp:attachment":[{"href":"https:\/\/www.tvorrukama.cz\/index.php?rest_route=%2Fwp%2Fv2%2Fmedia&parent=789"}],"wp:term":[{"taxonomy":"product_brand","embeddable":true,"href":"https:\/\/www.tvorrukama.cz\/index.php?rest_route=%2Fwp%2Fv2%2Fproduct_brand&post=789"},{"taxonomy":"product_cat","embeddable":true,"href":"https:\/\/www.tvorrukama.cz\/index.php?rest_route=%2Fwp%2Fv2%2Fproduct_cat&post=789"},{"taxonomy":"product_tag","embeddable":true,"href":"https:\/\/www.tvorrukama.cz\/index.php?rest_route=%2Fwp%2Fv2%2Fproduct_tag&post=789"}],"curies":[{"name":"wp","href":"https:\/\/api.w.org\/{rel}","templated":true}]}}