{"id":818,"date":"2025-06-02T22:37:26","date_gmt":"2025-06-02T20:37:26","guid":{"rendered":"https:\/\/www.tvorrukama.cz\/?post_type=product&#038;p=818"},"modified":"2026-03-18T19:44:59","modified_gmt":"2026-03-18T18:44:59","slug":"kreativni-krabicka-podmorsky-svet-aktualni-cerven","status":"publish","type":"product","link":"https:\/\/www.tvorrukama.cz\/?product=kreativni-krabicka-podmorsky-svet-aktualni-cerven","title":{"rendered":"Kreativn\u00ed krabi\u010dka &#8211; Podmo\u0159sk\u00fd sv\u011bt"},"content":{"rendered":"<p><strong>V krabi\u010dce najdete \u0161irokou \u0161k\u00e1lu r\u016fzn\u00fdch materi\u00e1l\u016f*, mezi nimi nap\u0159\u00edklad:<\/strong><\/p>\n<ul>\n<li>Mo\u0159sk\u00e9 lastury<\/li>\n<li>Nalepovac\u00ed kam\u00ednky a perly<\/li>\n<li>Pohybliv\u00e1 o\u010dka<\/li>\n<li>Modelovac\u00ed dr\u00e1tky<\/li>\n<li>Bavlnky, stu\u017eky, silnou p\u0159\u00edzi<\/li>\n<li>Pap\u00edrov\u00e9 ko\u0161\u00ed\u010dky<\/li>\n<li>Kor\u00e1lky a d\u011btskou jehlu<\/li>\n<li>P\u011bnovku \u2013 samolep\u00edc\u00ed, glitrovou, klasickou<\/li>\n<li>Filc<\/li>\n<li>Vlnitou lepenku<\/li>\n<li>Krepov\u00e9 pap\u00edry<\/li>\n<li>D\u0159ev\u011bn\u00e9 kol\u00ed\u010dky<\/li>\n<\/ul>\n<p>V\u00a0p\u0159ilo\u017een\u00e9 sloze najdete r\u016fznobarevn\u00e9 pap\u00edry a kartony a mno\u017estv\u00ed \u0161ablon usnad\u0148uj\u00edc\u00edch tvo\u0159en\u00ed.<\/p>\n<p>Sou\u010d\u00e1st\u00ed je tak\u00e9 20str\u00e1nkov\u00e1 bro\u017eura s\u00a0inspirac\u00ed, n\u00e1vody a n\u00e1pady k\u00a0vytvo\u0159en\u00ed v\u00edce ne\u017e des\u00edtky r\u016fzn\u00fdch v\u00fdrobk\u016f. Najdete v\u00a0n\u00ed fotopostupy i slovn\u00ed popisy, rady a praktick\u00e9 tipy.<\/p>\n<p><strong>Dle n\u00e1vod\u016f si m\u016f\u017eete vyrobit:<\/strong><\/p>\n<ul>\n<li>mo\u0159skou pannu<\/li>\n<li>kol\u00ed\u010dkov\u00e9 mo\u0159sk\u00e9 tvory<\/li>\n<li>med\u00fazy<\/li>\n<li>kraby<\/li>\n<li>mo\u0159sk\u00e9 kor\u00e1ly<\/li>\n<li>\u017eelvy<\/li>\n<li>mu\u0161le<\/li>\n<li>hv\u011bzdice<\/li>\n<li>r\u016fzn\u00e9 druhy rybi\u010dek<\/li>\n<li>a mnoh\u00e9 dal\u0161\u00ed<\/li>\n<\/ul>\n<p><strong>A k tomu v\u0161emu je\u0161t\u011b z\u00e1v\u011bre\u010dn\u00fd velk\u00fd projekt \u2013 vlastn\u00ed kousek mo\u0159e p\u0159\u00edmo v krabici!<\/strong><\/p>\n<p>Nemus\u00edte se nav\u00edc omezovat jen na tvo\u0159en\u00ed z\u00a0bro\u017eury, fantazii Va\u0161ich mal\u00fdch um\u011blc\u016f se meze nekladou. \ud83d\ude0a<\/p>\n<p>\ud83d\udc9a Ka\u017ed\u00e1 krabi\u010dka je ru\u010dn\u011b a s\u00a0l\u00e1skou p\u0159ipravena a testov\u00e1na m\u00fdmi dv\u011bma mal\u00fdmi pomocn\u00edky (zat\u00edm tedy hlavn\u011b t\u00edm star\u0161\u00edm). Ne\u017e se dostane k v\u00e1m, projde tak\u00e9 rukama dal\u0161\u00edch d\u011bt\u00ed v\u00a0m\u00e9m okol\u00ed, kter\u00e9 se s\u00a0nad\u0161en\u00edm pod\u00edlen\u00ed na zkou\u0161en\u00ed jednotliv\u00fdch aktivit. Proto v\u011b\u0159\u00edm, \u017ee i Va\u0161e d\u011bti zaujme a V\u00e1m u\u0161et\u0159\u00ed \u010das (i nervy) a p\u0159inese kvalitn\u011b str\u00e1ven\u00fd spole\u010dn\u00fd \u010das. \ud83d\udc9a<\/p>\n<p>*Krabi\u010dky neobsahuj\u00ed z\u00e1kladn\u00ed v\u00fdtvarn\u00e9 pot\u0159eby jako jsou n\u016f\u017eky, lepidlo, barvy, paleta, \u0161t\u011btce, fixy. Pokud t\u011bmito pot\u0159ebami zat\u00edm nejste vybaveni, m\u016f\u017eete si spolu s objedn\u00e1vkou prvn\u00ed krabi\u010dky objednat tak\u00e9 set z\u00e1kladn\u00edch v\u00fdtvarn\u00fdch pot\u0159eb, kter\u00e9 budete n\u00e1sledn\u011b vyu\u017e\u00edvat i u v\u0161ech dal\u0161\u00edch krabi\u010dek.<\/p>\n<p><em>Produkt obsahuje mal\u00e9 \u010d\u00e1sti a m\u011bl by proto b\u00fdt pou\u017e\u00edv\u00e1n pod dohledem dosp\u011bl\u00fdch. <\/em><\/p>\n<p><em>Barevn\u00e9 kombinace se mohou li\u0161it na z\u00e1klad\u011b skladov\u00fdch z\u00e1sob.<\/em><\/p>\n","protected":false},"excerpt":{"rendered":"<p class=\"Textbody\">Pono\u0159te se s d\u011btmi do Podmo\u0159sk\u00e9ho sv\u011bta. V t\u00e9to kreativn\u00ed krabi\u010dce najdete v\u0161e, co pot\u0159ebujete k v\u00fdrob\u011b mo\u0159sk\u00e9 panny, kor\u00e1l\u016f, med\u00faz, \u017eelv, krab\u016f, \u017eralok\u016f a dal\u0161\u00edch obyvatel mo\u0159\u00ed. A a\u017e budou v\u0161echny v\u00fdtvory hotov\u00e9, \u010dek\u00e1 v\u00e1s je\u0161t\u011b jeden projekt \u2013 vytvo\u0159en\u00ed vlastn\u00edho kousku mo\u0159e p\u0159\u00edmo v krabici!<\/p>\n<p class=\"Textbody\">Krabice je navr\u017een\u00e1 tak, aby bylo tvo\u0159en\u00ed jednoduch\u00e9 a z\u00e1bavn\u00e9 \u2013 bez slo\u017eit\u00e9 p\u0159\u00edpravy a s dostatkem materi\u00e1lu i pro vlastn\u00ed n\u00e1pady. D\u011bti se tak mohou pono\u0159it do tvo\u0159en\u00ed, objevov\u00e1n\u00ed a hry, kdykoli se jim zachce. Sta\u010d\u00ed otev\u0159\u00edt krabi\u010dku a za\u010d\u00edt.<\/p>\n","protected":false},"featured_media":832,"template":"","meta":[],"product_brand":[],"product_cat":[48],"product_tag":[],"class_list":{"0":"post-818","1":"product","2":"type-product","3":"status-publish","4":"has-post-thumbnail","6":"product_cat-kreativni-krabicky","8":"first","9":"instock","10":"shipping-taxable","11":"purchasable","12":"product-type-simple"},"yoast_head":"<!-- This site is optimized with the Yoast SEO plugin v24.8.1 - https:\/\/yoast.com\/wordpress\/plugins\/seo\/ -->\n<title>Kreativn\u00ed krabi\u010dka - Podmo\u0159sk\u00fd sv\u011bt - RukaMa<\/title>\n<meta name=\"robots\" content=\"index, follow, max-snippet:-1, max-image-preview:large, max-video-preview:-1\" \/>\n<link rel=\"canonical\" href=\"https:\/\/www.tvorrukama.cz\/?product=kreativni-krabicka-podmorsky-svet-aktualni-cerven\" \/>\n<meta property=\"og:locale\" content=\"cs_CZ\" \/>\n<meta property=\"og:type\" content=\"article\" \/>\n<meta property=\"og:title\" content=\"Kreativn\u00ed krabi\u010dka - Podmo\u0159sk\u00fd sv\u011bt - RukaMa\" \/>\n<meta property=\"og:description\" content=\"Pono\u0159te se s d\u011btmi do Podmo\u0159sk\u00e9ho sv\u011bta. V t\u00e9to kreativn\u00ed krabi\u010dce najdete v\u0161e, co pot\u0159ebujete k v\u00fdrob\u011b mo\u0159sk\u00e9 panny, kor\u00e1l\u016f, med\u00faz, \u017eelv, krab\u016f, \u017eralok\u016f a dal\u0161\u00edch obyvatel mo\u0159\u00ed. A a\u017e budou v\u0161echny v\u00fdtvory hotov\u00e9, \u010dek\u00e1 v\u00e1s je\u0161t\u011b jeden projekt \u2013 vytvo\u0159en\u00ed vlastn\u00edho kousku mo\u0159e p\u0159\u00edmo v krabici! Krabice je navr\u017een\u00e1 tak, aby bylo tvo\u0159en\u00ed jednoduch\u00e9 a z\u00e1bavn\u00e9 \u2013 bez slo\u017eit\u00e9 p\u0159\u00edpravy a s dostatkem materi\u00e1lu i pro vlastn\u00ed n\u00e1pady. D\u011bti se tak mohou pono\u0159it do tvo\u0159en\u00ed, objevov\u00e1n\u00ed a hry, kdykoli se jim zachce. Sta\u010d\u00ed otev\u0159\u00edt krabi\u010dku a za\u010d\u00edt.\" \/>\n<meta property=\"og:url\" content=\"https:\/\/www.tvorrukama.cz\/?product=kreativni-krabicka-podmorsky-svet-aktualni-cerven\" \/>\n<meta property=\"og:site_name\" content=\"RukaMa\" \/>\n<meta property=\"article:publisher\" content=\"https:\/\/www.facebook.com\/profile.php?id=61572819250284\" \/>\n<meta property=\"article:modified_time\" content=\"2026-03-18T18:44:59+00:00\" \/>\n<meta property=\"og:image\" content=\"https:\/\/www.tvorrukama.cz\/wp-content\/uploads\/2025\/06\/PodmorskySvet_Main2.jpg\" \/>\n\t<meta property=\"og:image:width\" content=\"1588\" \/>\n\t<meta property=\"og:image:height\" content=\"1241\" \/>\n\t<meta property=\"og:image:type\" content=\"image\/jpeg\" \/>\n<meta name=\"twitter:card\" content=\"summary_large_image\" \/>\n<meta name=\"twitter:label1\" content=\"Odhadovan\u00e1 doba \u010dten\u00ed\" \/>\n\t<meta name=\"twitter:data1\" content=\"2 minuty\" \/>\n<script type=\"application\/ld+json\" class=\"yoast-schema-graph\">{\"@context\":\"https:\/\/schema.org\",\"@graph\":[{\"@type\":\"WebPage\",\"@id\":\"https:\/\/www.tvorrukama.cz\/?product=kreativni-krabicka-podmorsky-svet-aktualni-cerven\",\"url\":\"https:\/\/www.tvorrukama.cz\/?product=kreativni-krabicka-podmorsky-svet-aktualni-cerven\",\"name\":\"Kreativn\u00ed krabi\u010dka - Podmo\u0159sk\u00fd sv\u011bt - RukaMa\",\"isPartOf\":{\"@id\":\"https:\/\/www.tvorrukama.cz\/#website\"},\"primaryImageOfPage\":{\"@id\":\"https:\/\/www.tvorrukama.cz\/?product=kreativni-krabicka-podmorsky-svet-aktualni-cerven#primaryimage\"},\"image\":{\"@id\":\"https:\/\/www.tvorrukama.cz\/?product=kreativni-krabicka-podmorsky-svet-aktualni-cerven#primaryimage\"},\"thumbnailUrl\":\"https:\/\/www.tvorrukama.cz\/wp-content\/uploads\/2025\/06\/PodmorskySvet_Main2.jpg\",\"datePublished\":\"2025-06-02T20:37:26+00:00\",\"dateModified\":\"2026-03-18T18:44:59+00:00\",\"breadcrumb\":{\"@id\":\"https:\/\/www.tvorrukama.cz\/?product=kreativni-krabicka-podmorsky-svet-aktualni-cerven#breadcrumb\"},\"inLanguage\":\"cs\",\"potentialAction\":[{\"@type\":\"ReadAction\",\"target\":[\"https:\/\/www.tvorrukama.cz\/?product=kreativni-krabicka-podmorsky-svet-aktualni-cerven\"]}]},{\"@type\":\"ImageObject\",\"inLanguage\":\"cs\",\"@id\":\"https:\/\/www.tvorrukama.cz\/?product=kreativni-krabicka-podmorsky-svet-aktualni-cerven#primaryimage\",\"url\":\"https:\/\/www.tvorrukama.cz\/wp-content\/uploads\/2025\/06\/PodmorskySvet_Main2.jpg\",\"contentUrl\":\"https:\/\/www.tvorrukama.cz\/wp-content\/uploads\/2025\/06\/PodmorskySvet_Main2.jpg\",\"width\":1588,\"height\":1241},{\"@type\":\"BreadcrumbList\",\"@id\":\"https:\/\/www.tvorrukama.cz\/?product=kreativni-krabicka-podmorsky-svet-aktualni-cerven#breadcrumb\",\"itemListElement\":[{\"@type\":\"ListItem\",\"position\":1,\"name\":\"Dom\u016f\",\"item\":\"https:\/\/www.tvorrukama.cz\/\"},{\"@type\":\"ListItem\",\"position\":2,\"name\":\"E-Shop\",\"item\":\"https:\/\/www.tvorrukama.cz\/?page_id=26\"},{\"@type\":\"ListItem\",\"position\":3,\"name\":\"Kreativn\u00ed krabi\u010dka &#8211; Podmo\u0159sk\u00fd sv\u011bt\"}]},{\"@type\":\"WebSite\",\"@id\":\"https:\/\/www.tvorrukama.cz\/#website\",\"url\":\"https:\/\/www.tvorrukama.cz\/\",\"name\":\"RukaMa\",\"description\":\"Kreativn\u00ed krabi\u010dky pro tvo\u0159iv\u00e9 ru\u010di\u010dky\",\"publisher\":{\"@id\":\"https:\/\/www.tvorrukama.cz\/#organization\"},\"potentialAction\":[{\"@type\":\"SearchAction\",\"target\":{\"@type\":\"EntryPoint\",\"urlTemplate\":\"https:\/\/www.tvorrukama.cz\/?s={search_term_string}\"},\"query-input\":{\"@type\":\"PropertyValueSpecification\",\"valueRequired\":true,\"valueName\":\"search_term_string\"}}],\"inLanguage\":\"cs\"},{\"@type\":\"Organization\",\"@id\":\"https:\/\/www.tvorrukama.cz\/#organization\",\"name\":\"RukaMa\",\"url\":\"https:\/\/www.tvorrukama.cz\/\",\"logo\":{\"@type\":\"ImageObject\",\"inLanguage\":\"cs\",\"@id\":\"https:\/\/www.tvorrukama.cz\/#\/schema\/logo\/image\/\",\"url\":\"https:\/\/www.tvorrukama.cz\/wp-content\/uploads\/2025\/02\/Nadpis-1024x829.png\",\"contentUrl\":\"https:\/\/www.tvorrukama.cz\/wp-content\/uploads\/2025\/02\/Nadpis-1024x829.png\",\"width\":1024,\"height\":829,\"caption\":\"RukaMa\"},\"image\":{\"@id\":\"https:\/\/www.tvorrukama.cz\/#\/schema\/logo\/image\/\"},\"sameAs\":[\"https:\/\/www.facebook.com\/profile.php?id=61572819250284\",\"https:\/\/www.instagram.com\/rukama_kreativni_krabicky\"]}]}<\/script>\n<!-- \/ Yoast SEO plugin. -->","yoast_head_json":{"title":"Kreativn\u00ed krabi\u010dka - Podmo\u0159sk\u00fd sv\u011bt - RukaMa","robots":{"index":"index","follow":"follow","max-snippet":"max-snippet:-1","max-image-preview":"max-image-preview:large","max-video-preview":"max-video-preview:-1"},"canonical":"https:\/\/www.tvorrukama.cz\/?product=kreativni-krabicka-podmorsky-svet-aktualni-cerven","og_locale":"cs_CZ","og_type":"article","og_title":"Kreativn\u00ed krabi\u010dka - Podmo\u0159sk\u00fd sv\u011bt - RukaMa","og_description":"Pono\u0159te se s d\u011btmi do Podmo\u0159sk\u00e9ho sv\u011bta. V t\u00e9to kreativn\u00ed krabi\u010dce najdete v\u0161e, co pot\u0159ebujete k v\u00fdrob\u011b mo\u0159sk\u00e9 panny, kor\u00e1l\u016f, med\u00faz, \u017eelv, krab\u016f, \u017eralok\u016f a dal\u0161\u00edch obyvatel mo\u0159\u00ed. A a\u017e budou v\u0161echny v\u00fdtvory hotov\u00e9, \u010dek\u00e1 v\u00e1s je\u0161t\u011b jeden projekt \u2013 vytvo\u0159en\u00ed vlastn\u00edho kousku mo\u0159e p\u0159\u00edmo v krabici! Krabice je navr\u017een\u00e1 tak, aby bylo tvo\u0159en\u00ed jednoduch\u00e9 a z\u00e1bavn\u00e9 \u2013 bez slo\u017eit\u00e9 p\u0159\u00edpravy a s dostatkem materi\u00e1lu i pro vlastn\u00ed n\u00e1pady. D\u011bti se tak mohou pono\u0159it do tvo\u0159en\u00ed, objevov\u00e1n\u00ed a hry, kdykoli se jim zachce. Sta\u010d\u00ed otev\u0159\u00edt krabi\u010dku a za\u010d\u00edt.","og_url":"https:\/\/www.tvorrukama.cz\/?product=kreativni-krabicka-podmorsky-svet-aktualni-cerven","og_site_name":"RukaMa","article_publisher":"https:\/\/www.facebook.com\/profile.php?id=61572819250284","article_modified_time":"2026-03-18T18:44:59+00:00","og_image":[{"width":1588,"height":1241,"url":"https:\/\/www.tvorrukama.cz\/wp-content\/uploads\/2025\/06\/PodmorskySvet_Main2.jpg","type":"image\/jpeg"}],"twitter_card":"summary_large_image","twitter_misc":{"Odhadovan\u00e1 doba \u010dten\u00ed":"2 minuty"},"schema":{"@context":"https:\/\/schema.org","@graph":[{"@type":"WebPage","@id":"https:\/\/www.tvorrukama.cz\/?product=kreativni-krabicka-podmorsky-svet-aktualni-cerven","url":"https:\/\/www.tvorrukama.cz\/?product=kreativni-krabicka-podmorsky-svet-aktualni-cerven","name":"Kreativn\u00ed krabi\u010dka - Podmo\u0159sk\u00fd sv\u011bt - RukaMa","isPartOf":{"@id":"https:\/\/www.tvorrukama.cz\/#website"},"primaryImageOfPage":{"@id":"https:\/\/www.tvorrukama.cz\/?product=kreativni-krabicka-podmorsky-svet-aktualni-cerven#primaryimage"},"image":{"@id":"https:\/\/www.tvorrukama.cz\/?product=kreativni-krabicka-podmorsky-svet-aktualni-cerven#primaryimage"},"thumbnailUrl":"https:\/\/www.tvorrukama.cz\/wp-content\/uploads\/2025\/06\/PodmorskySvet_Main2.jpg","datePublished":"2025-06-02T20:37:26+00:00","dateModified":"2026-03-18T18:44:59+00:00","breadcrumb":{"@id":"https:\/\/www.tvorrukama.cz\/?product=kreativni-krabicka-podmorsky-svet-aktualni-cerven#breadcrumb"},"inLanguage":"cs","potentialAction":[{"@type":"ReadAction","target":["https:\/\/www.tvorrukama.cz\/?product=kreativni-krabicka-podmorsky-svet-aktualni-cerven"]}]},{"@type":"ImageObject","inLanguage":"cs","@id":"https:\/\/www.tvorrukama.cz\/?product=kreativni-krabicka-podmorsky-svet-aktualni-cerven#primaryimage","url":"https:\/\/www.tvorrukama.cz\/wp-content\/uploads\/2025\/06\/PodmorskySvet_Main2.jpg","contentUrl":"https:\/\/www.tvorrukama.cz\/wp-content\/uploads\/2025\/06\/PodmorskySvet_Main2.jpg","width":1588,"height":1241},{"@type":"BreadcrumbList","@id":"https:\/\/www.tvorrukama.cz\/?product=kreativni-krabicka-podmorsky-svet-aktualni-cerven#breadcrumb","itemListElement":[{"@type":"ListItem","position":1,"name":"Dom\u016f","item":"https:\/\/www.tvorrukama.cz\/"},{"@type":"ListItem","position":2,"name":"E-Shop","item":"https:\/\/www.tvorrukama.cz\/?page_id=26"},{"@type":"ListItem","position":3,"name":"Kreativn\u00ed krabi\u010dka &#8211; Podmo\u0159sk\u00fd sv\u011bt"}]},{"@type":"WebSite","@id":"https:\/\/www.tvorrukama.cz\/#website","url":"https:\/\/www.tvorrukama.cz\/","name":"RukaMa","description":"Kreativn\u00ed krabi\u010dky pro tvo\u0159iv\u00e9 ru\u010di\u010dky","publisher":{"@id":"https:\/\/www.tvorrukama.cz\/#organization"},"potentialAction":[{"@type":"SearchAction","target":{"@type":"EntryPoint","urlTemplate":"https:\/\/www.tvorrukama.cz\/?s={search_term_string}"},"query-input":{"@type":"PropertyValueSpecification","valueRequired":true,"valueName":"search_term_string"}}],"inLanguage":"cs"},{"@type":"Organization","@id":"https:\/\/www.tvorrukama.cz\/#organization","name":"RukaMa","url":"https:\/\/www.tvorrukama.cz\/","logo":{"@type":"ImageObject","inLanguage":"cs","@id":"https:\/\/www.tvorrukama.cz\/#\/schema\/logo\/image\/","url":"https:\/\/www.tvorrukama.cz\/wp-content\/uploads\/2025\/02\/Nadpis-1024x829.png","contentUrl":"https:\/\/www.tvorrukama.cz\/wp-content\/uploads\/2025\/02\/Nadpis-1024x829.png","width":1024,"height":829,"caption":"RukaMa"},"image":{"@id":"https:\/\/www.tvorrukama.cz\/#\/schema\/logo\/image\/"},"sameAs":["https:\/\/www.facebook.com\/profile.php?id=61572819250284","https:\/\/www.instagram.com\/rukama_kreativni_krabicky"]}]}},"_links":{"self":[{"href":"https:\/\/www.tvorrukama.cz\/index.php?rest_route=\/wp\/v2\/product\/818","targetHints":{"allow":["GET"]}}],"collection":[{"href":"https:\/\/www.tvorrukama.cz\/index.php?rest_route=\/wp\/v2\/product"}],"about":[{"href":"https:\/\/www.tvorrukama.cz\/index.php?rest_route=\/wp\/v2\/types\/product"}],"wp:featuredmedia":[{"embeddable":true,"href":"https:\/\/www.tvorrukama.cz\/index.php?rest_route=\/wp\/v2\/media\/832"}],"wp:attachment":[{"href":"https:\/\/www.tvorrukama.cz\/index.php?rest_route=%2Fwp%2Fv2%2Fmedia&parent=818"}],"wp:term":[{"taxonomy":"product_brand","embeddable":true,"href":"https:\/\/www.tvorrukama.cz\/index.php?rest_route=%2Fwp%2Fv2%2Fproduct_brand&post=818"},{"taxonomy":"product_cat","embeddable":true,"href":"https:\/\/www.tvorrukama.cz\/index.php?rest_route=%2Fwp%2Fv2%2Fproduct_cat&post=818"},{"taxonomy":"product_tag","embeddable":true,"href":"https:\/\/www.tvorrukama.cz\/index.php?rest_route=%2Fwp%2Fv2%2Fproduct_tag&post=818"}],"curies":[{"name":"wp","href":"https:\/\/api.w.org\/{rel}","templated":true}]}}