{"id":999,"date":"2026-02-22T20:14:49","date_gmt":"2026-02-22T19:14:49","guid":{"rendered":"https:\/\/www.tvorrukama.cz\/?post_type=product&#038;p=999"},"modified":"2026-02-25T13:23:12","modified_gmt":"2026-02-25T12:23:12","slug":"kreativni-krabicka-vesmirne-dobrodruzstvi","status":"publish","type":"product","link":"https:\/\/www.tvorrukama.cz\/?product=kreativni-krabicka-vesmirne-dobrodruzstvi","title":{"rendered":"Kreativn\u00ed krabi\u010dka &#8211; Vesm\u00edrn\u00e9 dobrodru\u017estv\u00ed"},"content":{"rendered":"<p><strong>V krabi\u010dce najdete \u0161irokou \u0161k\u00e1lu r\u016fzn\u00fdch materi\u00e1l\u016f*, mezi nimi nap\u0159\u00edklad:<\/strong><\/p>\n<ul>\n<li>Bavlnky sv\u00edt\u00edc\u00ed ve tm\u011b<\/li>\n<li>Pohybliv\u00e1 o\u010dka r\u016fzn\u00fdch velikost\u00ed<\/li>\n<li>Samolepic\u00ed t\u0159pytivou p\u011bnovku a filc<\/li>\n<li>T\u0159pytky a flitry<\/li>\n<li>Modelovac\u00ed dr\u00e1tky<\/li>\n<li>Kor\u00e1lky a d\u011btskou jehlu<\/li>\n<li>Vlnitou lepenku<\/li>\n<li>Krepov\u00e9 pap\u00edry<\/li>\n<li>Z\u00e1klady pro v\u00fdrobu vlastn\u00edch planet<\/li>\n<\/ul>\n<p>V\u00a0p\u0159ilo\u017een\u00e9 sloze najdete r\u016fznobarevn\u00e9 pap\u00edry a kartony a mno\u017estv\u00ed \u0161ablon usnad\u0148uj\u00edc\u00edch tvo\u0159en\u00ed.<\/p>\n<p>Sou\u010d\u00e1st\u00ed je tak\u00e9 16str\u00e1nkov\u00e1 bro\u017eura s inspirac\u00ed, n\u00e1vody a n\u00e1pady k vytvo\u0159en\u00ed v\u00edce ne\u017e des\u00edtky r\u016fzn\u00fdch v\u00fdrobk\u016f. Najdete v n\u00ed fotopostupy i slovn\u00ed popisy, rady a praktick\u00e9 tipy.<\/p>\n<p><strong>Dle n\u00e1vod\u016f si m\u016f\u017eete vyrobit:<\/strong><\/p>\n<ul>\n<li>z\u00e1v\u011bsn\u00fd model vesm\u00edru<\/li>\n<li>kosmonautskou helmu<\/li>\n<li>dv\u011b l\u00e9taj\u00edc\u00ed vesm\u00edrn\u00e9 rakety na r\u016fzn\u00e9m principu<\/li>\n<li>mimozem\u0161\u0165any<\/li>\n<li>UFO<\/li>\n<li>souhv\u011bzd\u00ed sv\u00edt\u00edc\u00ed ve tm\u011b<\/li>\n<li>vesm\u00edrnou mlhovinu<\/li>\n<\/ul>\n<p><strong>D\u011bti se p\u0159i tvo\u0159en\u00ed zabav\u00ed na dlouh\u00e9 hodiny a z\u00e1rove\u0148 procvi\u010d\u00ed jemnou motoriku, rozvinou kreativitu a hravou formou se dozv\u011bd\u00ed spoustu zaj\u00edmavost\u00ed o vesm\u00edru.<\/strong><\/p>\n<p>Nemus\u00edte se nav\u00edc omezovat jen na tvo\u0159en\u00ed z\u00a0bro\u017eury, fantazii Va\u0161ich mal\u00fdch um\u011blc\u016f se meze nekladou. \ud83d\ude0a<\/p>\n<p>\ud83d\udc9a Ka\u017ed\u00e1 krabi\u010dka je ru\u010dn\u011b a s\u00a0l\u00e1skou p\u0159ipravena a testov\u00e1na m\u00fdmi dv\u011bma mal\u00fdmi pomocn\u00edky (zat\u00edm tedy hlavn\u011b t\u00edm star\u0161\u00edm). Ne\u017e se dostane k v\u00e1m, projde tak\u00e9 rukama dal\u0161\u00edch d\u011bt\u00ed v\u00a0m\u00e9m okol\u00ed, kter\u00e9 se s\u00a0nad\u0161en\u00edm pod\u00edlen\u00ed na zkou\u0161en\u00ed jednotliv\u00fdch aktivit. Proto v\u011b\u0159\u00edm, \u017ee i Va\u0161e d\u011bti zaujme a V\u00e1m u\u0161et\u0159\u00ed \u010das (i nervy) a p\u0159inese kvalitn\u011b str\u00e1ven\u00fd spole\u010dn\u00fd \u010das. \ud83d\udc9a<\/p>\n<p>*Krabi\u010dky neobsahuj\u00ed z\u00e1kladn\u00ed v\u00fdtvarn\u00e9 pot\u0159eby jako jsou n\u016f\u017eky, lepidlo, barvy, paleta, \u0161t\u011btce, fixy. Pokud t\u011bmito pot\u0159ebami zat\u00edm nejste vybaveni, m\u016f\u017eete si spolu s objedn\u00e1vkou prvn\u00ed krabi\u010dky objednat tak\u00e9 set z\u00e1kladn\u00edch v\u00fdtvarn\u00fdch pot\u0159eb, kter\u00e9 budete n\u00e1sledn\u011b vyu\u017e\u00edvat i u v\u0161ech dal\u0161\u00edch krabi\u010dek.<\/p>\n<p><em>Produkt obsahuje mal\u00e9 \u010d\u00e1sti a m\u011bl by proto b\u00fdt pou\u017e\u00edv\u00e1n pod dohledem dosp\u011bl\u00fdch. <\/em><\/p>\n<p><em>Barevn\u00e9 kombinace se mohou li\u0161it na z\u00e1klad\u011b skladov\u00fdch z\u00e1sob.<\/em><\/p>\n","protected":false},"excerpt":{"rendered":"<p>Prozkoumejte s d\u011btmi vesm\u00edr kreativn\u00edm zp\u016fsobem. V t\u00e9to krabi\u010dce najdete v\u0161e pot\u0159ebn\u00e9 k v\u00fdrob\u011b kosmonautsk\u00e9 helmy, l\u00e9taj\u00edc\u00ed rakety i mimozem\u0161\u0165an\u016f. Vytvo\u0159\u00edte si tak\u00e9 UFO a t\u0159pytivou vesm\u00edrnou mlhovinu ve sklenici. D\u011bti nadchnou i v\u00fdrobky s\u00a0prvky sv\u00edt\u00edc\u00edmi ve tm\u011b. Nejv\u011bt\u0161\u00edm projektem je z\u00e1v\u011bsn\u00fd model vesm\u00edru, kter\u00fd se stane jedine\u010dnou dekorac\u00ed d\u011btsk\u00e9ho pokoje.<\/p>\n<p>Krabi\u010dka je navr\u017een\u00e1 tak, aby bylo tvo\u0159en\u00ed jednoduch\u00e9 a pln\u00e9 radosti \u2013 bez slo\u017eit\u00e9 p\u0159\u00edpravy a s dostatkem materi\u00e1lu i pro vlastn\u00ed fantazii. Sta\u010d\u00ed otev\u0159\u00edt krabi\u010dku a vydat se na vesm\u00edrn\u00e9 dobrodru\u017estv\u00ed. \ud83d\ude80<\/p>\n<p><strong>Odes\u00edl\u00e1me od 27. 2.<\/strong><\/p>\n","protected":false},"featured_media":1000,"template":"","meta":[],"product_brand":[],"product_cat":[48],"product_tag":[],"class_list":{"0":"post-999","1":"product","2":"type-product","3":"status-publish","4":"has-post-thumbnail","6":"product_cat-kreativni-krabicky","8":"first","9":"instock","10":"shipping-taxable","11":"purchasable","12":"product-type-simple"},"yoast_head":"<!-- This site is optimized with the Yoast SEO plugin v24.8.1 - https:\/\/yoast.com\/wordpress\/plugins\/seo\/ -->\n<title>Kreativn\u00ed krabi\u010dka - Vesm\u00edrn\u00e9 dobrodru\u017estv\u00ed - RukaMa<\/title>\n<meta name=\"robots\" content=\"index, follow, max-snippet:-1, max-image-preview:large, max-video-preview:-1\" \/>\n<link rel=\"canonical\" href=\"https:\/\/www.tvorrukama.cz\/?product=kreativni-krabicka-vesmirne-dobrodruzstvi\" \/>\n<meta property=\"og:locale\" content=\"cs_CZ\" \/>\n<meta property=\"og:type\" content=\"article\" \/>\n<meta property=\"og:title\" content=\"Kreativn\u00ed krabi\u010dka - Vesm\u00edrn\u00e9 dobrodru\u017estv\u00ed - RukaMa\" \/>\n<meta property=\"og:description\" content=\"Prozkoumejte s d\u011btmi vesm\u00edr kreativn\u00edm zp\u016fsobem. V t\u00e9to krabi\u010dce najdete v\u0161e pot\u0159ebn\u00e9 k v\u00fdrob\u011b kosmonautsk\u00e9 helmy, l\u00e9taj\u00edc\u00ed rakety i mimozem\u0161\u0165an\u016f. Vytvo\u0159\u00edte si tak\u00e9 UFO a t\u0159pytivou vesm\u00edrnou mlhovinu ve sklenici. D\u011bti nadchnou i v\u00fdrobky s\u00a0prvky sv\u00edt\u00edc\u00edmi ve tm\u011b. Nejv\u011bt\u0161\u00edm projektem je z\u00e1v\u011bsn\u00fd model vesm\u00edru, kter\u00fd se stane jedine\u010dnou dekorac\u00ed d\u011btsk\u00e9ho pokoje.  Krabi\u010dka je navr\u017een\u00e1 tak, aby bylo tvo\u0159en\u00ed jednoduch\u00e9 a pln\u00e9 radosti \u2013 bez slo\u017eit\u00e9 p\u0159\u00edpravy a s dostatkem materi\u00e1lu i pro vlastn\u00ed fantazii. Sta\u010d\u00ed otev\u0159\u00edt krabi\u010dku a vydat se na vesm\u00edrn\u00e9 dobrodru\u017estv\u00ed. \ud83d\ude80  Odes\u00edl\u00e1me od 27. 2.\" \/>\n<meta property=\"og:url\" content=\"https:\/\/www.tvorrukama.cz\/?product=kreativni-krabicka-vesmirne-dobrodruzstvi\" \/>\n<meta property=\"og:site_name\" content=\"RukaMa\" \/>\n<meta property=\"article:publisher\" content=\"https:\/\/www.facebook.com\/profile.php?id=61572819250284\" \/>\n<meta property=\"article:modified_time\" content=\"2026-02-25T12:23:12+00:00\" \/>\n<meta property=\"og:image\" content=\"https:\/\/www.tvorrukama.cz\/wp-content\/uploads\/2026\/02\/MAIN.jpg\" \/>\n\t<meta property=\"og:image:width\" content=\"1587\" \/>\n\t<meta property=\"og:image:height\" content=\"1248\" \/>\n\t<meta property=\"og:image:type\" content=\"image\/jpeg\" \/>\n<meta name=\"twitter:card\" content=\"summary_large_image\" \/>\n<meta name=\"twitter:label1\" content=\"Odhadovan\u00e1 doba \u010dten\u00ed\" \/>\n\t<meta name=\"twitter:data1\" content=\"2 minuty\" \/>\n<script type=\"application\/ld+json\" class=\"yoast-schema-graph\">{\"@context\":\"https:\/\/schema.org\",\"@graph\":[{\"@type\":\"WebPage\",\"@id\":\"https:\/\/www.tvorrukama.cz\/?product=kreativni-krabicka-vesmirne-dobrodruzstvi\",\"url\":\"https:\/\/www.tvorrukama.cz\/?product=kreativni-krabicka-vesmirne-dobrodruzstvi\",\"name\":\"Kreativn\u00ed krabi\u010dka - Vesm\u00edrn\u00e9 dobrodru\u017estv\u00ed - RukaMa\",\"isPartOf\":{\"@id\":\"https:\/\/www.tvorrukama.cz\/#website\"},\"primaryImageOfPage\":{\"@id\":\"https:\/\/www.tvorrukama.cz\/?product=kreativni-krabicka-vesmirne-dobrodruzstvi#primaryimage\"},\"image\":{\"@id\":\"https:\/\/www.tvorrukama.cz\/?product=kreativni-krabicka-vesmirne-dobrodruzstvi#primaryimage\"},\"thumbnailUrl\":\"https:\/\/www.tvorrukama.cz\/wp-content\/uploads\/2026\/02\/MAIN.jpg\",\"datePublished\":\"2026-02-22T19:14:49+00:00\",\"dateModified\":\"2026-02-25T12:23:12+00:00\",\"breadcrumb\":{\"@id\":\"https:\/\/www.tvorrukama.cz\/?product=kreativni-krabicka-vesmirne-dobrodruzstvi#breadcrumb\"},\"inLanguage\":\"cs\",\"potentialAction\":[{\"@type\":\"ReadAction\",\"target\":[\"https:\/\/www.tvorrukama.cz\/?product=kreativni-krabicka-vesmirne-dobrodruzstvi\"]}]},{\"@type\":\"ImageObject\",\"inLanguage\":\"cs\",\"@id\":\"https:\/\/www.tvorrukama.cz\/?product=kreativni-krabicka-vesmirne-dobrodruzstvi#primaryimage\",\"url\":\"https:\/\/www.tvorrukama.cz\/wp-content\/uploads\/2026\/02\/MAIN.jpg\",\"contentUrl\":\"https:\/\/www.tvorrukama.cz\/wp-content\/uploads\/2026\/02\/MAIN.jpg\",\"width\":1587,\"height\":1248},{\"@type\":\"BreadcrumbList\",\"@id\":\"https:\/\/www.tvorrukama.cz\/?product=kreativni-krabicka-vesmirne-dobrodruzstvi#breadcrumb\",\"itemListElement\":[{\"@type\":\"ListItem\",\"position\":1,\"name\":\"Dom\u016f\",\"item\":\"https:\/\/www.tvorrukama.cz\/\"},{\"@type\":\"ListItem\",\"position\":2,\"name\":\"E-Shop\",\"item\":\"https:\/\/www.tvorrukama.cz\/?page_id=26\"},{\"@type\":\"ListItem\",\"position\":3,\"name\":\"Kreativn\u00ed krabi\u010dka &#8211; Vesm\u00edrn\u00e9 dobrodru\u017estv\u00ed\"}]},{\"@type\":\"WebSite\",\"@id\":\"https:\/\/www.tvorrukama.cz\/#website\",\"url\":\"https:\/\/www.tvorrukama.cz\/\",\"name\":\"RukaMa\",\"description\":\"Kreativn\u00ed krabi\u010dky pro tvo\u0159iv\u00e9 ru\u010di\u010dky\",\"publisher\":{\"@id\":\"https:\/\/www.tvorrukama.cz\/#organization\"},\"potentialAction\":[{\"@type\":\"SearchAction\",\"target\":{\"@type\":\"EntryPoint\",\"urlTemplate\":\"https:\/\/www.tvorrukama.cz\/?s={search_term_string}\"},\"query-input\":{\"@type\":\"PropertyValueSpecification\",\"valueRequired\":true,\"valueName\":\"search_term_string\"}}],\"inLanguage\":\"cs\"},{\"@type\":\"Organization\",\"@id\":\"https:\/\/www.tvorrukama.cz\/#organization\",\"name\":\"RukaMa\",\"url\":\"https:\/\/www.tvorrukama.cz\/\",\"logo\":{\"@type\":\"ImageObject\",\"inLanguage\":\"cs\",\"@id\":\"https:\/\/www.tvorrukama.cz\/#\/schema\/logo\/image\/\",\"url\":\"https:\/\/www.tvorrukama.cz\/wp-content\/uploads\/2025\/02\/Nadpis-1024x829.png\",\"contentUrl\":\"https:\/\/www.tvorrukama.cz\/wp-content\/uploads\/2025\/02\/Nadpis-1024x829.png\",\"width\":1024,\"height\":829,\"caption\":\"RukaMa\"},\"image\":{\"@id\":\"https:\/\/www.tvorrukama.cz\/#\/schema\/logo\/image\/\"},\"sameAs\":[\"https:\/\/www.facebook.com\/profile.php?id=61572819250284\",\"https:\/\/www.instagram.com\/rukama_kreativni_krabicky\"]}]}<\/script>\n<!-- \/ Yoast SEO plugin. -->","yoast_head_json":{"title":"Kreativn\u00ed krabi\u010dka - Vesm\u00edrn\u00e9 dobrodru\u017estv\u00ed - RukaMa","robots":{"index":"index","follow":"follow","max-snippet":"max-snippet:-1","max-image-preview":"max-image-preview:large","max-video-preview":"max-video-preview:-1"},"canonical":"https:\/\/www.tvorrukama.cz\/?product=kreativni-krabicka-vesmirne-dobrodruzstvi","og_locale":"cs_CZ","og_type":"article","og_title":"Kreativn\u00ed krabi\u010dka - Vesm\u00edrn\u00e9 dobrodru\u017estv\u00ed - RukaMa","og_description":"Prozkoumejte s d\u011btmi vesm\u00edr kreativn\u00edm zp\u016fsobem. V t\u00e9to krabi\u010dce najdete v\u0161e pot\u0159ebn\u00e9 k v\u00fdrob\u011b kosmonautsk\u00e9 helmy, l\u00e9taj\u00edc\u00ed rakety i mimozem\u0161\u0165an\u016f. Vytvo\u0159\u00edte si tak\u00e9 UFO a t\u0159pytivou vesm\u00edrnou mlhovinu ve sklenici. D\u011bti nadchnou i v\u00fdrobky s\u00a0prvky sv\u00edt\u00edc\u00edmi ve tm\u011b. Nejv\u011bt\u0161\u00edm projektem je z\u00e1v\u011bsn\u00fd model vesm\u00edru, kter\u00fd se stane jedine\u010dnou dekorac\u00ed d\u011btsk\u00e9ho pokoje.  Krabi\u010dka je navr\u017een\u00e1 tak, aby bylo tvo\u0159en\u00ed jednoduch\u00e9 a pln\u00e9 radosti \u2013 bez slo\u017eit\u00e9 p\u0159\u00edpravy a s dostatkem materi\u00e1lu i pro vlastn\u00ed fantazii. Sta\u010d\u00ed otev\u0159\u00edt krabi\u010dku a vydat se na vesm\u00edrn\u00e9 dobrodru\u017estv\u00ed. \ud83d\ude80  Odes\u00edl\u00e1me od 27. 2.","og_url":"https:\/\/www.tvorrukama.cz\/?product=kreativni-krabicka-vesmirne-dobrodruzstvi","og_site_name":"RukaMa","article_publisher":"https:\/\/www.facebook.com\/profile.php?id=61572819250284","article_modified_time":"2026-02-25T12:23:12+00:00","og_image":[{"width":1587,"height":1248,"url":"https:\/\/www.tvorrukama.cz\/wp-content\/uploads\/2026\/02\/MAIN.jpg","type":"image\/jpeg"}],"twitter_card":"summary_large_image","twitter_misc":{"Odhadovan\u00e1 doba \u010dten\u00ed":"2 minuty"},"schema":{"@context":"https:\/\/schema.org","@graph":[{"@type":"WebPage","@id":"https:\/\/www.tvorrukama.cz\/?product=kreativni-krabicka-vesmirne-dobrodruzstvi","url":"https:\/\/www.tvorrukama.cz\/?product=kreativni-krabicka-vesmirne-dobrodruzstvi","name":"Kreativn\u00ed krabi\u010dka - Vesm\u00edrn\u00e9 dobrodru\u017estv\u00ed - RukaMa","isPartOf":{"@id":"https:\/\/www.tvorrukama.cz\/#website"},"primaryImageOfPage":{"@id":"https:\/\/www.tvorrukama.cz\/?product=kreativni-krabicka-vesmirne-dobrodruzstvi#primaryimage"},"image":{"@id":"https:\/\/www.tvorrukama.cz\/?product=kreativni-krabicka-vesmirne-dobrodruzstvi#primaryimage"},"thumbnailUrl":"https:\/\/www.tvorrukama.cz\/wp-content\/uploads\/2026\/02\/MAIN.jpg","datePublished":"2026-02-22T19:14:49+00:00","dateModified":"2026-02-25T12:23:12+00:00","breadcrumb":{"@id":"https:\/\/www.tvorrukama.cz\/?product=kreativni-krabicka-vesmirne-dobrodruzstvi#breadcrumb"},"inLanguage":"cs","potentialAction":[{"@type":"ReadAction","target":["https:\/\/www.tvorrukama.cz\/?product=kreativni-krabicka-vesmirne-dobrodruzstvi"]}]},{"@type":"ImageObject","inLanguage":"cs","@id":"https:\/\/www.tvorrukama.cz\/?product=kreativni-krabicka-vesmirne-dobrodruzstvi#primaryimage","url":"https:\/\/www.tvorrukama.cz\/wp-content\/uploads\/2026\/02\/MAIN.jpg","contentUrl":"https:\/\/www.tvorrukama.cz\/wp-content\/uploads\/2026\/02\/MAIN.jpg","width":1587,"height":1248},{"@type":"BreadcrumbList","@id":"https:\/\/www.tvorrukama.cz\/?product=kreativni-krabicka-vesmirne-dobrodruzstvi#breadcrumb","itemListElement":[{"@type":"ListItem","position":1,"name":"Dom\u016f","item":"https:\/\/www.tvorrukama.cz\/"},{"@type":"ListItem","position":2,"name":"E-Shop","item":"https:\/\/www.tvorrukama.cz\/?page_id=26"},{"@type":"ListItem","position":3,"name":"Kreativn\u00ed krabi\u010dka &#8211; Vesm\u00edrn\u00e9 dobrodru\u017estv\u00ed"}]},{"@type":"WebSite","@id":"https:\/\/www.tvorrukama.cz\/#website","url":"https:\/\/www.tvorrukama.cz\/","name":"RukaMa","description":"Kreativn\u00ed krabi\u010dky pro tvo\u0159iv\u00e9 ru\u010di\u010dky","publisher":{"@id":"https:\/\/www.tvorrukama.cz\/#organization"},"potentialAction":[{"@type":"SearchAction","target":{"@type":"EntryPoint","urlTemplate":"https:\/\/www.tvorrukama.cz\/?s={search_term_string}"},"query-input":{"@type":"PropertyValueSpecification","valueRequired":true,"valueName":"search_term_string"}}],"inLanguage":"cs"},{"@type":"Organization","@id":"https:\/\/www.tvorrukama.cz\/#organization","name":"RukaMa","url":"https:\/\/www.tvorrukama.cz\/","logo":{"@type":"ImageObject","inLanguage":"cs","@id":"https:\/\/www.tvorrukama.cz\/#\/schema\/logo\/image\/","url":"https:\/\/www.tvorrukama.cz\/wp-content\/uploads\/2025\/02\/Nadpis-1024x829.png","contentUrl":"https:\/\/www.tvorrukama.cz\/wp-content\/uploads\/2025\/02\/Nadpis-1024x829.png","width":1024,"height":829,"caption":"RukaMa"},"image":{"@id":"https:\/\/www.tvorrukama.cz\/#\/schema\/logo\/image\/"},"sameAs":["https:\/\/www.facebook.com\/profile.php?id=61572819250284","https:\/\/www.instagram.com\/rukama_kreativni_krabicky"]}]}},"_links":{"self":[{"href":"https:\/\/www.tvorrukama.cz\/index.php?rest_route=\/wp\/v2\/product\/999","targetHints":{"allow":["GET"]}}],"collection":[{"href":"https:\/\/www.tvorrukama.cz\/index.php?rest_route=\/wp\/v2\/product"}],"about":[{"href":"https:\/\/www.tvorrukama.cz\/index.php?rest_route=\/wp\/v2\/types\/product"}],"wp:featuredmedia":[{"embeddable":true,"href":"https:\/\/www.tvorrukama.cz\/index.php?rest_route=\/wp\/v2\/media\/1000"}],"wp:attachment":[{"href":"https:\/\/www.tvorrukama.cz\/index.php?rest_route=%2Fwp%2Fv2%2Fmedia&parent=999"}],"wp:term":[{"taxonomy":"product_brand","embeddable":true,"href":"https:\/\/www.tvorrukama.cz\/index.php?rest_route=%2Fwp%2Fv2%2Fproduct_brand&post=999"},{"taxonomy":"product_cat","embeddable":true,"href":"https:\/\/www.tvorrukama.cz\/index.php?rest_route=%2Fwp%2Fv2%2Fproduct_cat&post=999"},{"taxonomy":"product_tag","embeddable":true,"href":"https:\/\/www.tvorrukama.cz\/index.php?rest_route=%2Fwp%2Fv2%2Fproduct_tag&post=999"}],"curies":[{"name":"wp","href":"https:\/\/api.w.org\/{rel}","templated":true}]}}